{"id":1241,"date":"2024-09-05T12:09:31","date_gmt":"2024-09-05T12:09:31","guid":{"rendered":"https:\/\/breakthrought1d.eu\/nl\/?page_id=1241"},"modified":"2024-09-23T11:22:22","modified_gmt":"2024-09-23T11:22:22","slug":"vrijwilligers","status":"publish","type":"page","link":"https:\/\/breakthrought1d.eu\/nl\/vrijwilligers\/","title":{"rendered":"Vrijwilligers"},"content":{"rendered":"<div class=\"wp-block-jdrf-hero\">\n\t<div class=\"wp-block-jdrf-hero__content-wrap has-blue-background-color has-white-color\">\n\t\t\t\t\t<h1 class=\"wp-block-jdrf-hero__title\">\n\t\t\t\tVrijwilligers\t\t\t<\/h1>\n\t\t\n\t\t\t\t\t<p class=\"wp-block-jdrf-hero__description\">\n\t\t\t\tBreakthrough T1D Nederland kan niet zonder vrijwilligers. Op onze informatieavonden en tijdens de jaarlijkse Breakthrough T1D One Walk, MedTech of andere evenementen. Maar ook voor voorlichting, onze sociale media en andere activiteiten kunnen wij gebruikmaken van ons team enthousiaste, toegewijde vrijwilligers.\t\t\t<\/p>\n\t\t\n\t\t\t<\/div>\n\n\t<figure class=\"wp-block-jdrf-hero__image-wrapper\">\n\t\t\n<svg xmlns=\"http:\/\/www.w3.org\/2000\/svg\" width=\"182.292\" height=\"545\" viewBox=\"0 0 182.292 545\" preserveAspectRatio=\"xMinYMax\" class=\"curve-circle--desktop\"><path d=\"M182.292,661H0V116H181.305A388.493,388.493,0,0,0,99.836,238.525,386.046,386.046,0,0,0,77.71,310.648c-2.535,12.531-4.47,25.356-5.751,38.116C70.659,361.71,70,374.911,70,388a394.188,394.188,0,0,0,1.978,39.418c1.294,12.819,3.247,25.7,5.806,38.289a385.884,385.884,0,0,0,57.677,138.032A390.8,390.8,0,0,0,182.29,661l0,0h0Z\" transform=\"translate(0 -116)\" fill=\"#002bff\" \/><\/svg>\n\t\t\n<svg xmlns=\"http:\/\/www.w3.org\/2000\/svg\" width=\"545\" height=\"182.292\" viewBox=\"0 0 545 182.292\" preserveAspectRatio=\"xMinYMax\" class=\"curve-circle--mobile\"><path d=\"M182.292,661H0V116H181.305A388.493,388.493,0,0,0,99.836,238.525,386.046,386.046,0,0,0,77.71,310.648c-2.535,12.531-4.47,25.356-5.751,38.116C70.659,361.71,70,374.911,70,388a394.188,394.188,0,0,0,1.978,39.418c1.294,12.819,3.247,25.7,5.806,38.289a385.884,385.884,0,0,0,57.677,138.032A390.8,390.8,0,0,0,182.29,661l0,0h0Z\" transform=\"translate(-116 182.292) rotate(-90)\" fill=\"#002bff\" \/><\/svg>\n\t\t<img loading=\"lazy\" decoding=\"async\" width=\"700\" height=\"500\" src=\"https:\/\/breakthrought1d.eu\/nl\/wp-content\/uploads\/2024\/09\/vrijwilliger2024.jpg\" class=\"wp-block-jdrf-hero__image\" alt=\"\" style=\"object-position: 100% 100%;\" srcset=\"https:\/\/breakthrought1d.eu\/nl\/wp-content\/uploads\/2024\/09\/vrijwilliger2024.jpg 700w, https:\/\/breakthrought1d.eu\/nl\/wp-content\/uploads\/2024\/09\/vrijwilliger2024-300x214.jpg 300w\" sizes=\"auto, (max-width: 700px) 100vw, 700px\" \/>\t<\/figure>\n<\/div>\n\n\n\n<div class=\"wp-block-group alignfull is-layout-constrained wp-block-group-is-layout-constrained\">\n<div class=\"wp-block-columns is-layout-flex wp-container-core-columns-is-layout-28f84493 wp-block-columns-is-layout-flex\">\n<div class=\"wp-block-column is-layout-flow wp-block-column-is-layout-flow\" style=\"flex-basis:33.33%\">\n<h4 class=\"wp-block-heading\" id=\"samen-maken-we-van-type-een-type-geen\">Samen maken we van type \u00e9\u00e9n, type g\u00e9\u00e9n!<\/h4>\n<\/div>\n\n\n\n<div class=\"wp-block-column is-layout-flow wp-block-column-is-layout-flow\" style=\"flex-basis:66.66%\">\n<p style=\"margin-bottom:var(--wp--preset--spacing--40)\">Wil jij je ook samen met Breakthrough T1D inzetten om type 1 diabetes de wereld uit te helpen? Neem contact met ons op. Wie weet komen we tot een mooie samenwerking. Vul onderstaand formulier in. Dan sturen we je zo spoedig mogelijk een reactie.<\/p>\n\n\n\n<p style=\"margin-top:var(--wp--preset--spacing--40)\"><\/p>\n\n\n\n<div class=\"wpcf7 no-js\" id=\"wpcf7-f1250-o1\" lang=\"nl-NL\" dir=\"ltr\" data-wpcf7-id=\"1250\">\n<div class=\"screen-reader-response\"><p role=\"status\" aria-live=\"polite\" aria-atomic=\"true\"><\/p> <ul><\/ul><\/div>\n<form action=\"\/nl\/wp-json\/wp\/v2\/pages\/1241#wpcf7-f1250-o1\" method=\"post\" class=\"wpcf7-form init\" aria-label=\"Contactformulier\" novalidate=\"novalidate\" data-status=\"init\">\n<div style=\"display: none;\">\n<input type=\"hidden\" name=\"_wpcf7\" value=\"1250\" \/>\n<input type=\"hidden\" name=\"_wpcf7_version\" value=\"6.0.6\" \/>\n<input type=\"hidden\" name=\"_wpcf7_locale\" value=\"nl_NL\" \/>\n<input type=\"hidden\" name=\"_wpcf7_unit_tag\" value=\"wpcf7-f1250-o1\" \/>\n<input type=\"hidden\" name=\"_wpcf7_container_post\" value=\"0\" \/>\n<input type=\"hidden\" name=\"_wpcf7_posted_data_hash\" value=\"\" \/>\n<input type=\"hidden\" name=\"_wpcf7_recaptcha_response\" value=\"\" \/>\n<\/div>\n<label> Voornaam*\n    <span class=\"wpcf7-form-control-wrap\" data-name=\"voornaam\"><input size=\"40\" maxlength=\"400\" class=\"wpcf7-form-control wpcf7-text wpcf7-validates-as-required\" aria-required=\"true\" aria-invalid=\"false\" value=\"\" type=\"text\" name=\"voornaam\" \/><\/span> <\/label>\n<br\/><br\/><label> Achternaam*\n    <span class=\"wpcf7-form-control-wrap\" data-name=\"achternaam\"><input size=\"40\" maxlength=\"400\" class=\"wpcf7-form-control wpcf7-text wpcf7-validates-as-required\" aria-required=\"true\" aria-invalid=\"false\" value=\"\" type=\"text\" name=\"achternaam\" \/><\/span> <\/label>\n<br\/><br\/><label> E-mailadres*\n    <span class=\"wpcf7-form-control-wrap\" data-name=\"email\"><input size=\"40\" maxlength=\"400\" class=\"wpcf7-form-control wpcf7-email wpcf7-validates-as-required wpcf7-text wpcf7-validates-as-email\" aria-required=\"true\" aria-invalid=\"false\" value=\"\" type=\"email\" name=\"email\" \/><\/span> <\/label>\n<br\/><br\/><label> Telefoonnummer*\n    <span class=\"wpcf7-form-control-wrap\" data-name=\"telefoon\"><input size=\"40\" maxlength=\"400\" class=\"wpcf7-form-control wpcf7-text wpcf7-validates-as-required\" aria-required=\"true\" aria-invalid=\"false\" value=\"\" type=\"text\" name=\"telefoon\" \/><\/span> <\/label>\n<br\/><br\/><label> Geboortedatum*\n    <span class=\"wpcf7-form-control-wrap\" data-name=\"geboortedatum\"><input size=\"40\" maxlength=\"400\" class=\"wpcf7-form-control wpcf7-text wpcf7-validates-as-required\" aria-required=\"true\" aria-invalid=\"false\" value=\"\" type=\"text\" name=\"geboortedatum\" \/><\/span> <\/label>\n<br\/><br\/><label> Straat en huisnummer*\n    <span class=\"wpcf7-form-control-wrap\" data-name=\"straatennummer\"><input size=\"40\" maxlength=\"400\" class=\"wpcf7-form-control wpcf7-text wpcf7-validates-as-required\" aria-required=\"true\" aria-invalid=\"false\" value=\"\" type=\"text\" name=\"straatennummer\" \/><\/span> <\/label>\n<br\/><br\/><label> Stad*\n    <span class=\"wpcf7-form-control-wrap\" data-name=\"stad\"><input size=\"40\" maxlength=\"400\" class=\"wpcf7-form-control wpcf7-text wpcf7-validates-as-required\" aria-required=\"true\" aria-invalid=\"false\" value=\"\" type=\"text\" name=\"stad\" \/><\/span> <\/label><br>\n<br\/><br\/>Rijbewijs*\n<span class=\"wpcf7-form-control-wrap\" data-name=\"rijbewijs\"><span class=\"wpcf7-form-control wpcf7-radio\"><span class=\"wpcf7-list-item first\"><label><input type=\"radio\" name=\"rijbewijs\" value=\"Ja\" checked=\"checked\" \/><span class=\"wpcf7-list-item-label\">Ja<\/span><\/label><\/span><span class=\"wpcf7-list-item last\"><label><input type=\"radio\" name=\"rijbewijs\" value=\"Nee\" \/><span class=\"wpcf7-list-item-label\">Nee<\/span><\/label><\/span><\/span><\/span><br>\nAuto*\n<span class=\"wpcf7-form-control-wrap\" data-name=\"auto\"><span class=\"wpcf7-form-control wpcf7-radio\"><span class=\"wpcf7-list-item first\"><label><input type=\"radio\" name=\"auto\" value=\"Ja\" checked=\"checked\" \/><span class=\"wpcf7-list-item-label\">Ja<\/span><\/label><\/span><span class=\"wpcf7-list-item last\"><label><input type=\"radio\" name=\"auto\" value=\"Nee\" \/><span class=\"wpcf7-list-item-label\">Nee<\/span><\/label><\/span><\/span><\/span><br>\n<br\/><br\/><label> Tijd beschikbaar vrijwilliger*\n<span class=\"wpcf7-form-control-wrap\" data-name=\"tijdbeschikbaar\"><select class=\"wpcf7-form-control wpcf7-select wpcf7-validates-as-required\" aria-required=\"true\" aria-invalid=\"false\" name=\"tijdbeschikbaar\"><option value=\"1-3 uur in de week\">1-3 uur in de week<\/option><option value=\"3-5 uur in de week\">3-5 uur in de week<\/option><option value=\"1 dag per maand\">1 dag per maand<\/option><\/select><\/span><\/label><br>\n<br\/><br\/>Werkzaamheden voorkeur vrijwilliger*<br>\n<br\/><span class=\"wpcf7-form-control-wrap\" data-name=\"werkzaamheden\"><span class=\"wpcf7-form-control wpcf7-checkbox wpcf7-validates-as-required\"><span class=\"wpcf7-list-item first\"><label><input type=\"checkbox\" name=\"werkzaamheden[]\" value=\"Administratief\" \/><span class=\"wpcf7-list-item-label\">Administratief<\/span><\/label><\/span><span class=\"wpcf7-list-item\"><label><input type=\"checkbox\" name=\"werkzaamheden[]\" value=\"Voorlichting &amp; communicatie\" \/><span class=\"wpcf7-list-item-label\">Voorlichting &amp; communicatie<\/span><\/label><\/span><span class=\"wpcf7-list-item\"><label><input type=\"checkbox\" name=\"werkzaamheden[]\" value=\"Evenementen\" \/><span class=\"wpcf7-list-item-label\">Evenementen<\/span><\/label><\/span><span class=\"wpcf7-list-item\"><label><input type=\"checkbox\" name=\"werkzaamheden[]\" value=\"Fondsenwerving\" \/><span class=\"wpcf7-list-item-label\">Fondsenwerving<\/span><\/label><\/span><span class=\"wpcf7-list-item last\"><label><input type=\"checkbox\" name=\"werkzaamheden[]\" value=\"Overig\" \/><span class=\"wpcf7-list-item-label\">Overig<\/span><\/label><\/span><\/span><\/span>\n<br\/><br\/><label>Motivatie\n    <span class=\"wpcf7-form-control-wrap\" data-name=\"motivatie\"><textarea cols=\"40\" rows=\"10\" maxlength=\"2000\" class=\"wpcf7-form-control wpcf7-textarea wpcf7-validates-as-required\" aria-required=\"true\" aria-invalid=\"false\" name=\"motivatie\"><\/textarea><\/span> <\/label><br>\n<br\/><br\/><label> Relatie met T1D*\n<span class=\"wpcf7-form-control-wrap\" data-name=\"RelatiemetT1D\"><select class=\"wpcf7-form-control wpcf7-select wpcf7-validates-as-required\" aria-required=\"true\" aria-invalid=\"false\" name=\"RelatiemetT1D\"><option value=\"Ik heb zelf Type 1 Diabetes\">Ik heb zelf Type 1 Diabetes<\/option><option value=\"Ik heb een familielid met Type 1 Diabetes\">Ik heb een familielid met Type 1 Diabetes<\/option><option value=\"Ik ben zorgverlener\">Ik ben zorgverlener<\/option><option value=\"Overig\">Overig<\/option><\/select><\/span><\/label><br>\n<br\/><br\/><span class=\"wpcf7-form-control-wrap\" data-name=\"nieuwsbrief\"><span class=\"wpcf7-form-control wpcf7-checkbox\"><span class=\"wpcf7-list-item first last\"><label><input type=\"checkbox\" name=\"nieuwsbrief[]\" value=\"Ja\" \/><span class=\"wpcf7-list-item-label\">Ja<\/span><\/label><\/span><\/span><\/span> ik schrijf me in voor de nieuwsbrief<br>\n<br\/><span class=\"wpcf7-form-control-wrap\" data-name=\"akkoord-privacy\"><span class=\"wpcf7-form-control wpcf7-checkbox wpcf7-validates-as-required\"><span class=\"wpcf7-list-item first last\"><label><input type=\"checkbox\" name=\"akkoord-privacy[]\" value=\"Ja\" \/><span class=\"wpcf7-list-item-label\">Ja<\/span><\/label><\/span><\/span><\/span> ik ga akkoord met de privacy voorwaarden *<br>\n<br\/><br\/><input class=\"wpcf7-form-control wpcf7-submit has-spinner\" type=\"submit\" value=\"Verzenden\" \/><div class=\"wpcf7-response-output\" aria-hidden=\"true\"><\/div>\n<\/form>\n<\/div>\n\n<\/div>\n<\/div>\n<\/div>\n","protected":false,"raw":""},"excerpt":{"rendered":"<p>Samen maken we van type \u00e9\u00e9n, type g\u00e9\u00e9n! Wil jij je ook samen met Breakthrough T1D inzetten om type 1 diabetes de wereld uit te helpen? Neem contact met ons op. Wie weet komen we tot een mooie samenwerking. Vul onderstaand formulier in. Dan sturen we je zo spoedig mogelijk een reactie.<\/p>\n","protected":false},"author":1,"featured_media":0,"parent":0,"menu_order":0,"comment_status":"closed","ping_status":"closed","template":"","meta":{"footnotes":""},"class_list":["post-1241","page","type-page","status-publish","hentry"],"yoast_head":"<!-- This site is optimized with the Yoast SEO plugin v25.3 - https:\/\/yoast.com\/wordpress\/plugins\/seo\/ -->\n<title>Vrijwilligers - Breakthrough T1D<\/title>\n<meta name=\"robots\" content=\"index, follow, max-snippet:-1, max-image-preview:large, max-video-preview:-1\" \/>\n<link rel=\"canonical\" href=\"https:\/\/breakthrought1d.eu\/nl\/vrijwilligers\/\" \/>\n<meta property=\"og:locale\" content=\"nl_NL\" \/>\n<meta property=\"og:type\" content=\"article\" \/>\n<meta property=\"og:title\" content=\"Vrijwilligers - Breakthrough T1D\" \/>\n<meta property=\"og:description\" content=\"Samen maken we van type \u00e9\u00e9n, type g\u00e9\u00e9n! Wil jij je ook samen met Breakthrough T1D inzetten om type 1 diabetes de wereld uit te helpen? Neem contact met ons op. Wie weet komen we tot een mooie samenwerking. Vul onderstaand formulier in. Dan sturen we je zo spoedig mogelijk een reactie.\" \/>\n<meta property=\"og:url\" content=\"https:\/\/breakthrought1d.eu\/nl\/vrijwilligers\/\" \/>\n<meta property=\"og:site_name\" content=\"Breakthrough T1D\" \/>\n<meta property=\"article:modified_time\" content=\"2024-09-23T11:22:22+00:00\" \/>\n<meta name=\"twitter:card\" content=\"summary_large_image\" \/>\n<script type=\"application\/ld+json\" class=\"yoast-schema-graph\">{\"@context\":\"https:\/\/schema.org\",\"@graph\":[{\"@type\":\"WebPage\",\"@id\":\"https:\/\/breakthrought1d.eu\/nl\/vrijwilligers\/\",\"url\":\"https:\/\/breakthrought1d.eu\/nl\/vrijwilligers\/\",\"name\":\"Vrijwilligers - Breakthrough T1D\",\"isPartOf\":{\"@id\":\"https:\/\/breakthrought1d.eu\/nl\/#website\"},\"datePublished\":\"2024-09-05T12:09:31+00:00\",\"dateModified\":\"2024-09-23T11:22:22+00:00\",\"breadcrumb\":{\"@id\":\"https:\/\/breakthrought1d.eu\/nl\/vrijwilligers\/#breadcrumb\"},\"inLanguage\":\"nl-NL\",\"potentialAction\":[{\"@type\":\"ReadAction\",\"target\":[\"https:\/\/breakthrought1d.eu\/nl\/vrijwilligers\/\"]}]},{\"@type\":\"BreadcrumbList\",\"@id\":\"https:\/\/breakthrought1d.eu\/nl\/vrijwilligers\/#breadcrumb\",\"itemListElement\":[{\"@type\":\"ListItem\",\"position\":1,\"name\":\"Home\",\"item\":\"https:\/\/breakthrought1d.eu\/nl\/\"},{\"@type\":\"ListItem\",\"position\":2,\"name\":\"Vrijwilligers\"}]},{\"@type\":\"WebSite\",\"@id\":\"https:\/\/breakthrought1d.eu\/nl\/#website\",\"url\":\"https:\/\/breakthrought1d.eu\/nl\/\",\"name\":\"Breakthrough T1D\",\"description\":\"Wij zetten ons in voor een toekomst zonder T1D\",\"publisher\":{\"@id\":\"https:\/\/breakthrought1d.eu\/nl\/#organization\"},\"potentialAction\":[{\"@type\":\"SearchAction\",\"target\":{\"@type\":\"EntryPoint\",\"urlTemplate\":\"https:\/\/breakthrought1d.eu\/nl\/?s={search_term_string}\"},\"query-input\":{\"@type\":\"PropertyValueSpecification\",\"valueRequired\":true,\"valueName\":\"search_term_string\"}}],\"inLanguage\":\"nl-NL\"},{\"@type\":\"Organization\",\"@id\":\"https:\/\/breakthrought1d.eu\/nl\/#organization\",\"name\":\"Breakthrough T1D\",\"url\":\"https:\/\/breakthrought1d.eu\/nl\/\",\"logo\":{\"@type\":\"ImageObject\",\"inLanguage\":\"nl-NL\",\"@id\":\"https:\/\/breakthrought1d.eu\/nl\/#\/schema\/logo\/image\/\",\"url\":\"https:\/\/breakthrought1d.eu\/nl\/wp-content\/uploads\/2024\/11\/BTlogo.png\",\"contentUrl\":\"https:\/\/breakthrought1d.eu\/nl\/wp-content\/uploads\/2024\/11\/BTlogo.png\",\"width\":330,\"height\":141,\"caption\":\"Breakthrough T1D\"},\"image\":{\"@id\":\"https:\/\/breakthrought1d.eu\/nl\/#\/schema\/logo\/image\/\"}}]}<\/script>\n<!-- \/ Yoast SEO plugin. -->","yoast_head_json":{"title":"Vrijwilligers - Breakthrough T1D","robots":{"index":"index","follow":"follow","max-snippet":"max-snippet:-1","max-image-preview":"max-image-preview:large","max-video-preview":"max-video-preview:-1"},"canonical":"https:\/\/breakthrought1d.eu\/nl\/vrijwilligers\/","og_locale":"nl_NL","og_type":"article","og_title":"Vrijwilligers - Breakthrough T1D","og_description":"Samen maken we van type \u00e9\u00e9n, type g\u00e9\u00e9n! Wil jij je ook samen met Breakthrough T1D inzetten om type 1 diabetes de wereld uit te helpen? Neem contact met ons op. Wie weet komen we tot een mooie samenwerking. Vul onderstaand formulier in. Dan sturen we je zo spoedig mogelijk een reactie.","og_url":"https:\/\/breakthrought1d.eu\/nl\/vrijwilligers\/","og_site_name":"Breakthrough T1D","article_modified_time":"2024-09-23T11:22:22+00:00","twitter_card":"summary_large_image","schema":{"@context":"https:\/\/schema.org","@graph":[{"@type":"WebPage","@id":"https:\/\/breakthrought1d.eu\/nl\/vrijwilligers\/","url":"https:\/\/breakthrought1d.eu\/nl\/vrijwilligers\/","name":"Vrijwilligers - Breakthrough T1D","isPartOf":{"@id":"https:\/\/breakthrought1d.eu\/nl\/#website"},"datePublished":"2024-09-05T12:09:31+00:00","dateModified":"2024-09-23T11:22:22+00:00","breadcrumb":{"@id":"https:\/\/breakthrought1d.eu\/nl\/vrijwilligers\/#breadcrumb"},"inLanguage":"nl-NL","potentialAction":[{"@type":"ReadAction","target":["https:\/\/breakthrought1d.eu\/nl\/vrijwilligers\/"]}]},{"@type":"BreadcrumbList","@id":"https:\/\/breakthrought1d.eu\/nl\/vrijwilligers\/#breadcrumb","itemListElement":[{"@type":"ListItem","position":1,"name":"Home","item":"https:\/\/breakthrought1d.eu\/nl\/"},{"@type":"ListItem","position":2,"name":"Vrijwilligers"}]},{"@type":"WebSite","@id":"https:\/\/breakthrought1d.eu\/nl\/#website","url":"https:\/\/breakthrought1d.eu\/nl\/","name":"Breakthrough T1D","description":"Wij zetten ons in voor een toekomst zonder T1D","publisher":{"@id":"https:\/\/breakthrought1d.eu\/nl\/#organization"},"potentialAction":[{"@type":"SearchAction","target":{"@type":"EntryPoint","urlTemplate":"https:\/\/breakthrought1d.eu\/nl\/?s={search_term_string}"},"query-input":{"@type":"PropertyValueSpecification","valueRequired":true,"valueName":"search_term_string"}}],"inLanguage":"nl-NL"},{"@type":"Organization","@id":"https:\/\/breakthrought1d.eu\/nl\/#organization","name":"Breakthrough T1D","url":"https:\/\/breakthrought1d.eu\/nl\/","logo":{"@type":"ImageObject","inLanguage":"nl-NL","@id":"https:\/\/breakthrought1d.eu\/nl\/#\/schema\/logo\/image\/","url":"https:\/\/breakthrought1d.eu\/nl\/wp-content\/uploads\/2024\/11\/BTlogo.png","contentUrl":"https:\/\/breakthrought1d.eu\/nl\/wp-content\/uploads\/2024\/11\/BTlogo.png","width":330,"height":141,"caption":"Breakthrough T1D"},"image":{"@id":"https:\/\/breakthrought1d.eu\/nl\/#\/schema\/logo\/image\/"}}]}},"_links":{"self":[{"href":"https:\/\/breakthrought1d.eu\/nl\/wp-json\/wp\/v2\/pages\/1241","targetHints":{"allow":["GET"]}}],"collection":[{"href":"https:\/\/breakthrought1d.eu\/nl\/wp-json\/wp\/v2\/pages"}],"about":[{"href":"https:\/\/breakthrought1d.eu\/nl\/wp-json\/wp\/v2\/types\/page"}],"author":[{"embeddable":true,"href":"https:\/\/breakthrought1d.eu\/nl\/wp-json\/wp\/v2\/users\/1"}],"replies":[{"embeddable":true,"href":"https:\/\/breakthrought1d.eu\/nl\/wp-json\/wp\/v2\/comments?post=1241"}],"version-history":[{"count":5,"href":"https:\/\/breakthrought1d.eu\/nl\/wp-json\/wp\/v2\/pages\/1241\/revisions"}],"predecessor-version":[{"id":1251,"href":"https:\/\/breakthrought1d.eu\/nl\/wp-json\/wp\/v2\/pages\/1241\/revisions\/1251"}],"wp:attachment":[{"href":"https:\/\/breakthrought1d.eu\/nl\/wp-json\/wp\/v2\/media?parent=1241"}],"curies":[{"name":"wp","href":"https:\/\/api.w.org\/{rel}","templated":true}]}}