{"id":1299,"date":"2024-09-05T13:45:54","date_gmt":"2024-09-05T13:45:54","guid":{"rendered":"https:\/\/breakthrought1d.eu\/nl\/?page_id=1299"},"modified":"2025-07-02T10:11:36","modified_gmt":"2025-07-02T08:11:36","slug":"betacellen-vervangen","status":"publish","type":"page","link":"https:\/\/breakthrought1d.eu\/nl\/genezen\/betacellen-vervangen\/","title":{"rendered":"B\u00e8tacellen vervangen"},"content":{"rendered":"<div class=\"wp-block-jdrf-hero\">\n\t<div class=\"wp-block-jdrf-hero__content-wrap has-blue-background-color has-white-color\">\n\t\t\t\t\t<h1 class=\"wp-block-jdrf-hero__title\">\n\t\t\t\tB\u00e8tacellen vervangen\t\t\t<\/h1>\n\t\t\n\t\t\t\t\t<p class=\"wp-block-jdrf-hero__description\">\n\t\t\t\tBij type 1 diabetes maakt het immuunsysteem de b\u00e8tacellen kapot. Deze cellen kunnen daarom geen insuline afgeven. Glucose in het bloed wordt niet verwerkt en het lichaam krijgt te weinig energie. Behalve naar herstel van kapotte b\u00e8tacellen, zoeken wetenschappers ook naar manieren om de kapotte b\u00e8tacellen te vervangen. Deze vervangende cellen kunnen dan w\u00e9l insuline produceren, waardoor mensen met type 1 diabetes dit niet langer zelf hoeven toe te dienen.\t\t\t<\/p>\n\t\t\n\t\t\t<\/div>\n\n\t<figure class=\"wp-block-jdrf-hero__image-wrapper\">\n\t\t\n<svg xmlns=\"http:\/\/www.w3.org\/2000\/svg\" width=\"182.292\" height=\"545\" viewBox=\"0 0 182.292 545\" preserveAspectRatio=\"xMinYMax\" class=\"curve-circle--desktop\"><path d=\"M182.292,661H0V116H181.305A388.493,388.493,0,0,0,99.836,238.525,386.046,386.046,0,0,0,77.71,310.648c-2.535,12.531-4.47,25.356-5.751,38.116C70.659,361.71,70,374.911,70,388a394.188,394.188,0,0,0,1.978,39.418c1.294,12.819,3.247,25.7,5.806,38.289a385.884,385.884,0,0,0,57.677,138.032A390.8,390.8,0,0,0,182.29,661l0,0h0Z\" transform=\"translate(0 -116)\" fill=\"#002bff\" \/><\/svg>\n\t\t\n<svg xmlns=\"http:\/\/www.w3.org\/2000\/svg\" width=\"545\" height=\"182.292\" viewBox=\"0 0 545 182.292\" preserveAspectRatio=\"xMinYMax\" class=\"curve-circle--mobile\"><path d=\"M182.292,661H0V116H181.305A388.493,388.493,0,0,0,99.836,238.525,386.046,386.046,0,0,0,77.71,310.648c-2.535,12.531-4.47,25.356-5.751,38.116C70.659,361.71,70,374.911,70,388a394.188,394.188,0,0,0,1.978,39.418c1.294,12.819,3.247,25.7,5.806,38.289a385.884,385.884,0,0,0,57.677,138.032A390.8,390.8,0,0,0,182.29,661l0,0h0Z\" transform=\"translate(-116 182.292) rotate(-90)\" fill=\"#002bff\" \/><\/svg>\n\t\t<img loading=\"lazy\" decoding=\"async\" width=\"320\" height=\"360\" src=\"https:\/\/breakthrought1d.eu\/nl\/wp-content\/uploads\/2024\/09\/Science-637785818-2024.jpg\" class=\"wp-block-jdrf-hero__image\" alt=\"\" style=\"object-position: 100% 100%;\" srcset=\"https:\/\/breakthrought1d.eu\/nl\/wp-content\/uploads\/2024\/09\/Science-637785818-2024.jpg 320w, https:\/\/breakthrought1d.eu\/nl\/wp-content\/uploads\/2024\/09\/Science-637785818-2024-267x300.jpg 267w\" sizes=\"auto, (max-width: 320px) 100vw, 320px\" \/>\t<\/figure>\n<\/div>\n\n\n\n<div class=\"wp-block-group alignfull is-layout-constrained wp-block-group-is-layout-constrained\">\n<div class=\"wp-block-columns is-layout-flex wp-container-core-columns-is-layout-28f84493 wp-block-columns-is-layout-flex\">\n<div class=\"wp-block-column is-layout-flow wp-block-column-is-layout-flow\" style=\"flex-basis:33.33%\">\n<h4 class=\"wp-block-heading\" id=\"betacellen-van-een-donor\">B\u00e8tacellen van een donor<\/h4>\n<\/div>\n\n\n\n<div class=\"wp-block-column is-layout-flow wp-block-column-is-layout-flow\" style=\"flex-basis:66.66%\">\n<p style=\"margin-bottom:var(--wp--preset--spacing--40)\">Wetenschappers doen onderzoek hoe zij mensen met type 1 diabetes nieuwe b\u00e8tacellen kunnen geven. Dit kunnen b\u00e8tacellen van donoren zijn. De Eilandjes van Langerhans, groepjes van b\u00e8tacellen bij elkaar, worden dan getransplanteerd van donoren naar mensen met type 1 diabetes. Wetenschappers experimenteren op dit moment met deze Eilandjestransplantatie. De behandeling lijkt te werken. Proefpersonen hebben vaak langere tijd geen insuline meer nodig en merken dat hun gezondheid aanzienlijk verbetert.<\/p>\n\n\n\n<p style=\"margin-bottom:var(--wp--preset--spacing--40)\">Maar het vervangen van b\u00e8tacellen is kostbaar. Na een transplantatie slikken mensen hun leven lang medicijnen die het afweersysteem onderdrukken. En er zijn onvoldoende b\u00e8tacellen van donoren om iedereen met type 1 diabetes te behandelen. Daarom zoeken wetenschappers naar een onuitputtelijke bron van b\u00e8tacellen. Bijvoorbeeld door ze te maken van stamcellen. Stamcellen zijn een soort basiscellen die zich nog kunnen ontwikkelen tot verschillende typen cellen.<\/p>\n<\/div>\n<\/div>\n\n\n\n<div class=\"wp-block-columns is-layout-flex wp-container-core-columns-is-layout-28f84493 wp-block-columns-is-layout-flex\">\n<div class=\"wp-block-column is-layout-flow wp-block-column-is-layout-flow\" style=\"flex-basis:33.33%\">\n<h4 class=\"wp-block-heading\" id=\"betacellen-van-een-donor\">Nieuwe afstoting voorkomen<\/h4>\n<\/div>\n\n\n\n<div class=\"wp-block-column is-layout-flow wp-block-column-is-layout-flow\" style=\"flex-basis:66.66%\">\n<p style=\"margin-bottom:var(--wp--preset--spacing--40)\">Er is nog een obstakel als het gaat om het vervangen van b\u00e8tacellen. De afweerreactie kan de nieuwe cellen opnieuw aanvallen, waardoor zijna verloop van tijd ook kapotgaan. Het effect van een Eilandjestransplantatie is dan ook beperkt. Daarom moeten getransplanteerde b\u00e8tacellen beschermd worden. Dat geldt zowel voor donorb\u00e8tacellen als voor b\u00e8tacellen uit stamcellen.<\/p>\n\n\n\n<p style=\"margin-bottom:var(--wp--preset--spacing--40)\">Hiervoor ontwikkelen wetenschappers internationaal verschillende manieren om de b\u00e8tacellen in te kapselen. Onderzoekers maken een hoesje of een gel waarin de b\u00e8tacellen kunnen overleven. Dat is erg ingewikkeld. De insuline moet wel uit de inkapseling kunnen, maar het afweersysteem moet de b\u00e8tacellen in het hoesje of de gel niet kunnen vernietigen.<\/p>\n<\/div>\n<\/div>\n\n\n\n<div class=\"wp-block-columns is-layout-flex wp-container-core-columns-is-layout-28f84493 wp-block-columns-is-layout-flex\">\n<div class=\"wp-block-column is-layout-flow wp-block-column-is-layout-flow\" style=\"flex-basis:33.33%\">\n<h4 class=\"wp-block-heading\" id=\"betacellen-van-een-donor\">Aandachtsgebieden<\/h4>\n<\/div>\n\n\n\n<div class=\"wp-block-column is-layout-flow wp-block-column-is-layout-flow\" style=\"flex-basis:66.66%\">\n<ol class=\"wp-block-list\">\n<li>Bronnen van b\u00e8tacellen:\n<ul class=\"wp-block-list\">\n<li>Identificeren van de beste bron van b\u00e8tacellen en de samenstelling hiervan<\/li>\n\n\n\n<li>Buiten het lichaam herprogrammeren van somatische cellen tot insulineproducerende cellen<\/li>\n\n\n\n<li>Gebruikmaken van gegevens uit andere clinical trials voor het verbeteren van b\u00e8tacellen<\/li>\n<\/ul>\n<\/li>\n\n\n\n<li>Overleving van b\u00e8tacellen en bescherming tegen het immuunsysteem\n<ul class=\"wp-block-list\">\n<li>Biotechnologische afgiftesystemen (inkapseling, hydrogels, artifici\u00eble transplantatieplaatsen)<\/li>\n\n\n\n<li>Manieren om fibrose rondom afgiftesysteem te verminderen en oxygenatie van b\u00e8tacellen hierin te verbeteren<\/li>\n\n\n\n<li>Agentia die b\u00e8taceloverleving bevorderen voor het behoud van het getransplanteerde materiaal<\/li>\n\n\n\n<li>Techniekloze benaderingen: 1) celmodificatie door middel van genoommodificatie 2) combineren van immunotherapie met b\u00e8tacelherplaatsing.<\/li>\n<\/ul>\n<\/li>\n\n\n\n<li>Versnellen van de klinisch toepassing\n<ul class=\"wp-block-list\">\n<li>Standaardiseren van reagentia: vinden van het meest representatieve proefdiermodel voor het menselijk lichaam.<\/li>\n\n\n\n<li>Bepalen van de plaats van implantatie: ontwikkelen en bepalen van plaatsen voor implantatie buiten de leve, daar waar implantaten het beste aanslaan.<\/li>\n<\/ul>\n<\/li>\n<\/ol>\n<\/div>\n<\/div>\n<\/div>\n\n\n\n<div class=\"wp-block-columns is-layout-flex wp-container-core-columns-is-layout-28f84493 wp-block-columns-is-layout-flex\">\n<div class=\"wp-block-column is-layout-flow wp-block-column-is-layout-flow\">\n<h4 class=\"wp-block-heading\" id=\"meer-over-dit-onderzoek-in-nederland\">Meer over dit onderzoek in Nederland<\/h4>\n<\/div>\n<\/div>\n\n\n\n<div class=\"wp-block-columns is-layout-flex wp-container-core-columns-is-layout-28f84493 wp-block-columns-is-layout-flex\">\n<div class=\"wp-block-column has-light-gray-background-color has-background is-layout-flow wp-block-column-is-layout-flow\" style=\"padding-top:var(--wp--preset--spacing--24);padding-right:var(--wp--preset--spacing--16);padding-bottom:var(--wp--preset--spacing--24);padding-left:var(--wp--preset--spacing--16)\">\n<figure class=\"wp-block-image size-full\"><a href=\"https:\/\/breakthrought1d.eu\/nl\/wetenschappelijk-onderzoek\/dr-aart-van-apeldoorn-maastricht-umc\/\"><img loading=\"lazy\" decoding=\"async\" width=\"375\" height=\"210\" src=\"https:\/\/breakthrought1d.eu\/nl\/wp-content\/uploads\/2024\/09\/A-v-Apeldoorn2024.jpg\" alt=\"\" class=\"wp-image-1316\" srcset=\"https:\/\/breakthrought1d.eu\/nl\/wp-content\/uploads\/2024\/09\/A-v-Apeldoorn2024.jpg 375w, https:\/\/breakthrought1d.eu\/nl\/wp-content\/uploads\/2024\/09\/A-v-Apeldoorn2024-300x168.jpg 300w\" sizes=\"auto, (max-width: 375px) 100vw, 375px\" \/><\/a><\/figure>\n\n\n\n<div class=\"wp-block-buttons is-layout-flex wp-block-buttons-is-layout-flex\">\n<div class=\"wp-block-button is-style-large-link\"><a class=\"wp-block-button__link has-text-align-left wp-element-button\" href=\"https:\/\/breakthrought1d.eu\/nl\/wetenschappelijk-onderzoek\/dr-aart-van-apeldoorn-maastricht-umc\/\">Dr. Aart van Apeldoorn \u2013 Maastricht UMC+<\/a><\/div>\n<\/div>\n\n\n\n<p>Het onderzoek van dr. Aart van Apeldoorn richt zich op een inkapselingssysteem voor de Eilandjes van Langerhans\u2026.<\/p>\n<\/div>\n\n\n\n<div class=\"wp-block-column has-light-gray-background-color has-background is-layout-flow wp-block-column-is-layout-flow\" style=\"padding-top:var(--wp--preset--spacing--24);padding-right:var(--wp--preset--spacing--16);padding-bottom:var(--wp--preset--spacing--24);padding-left:var(--wp--preset--spacing--16)\">\n<figure class=\"wp-block-image size-full\"><a href=\"https:\/\/breakthrought1d.eu\/nl\/wetenschappelijk-onderzoek\/dr-marcel-karperien-universiteit-twente\/\"><img loading=\"lazy\" decoding=\"async\" width=\"375\" height=\"210\" src=\"https:\/\/breakthrought1d.eu\/nl\/wp-content\/uploads\/2024\/09\/Headshot-Marcel-Karperien2024.jpg\" alt=\"\" class=\"wp-image-1319\" srcset=\"https:\/\/breakthrought1d.eu\/nl\/wp-content\/uploads\/2024\/09\/Headshot-Marcel-Karperien2024.jpg 375w, https:\/\/breakthrought1d.eu\/nl\/wp-content\/uploads\/2024\/09\/Headshot-Marcel-Karperien2024-300x168.jpg 300w\" sizes=\"auto, (max-width: 375px) 100vw, 375px\" \/><\/a><\/figure>\n\n\n\n<div class=\"wp-block-buttons is-layout-flex wp-block-buttons-is-layout-flex\">\n<div class=\"wp-block-button is-style-large-link\"><a class=\"wp-block-button__link has-text-align-left wp-element-button\" href=\"https:\/\/breakthrought1d.eu\/nl\/wetenschappelijk-onderzoek\/dr-marcel-karperien-universiteit-twente\/\">Dr. Marcel Karperien \u2013 Universiteit Twente<\/a><\/div>\n<\/div>\n\n\n\n<p>Het onderzoek van dr. Marcel Karperien richt zich op holle microgels om b\u00e8tacellen in te kapselen\u2026.<\/p>\n<\/div>\n\n\n\n<div class=\"wp-block-column has-light-gray-background-color has-background is-layout-flow wp-block-column-is-layout-flow\" style=\"padding-top:var(--wp--preset--spacing--24);padding-right:var(--wp--preset--spacing--16);padding-bottom:var(--wp--preset--spacing--24);padding-left:var(--wp--preset--spacing--16)\">\n<figure class=\"wp-block-image size-full\"><a href=\"https:\/\/breakthrought1d.eu\/nl\/wetenschappelijk-onderzoek\/prof-dr-paul-de-vos-umcg\/\"><img loading=\"lazy\" decoding=\"async\" width=\"375\" height=\"210\" src=\"https:\/\/breakthrought1d.eu\/nl\/wp-content\/uploads\/2024\/09\/paul-de-vos-2017-2-kopie2024.jpg\" alt=\"\" class=\"wp-image-1322\" srcset=\"https:\/\/breakthrought1d.eu\/nl\/wp-content\/uploads\/2024\/09\/paul-de-vos-2017-2-kopie2024.jpg 375w, https:\/\/breakthrought1d.eu\/nl\/wp-content\/uploads\/2024\/09\/paul-de-vos-2017-2-kopie2024-300x168.jpg 300w\" sizes=\"auto, (max-width: 375px) 100vw, 375px\" \/><\/a><\/figure>\n\n\n\n<div class=\"wp-block-buttons is-layout-flex wp-block-buttons-is-layout-flex\">\n<div class=\"wp-block-button is-style-large-link\"><a class=\"wp-block-button__link has-text-align-left wp-element-button\" href=\"https:\/\/breakthrought1d.eu\/nl\/wetenschappelijk-onderzoek\/prof-dr-paul-de-vos-umcg\/\">Prof. dr. Paul de Vos \u2013 UMCG<\/a><\/div>\n<\/div>\n\n\n\n<p>Het onderzoek van prof. dr. Paul de Vos is momenteel gericht op nieuwe methoden om de Eilandjes van Langerhans beter te laten\u2026<\/p>\n<\/div>\n\n\n\n<div class=\"wp-block-column has-light-gray-background-color has-background is-layout-flow wp-block-column-is-layout-flow\" style=\"padding-top:var(--wp--preset--spacing--24);padding-right:var(--wp--preset--spacing--16);padding-bottom:var(--wp--preset--spacing--24);padding-left:var(--wp--preset--spacing--16)\">\n<figure class=\"wp-block-image size-full\"><img loading=\"lazy\" decoding=\"async\" width=\"604\" height=\"340\" src=\"https:\/\/breakthrought1d.eu\/nl\/wp-content\/uploads\/2025\/07\/Alexandra-Smink-foto-2-e1739874214839-edited.jpg\" alt=\"\" class=\"wp-image-10214\" srcset=\"https:\/\/breakthrought1d.eu\/nl\/wp-content\/uploads\/2025\/07\/Alexandra-Smink-foto-2-e1739874214839-edited.jpg 604w, https:\/\/breakthrought1d.eu\/nl\/wp-content\/uploads\/2025\/07\/Alexandra-Smink-foto-2-e1739874214839-edited-300x169.jpg 300w\" sizes=\"auto, (max-width: 604px) 100vw, 604px\" \/><\/figure>\n\n\n\n<div class=\"wp-block-buttons is-layout-flex wp-block-buttons-is-layout-flex\">\n<div class=\"wp-block-button is-style-large-link\"><a class=\"wp-block-button__link has-text-align-left wp-element-button\" href=\"https:\/\/breakthrought1d.eu\/nl\/wetenschappelijk-onderzoek\/dr-alexandra-smink-umcg\/\">Dr. Alexandra Smink \u2013 UMCG<\/a><\/div>\n<\/div>\n\n\n\n<p>Het onderzoek van dr. Alexandra Smink richt zich op een artifici\u00eble transplantatieplaats voor de Eilandjes van Langerhans\u2026.<\/p>\n<\/div>\n<\/div>\n\n\n\n<div class=\"wp-block-columns is-layout-flex wp-container-core-columns-is-layout-28f84493 wp-block-columns-is-layout-flex\"><\/div>\n","protected":false,"raw":""},"excerpt":{"rendered":"<p>B\u00e8tacellen van een donor Wetenschappers doen onderzoek hoe zij mensen met type 1 diabetes nieuwe b\u00e8tacellen kunnen geven. Dit kunnen b\u00e8tacellen van donoren zijn. De Eilandjes van Langerhans, groepjes van b\u00e8tacellen bij elkaar, worden dan getransplanteerd van donoren naar mensen met type 1 diabetes. Wetenschappers experimenteren op dit moment met deze Eilandjestransplantatie. De behandeling lijkt [&hellip;]<\/p>\n","protected":false},"author":1,"featured_media":0,"parent":1253,"menu_order":0,"comment_status":"closed","ping_status":"closed","template":"","meta":{"footnotes":""},"class_list":["post-1299","page","type-page","status-publish","hentry"],"yoast_head":"<!-- This site is optimized with the Yoast SEO plugin v25.3 - https:\/\/yoast.com\/wordpress\/plugins\/seo\/ -->\n<title>B\u00e8tacellen vervangen - Breakthrough T1D<\/title>\n<meta name=\"robots\" content=\"index, follow, max-snippet:-1, max-image-preview:large, max-video-preview:-1\" \/>\n<link rel=\"canonical\" href=\"https:\/\/breakthrought1d.eu\/nl\/genezen\/betacellen-vervangen\/\" \/>\n<meta property=\"og:locale\" content=\"nl_NL\" \/>\n<meta property=\"og:type\" content=\"article\" \/>\n<meta property=\"og:title\" content=\"B\u00e8tacellen vervangen - Breakthrough T1D\" \/>\n<meta property=\"og:description\" content=\"B\u00e8tacellen van een donor Wetenschappers doen onderzoek hoe zij mensen met type 1 diabetes nieuwe b\u00e8tacellen kunnen geven. Dit kunnen b\u00e8tacellen van donoren zijn. De Eilandjes van Langerhans, groepjes van b\u00e8tacellen bij elkaar, worden dan getransplanteerd van donoren naar mensen met type 1 diabetes. Wetenschappers experimenteren op dit moment met deze Eilandjestransplantatie. De behandeling lijkt [&hellip;]\" \/>\n<meta property=\"og:url\" content=\"https:\/\/breakthrought1d.eu\/nl\/genezen\/betacellen-vervangen\/\" \/>\n<meta property=\"og:site_name\" content=\"Breakthrough T1D\" \/>\n<meta property=\"article:modified_time\" content=\"2025-07-02T08:11:36+00:00\" \/>\n<meta property=\"og:image\" content=\"https:\/\/breakthrought1d.eu\/nl\/wp-content\/uploads\/2024\/09\/A-v-Apeldoorn2024.jpg\" \/>\n<meta name=\"twitter:card\" content=\"summary_large_image\" \/>\n<meta name=\"twitter:label1\" content=\"Geschatte leestijd\" \/>\n\t<meta name=\"twitter:data1\" content=\"4 minuten\" \/>\n<script type=\"application\/ld+json\" class=\"yoast-schema-graph\">{\"@context\":\"https:\/\/schema.org\",\"@graph\":[{\"@type\":\"WebPage\",\"@id\":\"https:\/\/breakthrought1d.eu\/nl\/genezen\/betacellen-vervangen\/\",\"url\":\"https:\/\/breakthrought1d.eu\/nl\/genezen\/betacellen-vervangen\/\",\"name\":\"B\u00e8tacellen vervangen - Breakthrough T1D\",\"isPartOf\":{\"@id\":\"https:\/\/breakthrought1d.eu\/nl\/#website\"},\"primaryImageOfPage\":{\"@id\":\"https:\/\/breakthrought1d.eu\/nl\/genezen\/betacellen-vervangen\/#primaryimage\"},\"image\":{\"@id\":\"https:\/\/breakthrought1d.eu\/nl\/genezen\/betacellen-vervangen\/#primaryimage\"},\"thumbnailUrl\":\"https:\/\/breakthrought1d.eu\/nl\/wp-content\/uploads\/2024\/09\/A-v-Apeldoorn2024.jpg\",\"datePublished\":\"2024-09-05T13:45:54+00:00\",\"dateModified\":\"2025-07-02T08:11:36+00:00\",\"breadcrumb\":{\"@id\":\"https:\/\/breakthrought1d.eu\/nl\/genezen\/betacellen-vervangen\/#breadcrumb\"},\"inLanguage\":\"nl-NL\",\"potentialAction\":[{\"@type\":\"ReadAction\",\"target\":[\"https:\/\/breakthrought1d.eu\/nl\/genezen\/betacellen-vervangen\/\"]}]},{\"@type\":\"ImageObject\",\"inLanguage\":\"nl-NL\",\"@id\":\"https:\/\/breakthrought1d.eu\/nl\/genezen\/betacellen-vervangen\/#primaryimage\",\"url\":\"https:\/\/breakthrought1d.eu\/nl\/wp-content\/uploads\/2024\/09\/A-v-Apeldoorn2024.jpg\",\"contentUrl\":\"https:\/\/breakthrought1d.eu\/nl\/wp-content\/uploads\/2024\/09\/A-v-Apeldoorn2024.jpg\",\"width\":375,\"height\":210},{\"@type\":\"BreadcrumbList\",\"@id\":\"https:\/\/breakthrought1d.eu\/nl\/genezen\/betacellen-vervangen\/#breadcrumb\",\"itemListElement\":[{\"@type\":\"ListItem\",\"position\":1,\"name\":\"Home\",\"item\":\"https:\/\/breakthrought1d.eu\/nl\/\"},{\"@type\":\"ListItem\",\"position\":2,\"name\":\"Genezen\",\"item\":\"https:\/\/breakthrought1d.eu\/nl\/genezen\/\"},{\"@type\":\"ListItem\",\"position\":3,\"name\":\"B\u00e8tacellen vervangen\"}]},{\"@type\":\"WebSite\",\"@id\":\"https:\/\/breakthrought1d.eu\/nl\/#website\",\"url\":\"https:\/\/breakthrought1d.eu\/nl\/\",\"name\":\"Breakthrough T1D\",\"description\":\"Wij zetten ons in voor een toekomst zonder T1D\",\"publisher\":{\"@id\":\"https:\/\/breakthrought1d.eu\/nl\/#organization\"},\"potentialAction\":[{\"@type\":\"SearchAction\",\"target\":{\"@type\":\"EntryPoint\",\"urlTemplate\":\"https:\/\/breakthrought1d.eu\/nl\/?s={search_term_string}\"},\"query-input\":{\"@type\":\"PropertyValueSpecification\",\"valueRequired\":true,\"valueName\":\"search_term_string\"}}],\"inLanguage\":\"nl-NL\"},{\"@type\":\"Organization\",\"@id\":\"https:\/\/breakthrought1d.eu\/nl\/#organization\",\"name\":\"Breakthrough T1D\",\"url\":\"https:\/\/breakthrought1d.eu\/nl\/\",\"logo\":{\"@type\":\"ImageObject\",\"inLanguage\":\"nl-NL\",\"@id\":\"https:\/\/breakthrought1d.eu\/nl\/#\/schema\/logo\/image\/\",\"url\":\"https:\/\/breakthrought1d.eu\/nl\/wp-content\/uploads\/2024\/11\/BTlogo.png\",\"contentUrl\":\"https:\/\/breakthrought1d.eu\/nl\/wp-content\/uploads\/2024\/11\/BTlogo.png\",\"width\":330,\"height\":141,\"caption\":\"Breakthrough T1D\"},\"image\":{\"@id\":\"https:\/\/breakthrought1d.eu\/nl\/#\/schema\/logo\/image\/\"}}]}<\/script>\n<!-- \/ Yoast SEO plugin. -->","yoast_head_json":{"title":"B\u00e8tacellen vervangen - Breakthrough T1D","robots":{"index":"index","follow":"follow","max-snippet":"max-snippet:-1","max-image-preview":"max-image-preview:large","max-video-preview":"max-video-preview:-1"},"canonical":"https:\/\/breakthrought1d.eu\/nl\/genezen\/betacellen-vervangen\/","og_locale":"nl_NL","og_type":"article","og_title":"B\u00e8tacellen vervangen - Breakthrough T1D","og_description":"B\u00e8tacellen van een donor Wetenschappers doen onderzoek hoe zij mensen met type 1 diabetes nieuwe b\u00e8tacellen kunnen geven. Dit kunnen b\u00e8tacellen van donoren zijn. De Eilandjes van Langerhans, groepjes van b\u00e8tacellen bij elkaar, worden dan getransplanteerd van donoren naar mensen met type 1 diabetes. Wetenschappers experimenteren op dit moment met deze Eilandjestransplantatie. De behandeling lijkt [&hellip;]","og_url":"https:\/\/breakthrought1d.eu\/nl\/genezen\/betacellen-vervangen\/","og_site_name":"Breakthrough T1D","article_modified_time":"2025-07-02T08:11:36+00:00","og_image":[{"url":"https:\/\/breakthrought1d.eu\/nl\/wp-content\/uploads\/2024\/09\/A-v-Apeldoorn2024.jpg","type":"","width":"","height":""}],"twitter_card":"summary_large_image","twitter_misc":{"Geschatte leestijd":"4 minuten"},"schema":{"@context":"https:\/\/schema.org","@graph":[{"@type":"WebPage","@id":"https:\/\/breakthrought1d.eu\/nl\/genezen\/betacellen-vervangen\/","url":"https:\/\/breakthrought1d.eu\/nl\/genezen\/betacellen-vervangen\/","name":"B\u00e8tacellen vervangen - Breakthrough T1D","isPartOf":{"@id":"https:\/\/breakthrought1d.eu\/nl\/#website"},"primaryImageOfPage":{"@id":"https:\/\/breakthrought1d.eu\/nl\/genezen\/betacellen-vervangen\/#primaryimage"},"image":{"@id":"https:\/\/breakthrought1d.eu\/nl\/genezen\/betacellen-vervangen\/#primaryimage"},"thumbnailUrl":"https:\/\/breakthrought1d.eu\/nl\/wp-content\/uploads\/2024\/09\/A-v-Apeldoorn2024.jpg","datePublished":"2024-09-05T13:45:54+00:00","dateModified":"2025-07-02T08:11:36+00:00","breadcrumb":{"@id":"https:\/\/breakthrought1d.eu\/nl\/genezen\/betacellen-vervangen\/#breadcrumb"},"inLanguage":"nl-NL","potentialAction":[{"@type":"ReadAction","target":["https:\/\/breakthrought1d.eu\/nl\/genezen\/betacellen-vervangen\/"]}]},{"@type":"ImageObject","inLanguage":"nl-NL","@id":"https:\/\/breakthrought1d.eu\/nl\/genezen\/betacellen-vervangen\/#primaryimage","url":"https:\/\/breakthrought1d.eu\/nl\/wp-content\/uploads\/2024\/09\/A-v-Apeldoorn2024.jpg","contentUrl":"https:\/\/breakthrought1d.eu\/nl\/wp-content\/uploads\/2024\/09\/A-v-Apeldoorn2024.jpg","width":375,"height":210},{"@type":"BreadcrumbList","@id":"https:\/\/breakthrought1d.eu\/nl\/genezen\/betacellen-vervangen\/#breadcrumb","itemListElement":[{"@type":"ListItem","position":1,"name":"Home","item":"https:\/\/breakthrought1d.eu\/nl\/"},{"@type":"ListItem","position":2,"name":"Genezen","item":"https:\/\/breakthrought1d.eu\/nl\/genezen\/"},{"@type":"ListItem","position":3,"name":"B\u00e8tacellen vervangen"}]},{"@type":"WebSite","@id":"https:\/\/breakthrought1d.eu\/nl\/#website","url":"https:\/\/breakthrought1d.eu\/nl\/","name":"Breakthrough T1D","description":"Wij zetten ons in voor een toekomst zonder T1D","publisher":{"@id":"https:\/\/breakthrought1d.eu\/nl\/#organization"},"potentialAction":[{"@type":"SearchAction","target":{"@type":"EntryPoint","urlTemplate":"https:\/\/breakthrought1d.eu\/nl\/?s={search_term_string}"},"query-input":{"@type":"PropertyValueSpecification","valueRequired":true,"valueName":"search_term_string"}}],"inLanguage":"nl-NL"},{"@type":"Organization","@id":"https:\/\/breakthrought1d.eu\/nl\/#organization","name":"Breakthrough T1D","url":"https:\/\/breakthrought1d.eu\/nl\/","logo":{"@type":"ImageObject","inLanguage":"nl-NL","@id":"https:\/\/breakthrought1d.eu\/nl\/#\/schema\/logo\/image\/","url":"https:\/\/breakthrought1d.eu\/nl\/wp-content\/uploads\/2024\/11\/BTlogo.png","contentUrl":"https:\/\/breakthrought1d.eu\/nl\/wp-content\/uploads\/2024\/11\/BTlogo.png","width":330,"height":141,"caption":"Breakthrough T1D"},"image":{"@id":"https:\/\/breakthrought1d.eu\/nl\/#\/schema\/logo\/image\/"}}]}},"_links":{"self":[{"href":"https:\/\/breakthrought1d.eu\/nl\/wp-json\/wp\/v2\/pages\/1299","targetHints":{"allow":["GET"]}}],"collection":[{"href":"https:\/\/breakthrought1d.eu\/nl\/wp-json\/wp\/v2\/pages"}],"about":[{"href":"https:\/\/breakthrought1d.eu\/nl\/wp-json\/wp\/v2\/types\/page"}],"author":[{"embeddable":true,"href":"https:\/\/breakthrought1d.eu\/nl\/wp-json\/wp\/v2\/users\/1"}],"replies":[{"embeddable":true,"href":"https:\/\/breakthrought1d.eu\/nl\/wp-json\/wp\/v2\/comments?post=1299"}],"version-history":[{"count":22,"href":"https:\/\/breakthrought1d.eu\/nl\/wp-json\/wp\/v2\/pages\/1299\/revisions"}],"predecessor-version":[{"id":10216,"href":"https:\/\/breakthrought1d.eu\/nl\/wp-json\/wp\/v2\/pages\/1299\/revisions\/10216"}],"up":[{"embeddable":true,"href":"https:\/\/breakthrought1d.eu\/nl\/wp-json\/wp\/v2\/pages\/1253"}],"wp:attachment":[{"href":"https:\/\/breakthrought1d.eu\/nl\/wp-json\/wp\/v2\/media?parent=1299"}],"curies":[{"name":"wp","href":"https:\/\/api.w.org\/{rel}","templated":true}]}}