{"id":1327,"date":"2024-09-05T14:06:07","date_gmt":"2024-09-05T14:06:07","guid":{"rendered":"https:\/\/breakthrought1d.eu\/nl\/?page_id=1327"},"modified":"2024-09-23T11:22:22","modified_gmt":"2024-09-23T11:22:22","slug":"betacellen-herstellen","status":"publish","type":"page","link":"https:\/\/breakthrought1d.eu\/nl\/genezen\/betacellen-herstellen\/","title":{"rendered":"B\u00e8tacellen herstellen"},"content":{"rendered":"<div class=\"wp-block-jdrf-hero\">\n\t<div class=\"wp-block-jdrf-hero__content-wrap has-blue-background-color has-white-color\">\n\t\t\t\t\t<h1 class=\"wp-block-jdrf-hero__title\">\n\t\t\t\tB\u00e8tacellen herstellen\t\t\t<\/h1>\n\t\t\n\t\t\t\t\t<p class=\"wp-block-jdrf-hero__description\">\n\t\t\t\tBij mensen met type 1 diabetes maakt het immuunsysteem de b\u00e8tacellen in de alvleesklier kapot. Hun lichaam kan daarom geen insuline afgeven, waardoor de bloedglucose stijgt. Zou dit niet opgelost kunnen worden door kapotte b\u00e8tacellen te herstellen? Wetenschappelijk onderzoekers werken eraan. Zodat mensen met type 1 diabetes niet langer zelf insuline hoeven te spuiten en zij weer kunnen vertrouwen op de werking van hun eigen lichaam.\t\t\t<\/p>\n\t\t\n\t\t\t<\/div>\n\n\t<figure class=\"wp-block-jdrf-hero__image-wrapper\">\n\t\t\n<svg xmlns=\"http:\/\/www.w3.org\/2000\/svg\" width=\"182.292\" height=\"545\" viewBox=\"0 0 182.292 545\" preserveAspectRatio=\"xMinYMax\" class=\"curve-circle--desktop\"><path d=\"M182.292,661H0V116H181.305A388.493,388.493,0,0,0,99.836,238.525,386.046,386.046,0,0,0,77.71,310.648c-2.535,12.531-4.47,25.356-5.751,38.116C70.659,361.71,70,374.911,70,388a394.188,394.188,0,0,0,1.978,39.418c1.294,12.819,3.247,25.7,5.806,38.289a385.884,385.884,0,0,0,57.677,138.032A390.8,390.8,0,0,0,182.29,661l0,0h0Z\" transform=\"translate(0 -116)\" fill=\"#002bff\" \/><\/svg>\n\t\t\n<svg xmlns=\"http:\/\/www.w3.org\/2000\/svg\" width=\"545\" height=\"182.292\" viewBox=\"0 0 545 182.292\" preserveAspectRatio=\"xMinYMax\" class=\"curve-circle--mobile\"><path d=\"M182.292,661H0V116H181.305A388.493,388.493,0,0,0,99.836,238.525,386.046,386.046,0,0,0,77.71,310.648c-2.535,12.531-4.47,25.356-5.751,38.116C70.659,361.71,70,374.911,70,388a394.188,394.188,0,0,0,1.978,39.418c1.294,12.819,3.247,25.7,5.806,38.289a385.884,385.884,0,0,0,57.677,138.032A390.8,390.8,0,0,0,182.29,661l0,0h0Z\" transform=\"translate(-116 182.292) rotate(-90)\" fill=\"#002bff\" \/><\/svg>\n\t\t<img loading=\"lazy\" decoding=\"async\" width=\"375\" height=\"210\" src=\"https:\/\/breakthrought1d.eu\/nl\/wp-content\/uploads\/2024\/09\/sciences-2024-2.jpg\" class=\"wp-block-jdrf-hero__image\" alt=\"\" style=\"object-position: 100% 100%;\" srcset=\"https:\/\/breakthrought1d.eu\/nl\/wp-content\/uploads\/2024\/09\/sciences-2024-2.jpg 375w, https:\/\/breakthrought1d.eu\/nl\/wp-content\/uploads\/2024\/09\/sciences-2024-2-300x168.jpg 300w\" sizes=\"auto, (max-width: 375px) 100vw, 375px\" \/>\t<\/figure>\n<\/div>\n\n\n\n<div class=\"wp-block-group alignfull is-layout-constrained wp-block-group-is-layout-constrained\">\n<div class=\"wp-block-columns is-layout-flex wp-container-core-columns-is-layout-28f84493 wp-block-columns-is-layout-flex\">\n<div class=\"wp-block-column is-layout-flow wp-block-column-is-layout-flow\" style=\"flex-basis:33.33%\">\n<h4 class=\"wp-block-heading\" id=\"betacellen-van-een-donor\">B\u00e8tacellen behouden<\/h4>\n<\/div>\n\n\n\n<div class=\"wp-block-column is-layout-flow wp-block-column-is-layout-flow\" style=\"flex-basis:66.66%\">\n<p style=\"margin-bottom:var(--wp--preset--spacing--40)\">Lange tijd dachten wetenschappers dat mensen met type 1 diabetes geen b\u00e8tacellen meer hadden. Dat komt doordat de b\u00e8tacellen niet goed te zien zijn op scans. Door wetenschappelijke innovatie komen we hier steeds meer over te weten. Zo is nu bekend dat sommige mensen met type 1 diabetes nog steeds b\u00e8tacellen hebben. Voor een deel van deze mensen geldt dat hun b\u00e8tacellen ook nog steeds een kleine hoeveelheid insuline aanmaken.<\/p>\n\n\n\n<p style=\"margin-bottom:var(--wp--preset--spacing--40)\">Of dit zo is, wisselt per persoon. Daarom onderzoeken wetenschappers wat het verschil maakt bij mensen met type 1 diabetes. Waarom behoudt de ene persoon b\u00e8tacellen en de andere niet? Ook ontwikkelen wetenschappers manieren om b\u00e8tacellen te zien in het menselijk lichaam. Dit noemen we b\u00e8tacel-imaging. Meer kennis zorgt voor betere oplossingen voor type 1 diabetes. Want als we weten of en hoe sommige mensen b\u00e8tacellen behouden, kunnen wetenschappers de behandeling daarop afstemmen.<\/p>\n<\/div>\n<\/div>\n\n\n\n<div class=\"wp-block-columns is-layout-flex wp-container-core-columns-is-layout-28f84493 wp-block-columns-is-layout-flex\">\n<div class=\"wp-block-column is-layout-flow wp-block-column-is-layout-flow\" style=\"flex-basis:33.33%\">\n<h4 class=\"wp-block-heading\" id=\"betacellen-van-een-donor\">Van glucagonproductie naar insulineproductie<\/h4>\n<\/div>\n\n\n\n<div class=\"wp-block-column is-layout-flow wp-block-column-is-layout-flow\" style=\"flex-basis:66.66%\">\n<p style=\"margin-bottom:var(--wp--preset--spacing--40)\">Veel menselijke cellen zijn elastisch. Dat betekent dat een specifieke cel kan veranderen in een cel met een andere functie. Daarom kijken wetenschappers of andere cellen van mensen met type 1 diabetes veranderd kunnen worden in b\u00e8tacellen die insuline maken. B\u00e8tacellen kunnen veranderen in alfacellen, zo ontdekten zij. Alfacellen zitten ook in de alvleesklier en maken daar glucagon. Glucagon zorgt ervoor dat de bloedglucose stijgt. Cellen die insuline maken, kunnen dus cellen worden die glucagon maken.<\/p>\n\n\n\n<p style=\"margin-bottom:var(--wp--preset--spacing--40)\">Voor mensen met type 1 diabetes is het juist gewenst dat een omgekeerde verandering plaats kan vinden. Wetenschappers zoeken met financiering van Breakthrough T1D naar medicijnen en behandelmethoden die ervoor zorgen dat alfacellen veranderen in b\u00e8tacellen. En wel zodanig dat deze b\u00e8tacellen zich vervolgens ook kunnen vermenigvuldigen, zodat iemand met type 1 diabetes weer genoeg cellen heeft die insuline maken.<\/p>\n<\/div>\n<\/div>\n\n\n\n<div class=\"wp-block-columns is-layout-flex wp-container-core-columns-is-layout-28f84493 wp-block-columns-is-layout-flex\">\n<div class=\"wp-block-column is-layout-flow wp-block-column-is-layout-flow\" style=\"flex-basis:33.33%\">\n<h4 class=\"wp-block-heading\" id=\"betacellen-van-een-donor\">Aandachtsgebieden<\/h4>\n<\/div>\n\n\n\n<div class=\"wp-block-column is-layout-flow wp-block-column-is-layout-flow\" style=\"flex-basis:66.66%\">\n<ol class=\"wp-block-list\">\n<li>B\u00e8tacel overleving\n<ul class=\"wp-block-list\">\n<li>Nieuwe toepassingen voor bestaande medicijnen\/therapie\u00ebn (<em>drug rediscovery<\/em>)<\/li>\n\n\n\n<li>Vinden van nieuwe doelwitten en chemische structuren ter bevordering van overleving van de b\u00e8tacel<\/li>\n\n\n\n<li>Immunotherapie gecombineerd met b\u00e8taceltherapie<\/li>\n<\/ul>\n<\/li>\n\n\n\n<li>B\u00e8tacelregeneratie\n<ul class=\"wp-block-list\">\n<li>Gerichte therapie voor behoud van b\u00e8tacellen<\/li>\n\n\n\n<li>Therapie gericht op het vermeerderen van b\u00e8tacellen<\/li>\n\n\n\n<li>Therapie\u00ebn gericht op het herprogrammeren van andere celtypes<\/li>\n<\/ul>\n<\/li>\n\n\n\n<li>Biomarkers\n<ul class=\"wp-block-list\">\n<li>Biomarkers voor b\u00e8tacel-stress, -dood en -functie<\/li>\n\n\n\n<li>Beeldvorming en biomarkers van b\u00e8tacelmassa<\/li>\n<\/ul>\n<\/li>\n<\/ol>\n<\/div>\n<\/div>\n\n\n\n<div class=\"wp-block-columns is-layout-flex wp-container-core-columns-is-layout-28f84493 wp-block-columns-is-layout-flex\">\n<div class=\"wp-block-column is-layout-flow wp-block-column-is-layout-flow\" style=\"flex-basis:33.33%\">\n<h4 class=\"wp-block-heading\" id=\"betacellen-van-een-donor\">Immunotherapie<\/h4>\n<\/div>\n\n\n\n<div class=\"wp-block-column is-layout-flow wp-block-column-is-layout-flow\" style=\"flex-basis:66.66%\">\n<p style=\"margin-bottom:var(--wp--preset--spacing--40)\">Hoe voorkomen of stoppen we de aanval van het immuunsysteem op de b\u00e8tacellen in de alvleesklier? Met die vraag houden wetenschappers op het gebied van immunotherapie zich bezig.<\/p>\n\n\n\n<h5 class=\"wp-block-heading\" id=\"aandachtsgebieden\">Aanval stoppen<\/h5>\n\n\n\n<p>Onderzoek naar immunotherapie vindt vooral plaats bij andere ziektes, zoals bijvoorbeeld verschillende vormen van kanker. Ook voor de genezing van type 1 diabetes is immunotherapie mogelijk belangrijk. Daarom steunt Breakthrough T1D wetenschappers op het gebied van immunotherapie. Als deze behandeling effect heeft bij andere aandoeningen, is het mogelijk ook een oplossing voor type 1 diabetes.<\/p>\n\n\n\n<p>Immunotherapie richt zich op de aanval van het immuunsysteem op de b\u00e8tacellen in de alvleesklier. Bij mensen met type 1 diabetes worden de lichaamseigen cellen aangevallen. Dit beperkt, en uiteindelijk stopt, de afgifte van insuline in het lichaam. Immunotherapie moet de aanval van het immuunsysteem stoppen of in zijn geheel voorkomen, zodat de b\u00e8tacellen weer insuline af kunnen geven.<\/p>\n\n\n\n<h5 class=\"wp-block-heading\" id=\"aandachtsgebieden\">Aandachtsgebieden<\/h5>\n\n\n\n<ol class=\"wp-block-list\">\n<li>Immunotherapie gericht op verschillende componenten van het immuunsysteem<\/li>\n\n\n\n<li>Therapie gericht op het verhogen van de activiteit van regulatoire T-cellen.<\/li>\n\n\n\n<li>Therapie gericht op het verminderen van de activiteit van de killer T-cellen tegen b\u00e8tacellen<\/li>\n\n\n\n<li>Therapie\u00ebn gericht op het behoud van een &#8217;tolerant&#8217; immuunsysteem (deviation therapies)<\/li>\n\n\n\n<li>Faciliteren van de klinische toepassing van immuuntherapie\u00ebn<\/li>\n\n\n\n<li>Beloop van de auto-immuunreactie: opvullen van gaten in huidige kennis m.b.t. de immuunreactie op b\u00e8tacellen<\/li>\n\n\n\n<li>Biomarkers: biomarkers van het immuunsysteem in kaart brengen om ziektes op te sporen<\/li>\n\n\n\n<li>Combinatietherapie\u00ebn: het benaderen van de ziekte vanaf verschillende kanten<\/li>\n\n\n\n<li>Verbeteren van de opzet van klinische studies: het veranderen van de opzet van klinische studies, zodat sneller resultaten geboekt worden<\/li>\n<\/ol>\n<\/div>\n<\/div>\n<\/div>\n\n\n\n<div class=\"wp-block-columns is-layout-flex wp-container-core-columns-is-layout-28f84493 wp-block-columns-is-layout-flex\">\n<div class=\"wp-block-column is-layout-flow wp-block-column-is-layout-flow\">\n<h4 class=\"wp-block-heading\" id=\"meer-over-dit-onderzoek-in-nederland\">Meer over dit onderzoek in Nederland<\/h4>\n<\/div>\n<\/div>\n\n\n\n<div class=\"wp-block-columns is-layout-flex wp-container-core-columns-is-layout-28f84493 wp-block-columns-is-layout-flex\">\n<div class=\"wp-block-column has-light-gray-background-color has-background is-layout-flow wp-block-column-is-layout-flow\" style=\"padding-top:var(--wp--preset--spacing--24);padding-right:var(--wp--preset--spacing--16);padding-bottom:var(--wp--preset--spacing--24);padding-left:var(--wp--preset--spacing--16)\">\n<figure class=\"wp-block-image size-full\"><a href=\"https:\/\/breakthrought1d.eu\/nl\/wetenschappelijk-onderzoek\/prof-dr-martin-gotthardt-radboudumc\/\"><img loading=\"lazy\" decoding=\"async\" width=\"375\" height=\"210\" src=\"https:\/\/breakthrought1d.eu\/nl\/wp-content\/uploads\/2024\/09\/M-Gotthardt2024.jpg\" alt=\"\" class=\"wp-image-1333\" srcset=\"https:\/\/breakthrought1d.eu\/nl\/wp-content\/uploads\/2024\/09\/M-Gotthardt2024.jpg 375w, https:\/\/breakthrought1d.eu\/nl\/wp-content\/uploads\/2024\/09\/M-Gotthardt2024-300x168.jpg 300w\" sizes=\"auto, (max-width: 375px) 100vw, 375px\" \/><\/a><\/figure>\n\n\n\n<div class=\"wp-block-buttons is-layout-flex wp-block-buttons-is-layout-flex\">\n<div class=\"wp-block-button is-style-large-link\"><a class=\"wp-block-button__link has-text-align-left wp-element-button\" href=\"https:\/\/breakthrought1d.eu\/nl\/wetenschappelijk-onderzoek\/prof-dr-martin-gotthardt-radboudumc\/\">Prof. dr. Martin Gotthardt \u2013 Radboudumc<\/a><\/div>\n<\/div>\n\n\n\n<p>Het onderzoek van prof. dr. Martin Gotthardt richt zich op b\u00e8tacel-imaging\u2026.<\/p>\n<\/div>\n\n\n\n<div class=\"wp-block-column has-light-gray-background-color has-background is-layout-flow wp-block-column-is-layout-flow\" style=\"padding-top:var(--wp--preset--spacing--24);padding-right:var(--wp--preset--spacing--16);padding-bottom:var(--wp--preset--spacing--24);padding-left:var(--wp--preset--spacing--16)\">\n<figure class=\"wp-block-image size-full\"><a href=\"https:\/\/breakthrought1d.eu\/nl\/wetenschappelijk-onderzoek\/dr-francoise-carlotti-lumc\/\"><img loading=\"lazy\" decoding=\"async\" width=\"375\" height=\"210\" src=\"https:\/\/breakthrought1d.eu\/nl\/wp-content\/uploads\/2024\/09\/F-Carlotti2024.jpg\" alt=\"\" class=\"wp-image-1336\" srcset=\"https:\/\/breakthrought1d.eu\/nl\/wp-content\/uploads\/2024\/09\/F-Carlotti2024.jpg 375w, https:\/\/breakthrought1d.eu\/nl\/wp-content\/uploads\/2024\/09\/F-Carlotti2024-300x168.jpg 300w\" sizes=\"auto, (max-width: 375px) 100vw, 375px\" \/><\/a><\/figure>\n\n\n\n<div class=\"wp-block-buttons is-layout-flex wp-block-buttons-is-layout-flex\">\n<div class=\"wp-block-button is-style-large-link\"><a class=\"wp-block-button__link has-text-align-left wp-element-button\" href=\"https:\/\/breakthrought1d.eu\/nl\/wetenschappelijk-onderzoek\/dr-francoise-carlotti-lumc\/\">Dr. Fran\u00e7oise Carlotti \u2013 LUMC<\/a><\/div>\n<\/div>\n\n\n\n<p>Het onderzoek van dr. Fran\u00e7oise Carlotti richt zich op de vraag hoe insulineproducerende b\u00e8tacellen kunnen transformeren in g\u2026<\/p>\n<\/div>\n\n\n\n<div class=\"wp-block-column has-light-gray-background-color has-background is-layout-flow wp-block-column-is-layout-flow\" style=\"padding-top:var(--wp--preset--spacing--24);padding-right:var(--wp--preset--spacing--16);padding-bottom:var(--wp--preset--spacing--24);padding-left:var(--wp--preset--spacing--16)\">\n<figure class=\"wp-block-image size-full\"><a href=\"https:\/\/breakthrought1d.eu\/nl\/wetenschappelijk-onderzoek\/dr-henk-jan-aanstoot-diabeter\/\"><img loading=\"lazy\" decoding=\"async\" width=\"375\" height=\"210\" src=\"https:\/\/breakthrought1d.eu\/nl\/wp-content\/uploads\/2024\/09\/Henk-Jan-Aanstoot2024.png\" alt=\"\" class=\"wp-image-1339\" srcset=\"https:\/\/breakthrought1d.eu\/nl\/wp-content\/uploads\/2024\/09\/Henk-Jan-Aanstoot2024.png 375w, https:\/\/breakthrought1d.eu\/nl\/wp-content\/uploads\/2024\/09\/Henk-Jan-Aanstoot2024-300x168.png 300w\" sizes=\"auto, (max-width: 375px) 100vw, 375px\" \/><\/a><\/figure>\n\n\n\n<div class=\"wp-block-buttons is-layout-flex wp-block-buttons-is-layout-flex\">\n<div class=\"wp-block-button is-style-large-link\"><a class=\"wp-block-button__link has-text-align-left wp-element-button\" href=\"https:\/\/breakthrought1d.eu\/nl\/wetenschappelijk-onderzoek\/dr-henk-jan-aanstoot-diabeter\/\">Dr. Henk-Jan Aanstoot \u2013 Diabeter<\/a><\/div>\n<\/div>\n\n\n\n<p>Het onderzoek van dr. Henk-Jan Aanstoot richt zich op biomarkers bij type 1 diabetes\u2026.<\/p>\n<\/div>\n\n\n\n<div class=\"wp-block-column has-white-background-color has-background is-layout-flow wp-block-column-is-layout-flow\" style=\"padding-top:var(--wp--preset--spacing--24);padding-right:var(--wp--preset--spacing--16);padding-bottom:var(--wp--preset--spacing--24);padding-left:var(--wp--preset--spacing--16)\"><\/div>\n<\/div>\n\n\n\n<div class=\"wp-block-columns is-layout-flex wp-container-core-columns-is-layout-28f84493 wp-block-columns-is-layout-flex\"><\/div>\n","protected":false,"raw":""},"excerpt":{"rendered":"<p>B\u00e8tacellen behouden Lange tijd dachten wetenschappers dat mensen met type 1 diabetes geen b\u00e8tacellen meer hadden. Dat komt doordat de b\u00e8tacellen niet goed te zien zijn op scans. Door wetenschappelijke innovatie komen we hier steeds meer over te weten. Zo is nu bekend dat sommige mensen met type 1 diabetes nog steeds b\u00e8tacellen hebben. Voor [&hellip;]<\/p>\n","protected":false},"author":1,"featured_media":0,"parent":1253,"menu_order":0,"comment_status":"closed","ping_status":"closed","template":"","meta":{"footnotes":""},"class_list":["post-1327","page","type-page","status-publish","hentry"],"yoast_head":"<!-- This site is optimized with the Yoast SEO plugin v25.3 - https:\/\/yoast.com\/wordpress\/plugins\/seo\/ -->\n<title>B\u00e8tacellen herstellen - Breakthrough T1D<\/title>\n<meta name=\"robots\" content=\"index, follow, max-snippet:-1, max-image-preview:large, max-video-preview:-1\" \/>\n<link rel=\"canonical\" href=\"https:\/\/breakthrought1d.eu\/nl\/genezen\/betacellen-herstellen\/\" \/>\n<meta property=\"og:locale\" content=\"nl_NL\" \/>\n<meta property=\"og:type\" content=\"article\" \/>\n<meta property=\"og:title\" content=\"B\u00e8tacellen herstellen - Breakthrough T1D\" \/>\n<meta property=\"og:description\" content=\"B\u00e8tacellen behouden Lange tijd dachten wetenschappers dat mensen met type 1 diabetes geen b\u00e8tacellen meer hadden. Dat komt doordat de b\u00e8tacellen niet goed te zien zijn op scans. Door wetenschappelijke innovatie komen we hier steeds meer over te weten. Zo is nu bekend dat sommige mensen met type 1 diabetes nog steeds b\u00e8tacellen hebben. Voor [&hellip;]\" \/>\n<meta property=\"og:url\" content=\"https:\/\/breakthrought1d.eu\/nl\/genezen\/betacellen-herstellen\/\" \/>\n<meta property=\"og:site_name\" content=\"Breakthrough T1D\" \/>\n<meta property=\"article:modified_time\" content=\"2024-09-23T11:22:22+00:00\" \/>\n<meta property=\"og:image\" content=\"https:\/\/breakthrought1d.eu\/nl\/wp-content\/uploads\/2024\/09\/M-Gotthardt2024.jpg\" \/>\n<meta name=\"twitter:card\" content=\"summary_large_image\" \/>\n<meta name=\"twitter:label1\" content=\"Geschatte leestijd\" \/>\n\t<meta name=\"twitter:data1\" content=\"4 minuten\" \/>\n<script type=\"application\/ld+json\" class=\"yoast-schema-graph\">{\"@context\":\"https:\/\/schema.org\",\"@graph\":[{\"@type\":\"WebPage\",\"@id\":\"https:\/\/breakthrought1d.eu\/nl\/genezen\/betacellen-herstellen\/\",\"url\":\"https:\/\/breakthrought1d.eu\/nl\/genezen\/betacellen-herstellen\/\",\"name\":\"B\u00e8tacellen herstellen - Breakthrough T1D\",\"isPartOf\":{\"@id\":\"https:\/\/breakthrought1d.eu\/nl\/#website\"},\"primaryImageOfPage\":{\"@id\":\"https:\/\/breakthrought1d.eu\/nl\/genezen\/betacellen-herstellen\/#primaryimage\"},\"image\":{\"@id\":\"https:\/\/breakthrought1d.eu\/nl\/genezen\/betacellen-herstellen\/#primaryimage\"},\"thumbnailUrl\":\"https:\/\/breakthrought1d.eu\/nl\/wp-content\/uploads\/2024\/09\/M-Gotthardt2024.jpg\",\"datePublished\":\"2024-09-05T14:06:07+00:00\",\"dateModified\":\"2024-09-23T11:22:22+00:00\",\"breadcrumb\":{\"@id\":\"https:\/\/breakthrought1d.eu\/nl\/genezen\/betacellen-herstellen\/#breadcrumb\"},\"inLanguage\":\"nl-NL\",\"potentialAction\":[{\"@type\":\"ReadAction\",\"target\":[\"https:\/\/breakthrought1d.eu\/nl\/genezen\/betacellen-herstellen\/\"]}]},{\"@type\":\"ImageObject\",\"inLanguage\":\"nl-NL\",\"@id\":\"https:\/\/breakthrought1d.eu\/nl\/genezen\/betacellen-herstellen\/#primaryimage\",\"url\":\"https:\/\/breakthrought1d.eu\/nl\/wp-content\/uploads\/2024\/09\/M-Gotthardt2024.jpg\",\"contentUrl\":\"https:\/\/breakthrought1d.eu\/nl\/wp-content\/uploads\/2024\/09\/M-Gotthardt2024.jpg\",\"width\":375,\"height\":210},{\"@type\":\"BreadcrumbList\",\"@id\":\"https:\/\/breakthrought1d.eu\/nl\/genezen\/betacellen-herstellen\/#breadcrumb\",\"itemListElement\":[{\"@type\":\"ListItem\",\"position\":1,\"name\":\"Home\",\"item\":\"https:\/\/breakthrought1d.eu\/nl\/\"},{\"@type\":\"ListItem\",\"position\":2,\"name\":\"Genezen\",\"item\":\"https:\/\/breakthrought1d.eu\/nl\/genezen\/\"},{\"@type\":\"ListItem\",\"position\":3,\"name\":\"B\u00e8tacellen herstellen\"}]},{\"@type\":\"WebSite\",\"@id\":\"https:\/\/breakthrought1d.eu\/nl\/#website\",\"url\":\"https:\/\/breakthrought1d.eu\/nl\/\",\"name\":\"Breakthrough T1D\",\"description\":\"Wij zetten ons in voor een toekomst zonder T1D\",\"publisher\":{\"@id\":\"https:\/\/breakthrought1d.eu\/nl\/#organization\"},\"potentialAction\":[{\"@type\":\"SearchAction\",\"target\":{\"@type\":\"EntryPoint\",\"urlTemplate\":\"https:\/\/breakthrought1d.eu\/nl\/?s={search_term_string}\"},\"query-input\":{\"@type\":\"PropertyValueSpecification\",\"valueRequired\":true,\"valueName\":\"search_term_string\"}}],\"inLanguage\":\"nl-NL\"},{\"@type\":\"Organization\",\"@id\":\"https:\/\/breakthrought1d.eu\/nl\/#organization\",\"name\":\"Breakthrough T1D\",\"url\":\"https:\/\/breakthrought1d.eu\/nl\/\",\"logo\":{\"@type\":\"ImageObject\",\"inLanguage\":\"nl-NL\",\"@id\":\"https:\/\/breakthrought1d.eu\/nl\/#\/schema\/logo\/image\/\",\"url\":\"https:\/\/breakthrought1d.eu\/nl\/wp-content\/uploads\/2024\/11\/BTlogo.png\",\"contentUrl\":\"https:\/\/breakthrought1d.eu\/nl\/wp-content\/uploads\/2024\/11\/BTlogo.png\",\"width\":330,\"height\":141,\"caption\":\"Breakthrough T1D\"},\"image\":{\"@id\":\"https:\/\/breakthrought1d.eu\/nl\/#\/schema\/logo\/image\/\"}}]}<\/script>\n<!-- \/ Yoast SEO plugin. -->","yoast_head_json":{"title":"B\u00e8tacellen herstellen - Breakthrough T1D","robots":{"index":"index","follow":"follow","max-snippet":"max-snippet:-1","max-image-preview":"max-image-preview:large","max-video-preview":"max-video-preview:-1"},"canonical":"https:\/\/breakthrought1d.eu\/nl\/genezen\/betacellen-herstellen\/","og_locale":"nl_NL","og_type":"article","og_title":"B\u00e8tacellen herstellen - Breakthrough T1D","og_description":"B\u00e8tacellen behouden Lange tijd dachten wetenschappers dat mensen met type 1 diabetes geen b\u00e8tacellen meer hadden. Dat komt doordat de b\u00e8tacellen niet goed te zien zijn op scans. Door wetenschappelijke innovatie komen we hier steeds meer over te weten. Zo is nu bekend dat sommige mensen met type 1 diabetes nog steeds b\u00e8tacellen hebben. Voor [&hellip;]","og_url":"https:\/\/breakthrought1d.eu\/nl\/genezen\/betacellen-herstellen\/","og_site_name":"Breakthrough T1D","article_modified_time":"2024-09-23T11:22:22+00:00","og_image":[{"url":"https:\/\/breakthrought1d.eu\/nl\/wp-content\/uploads\/2024\/09\/M-Gotthardt2024.jpg","type":"","width":"","height":""}],"twitter_card":"summary_large_image","twitter_misc":{"Geschatte leestijd":"4 minuten"},"schema":{"@context":"https:\/\/schema.org","@graph":[{"@type":"WebPage","@id":"https:\/\/breakthrought1d.eu\/nl\/genezen\/betacellen-herstellen\/","url":"https:\/\/breakthrought1d.eu\/nl\/genezen\/betacellen-herstellen\/","name":"B\u00e8tacellen herstellen - Breakthrough T1D","isPartOf":{"@id":"https:\/\/breakthrought1d.eu\/nl\/#website"},"primaryImageOfPage":{"@id":"https:\/\/breakthrought1d.eu\/nl\/genezen\/betacellen-herstellen\/#primaryimage"},"image":{"@id":"https:\/\/breakthrought1d.eu\/nl\/genezen\/betacellen-herstellen\/#primaryimage"},"thumbnailUrl":"https:\/\/breakthrought1d.eu\/nl\/wp-content\/uploads\/2024\/09\/M-Gotthardt2024.jpg","datePublished":"2024-09-05T14:06:07+00:00","dateModified":"2024-09-23T11:22:22+00:00","breadcrumb":{"@id":"https:\/\/breakthrought1d.eu\/nl\/genezen\/betacellen-herstellen\/#breadcrumb"},"inLanguage":"nl-NL","potentialAction":[{"@type":"ReadAction","target":["https:\/\/breakthrought1d.eu\/nl\/genezen\/betacellen-herstellen\/"]}]},{"@type":"ImageObject","inLanguage":"nl-NL","@id":"https:\/\/breakthrought1d.eu\/nl\/genezen\/betacellen-herstellen\/#primaryimage","url":"https:\/\/breakthrought1d.eu\/nl\/wp-content\/uploads\/2024\/09\/M-Gotthardt2024.jpg","contentUrl":"https:\/\/breakthrought1d.eu\/nl\/wp-content\/uploads\/2024\/09\/M-Gotthardt2024.jpg","width":375,"height":210},{"@type":"BreadcrumbList","@id":"https:\/\/breakthrought1d.eu\/nl\/genezen\/betacellen-herstellen\/#breadcrumb","itemListElement":[{"@type":"ListItem","position":1,"name":"Home","item":"https:\/\/breakthrought1d.eu\/nl\/"},{"@type":"ListItem","position":2,"name":"Genezen","item":"https:\/\/breakthrought1d.eu\/nl\/genezen\/"},{"@type":"ListItem","position":3,"name":"B\u00e8tacellen herstellen"}]},{"@type":"WebSite","@id":"https:\/\/breakthrought1d.eu\/nl\/#website","url":"https:\/\/breakthrought1d.eu\/nl\/","name":"Breakthrough T1D","description":"Wij zetten ons in voor een toekomst zonder T1D","publisher":{"@id":"https:\/\/breakthrought1d.eu\/nl\/#organization"},"potentialAction":[{"@type":"SearchAction","target":{"@type":"EntryPoint","urlTemplate":"https:\/\/breakthrought1d.eu\/nl\/?s={search_term_string}"},"query-input":{"@type":"PropertyValueSpecification","valueRequired":true,"valueName":"search_term_string"}}],"inLanguage":"nl-NL"},{"@type":"Organization","@id":"https:\/\/breakthrought1d.eu\/nl\/#organization","name":"Breakthrough T1D","url":"https:\/\/breakthrought1d.eu\/nl\/","logo":{"@type":"ImageObject","inLanguage":"nl-NL","@id":"https:\/\/breakthrought1d.eu\/nl\/#\/schema\/logo\/image\/","url":"https:\/\/breakthrought1d.eu\/nl\/wp-content\/uploads\/2024\/11\/BTlogo.png","contentUrl":"https:\/\/breakthrought1d.eu\/nl\/wp-content\/uploads\/2024\/11\/BTlogo.png","width":330,"height":141,"caption":"Breakthrough T1D"},"image":{"@id":"https:\/\/breakthrought1d.eu\/nl\/#\/schema\/logo\/image\/"}}]}},"_links":{"self":[{"href":"https:\/\/breakthrought1d.eu\/nl\/wp-json\/wp\/v2\/pages\/1327","targetHints":{"allow":["GET"]}}],"collection":[{"href":"https:\/\/breakthrought1d.eu\/nl\/wp-json\/wp\/v2\/pages"}],"about":[{"href":"https:\/\/breakthrought1d.eu\/nl\/wp-json\/wp\/v2\/types\/page"}],"author":[{"embeddable":true,"href":"https:\/\/breakthrought1d.eu\/nl\/wp-json\/wp\/v2\/users\/1"}],"replies":[{"embeddable":true,"href":"https:\/\/breakthrought1d.eu\/nl\/wp-json\/wp\/v2\/comments?post=1327"}],"version-history":[{"count":13,"href":"https:\/\/breakthrought1d.eu\/nl\/wp-json\/wp\/v2\/pages\/1327\/revisions"}],"predecessor-version":[{"id":8404,"href":"https:\/\/breakthrought1d.eu\/nl\/wp-json\/wp\/v2\/pages\/1327\/revisions\/8404"}],"up":[{"embeddable":true,"href":"https:\/\/breakthrought1d.eu\/nl\/wp-json\/wp\/v2\/pages\/1253"}],"wp:attachment":[{"href":"https:\/\/breakthrought1d.eu\/nl\/wp-json\/wp\/v2\/media?parent=1327"}],"curies":[{"name":"wp","href":"https:\/\/api.w.org\/{rel}","templated":true}]}}