{"id":1547,"date":"2024-09-07T18:21:26","date_gmt":"2024-09-07T18:21:26","guid":{"rendered":"https:\/\/breakthrought1d.eu\/nl\/?page_id=1547"},"modified":"2025-11-12T10:29:09","modified_gmt":"2025-11-12T09:29:09","slug":"team","status":"publish","type":"page","link":"https:\/\/breakthrought1d.eu\/nl\/mensen\/team\/","title":{"rendered":"Team"},"content":{"rendered":"<div class=\"wp-block-jdrf-hero\">\n\t<div class=\"wp-block-jdrf-hero__content-wrap has-blue-background-color has-white-color\">\n\t\t\t\t\t<h1 class=\"wp-block-jdrf-hero__title\">\n\t\t\t\tOntmoet het T1D-team\t\t\t<\/h1>\n\t\t\n\t\t\t\t\t<p class=\"wp-block-jdrf-hero__description\">\n\t\t\t\tDag in, dag uit zetten wij ons samen in voor een wereld zonder type 1 diabetes. Je vindt al onze medewerkers en hun contactgegevens op deze pagina. Wil jij samen met ons type 1 diabetes de wereld uit helpen: van type \u00e9\u00e9n naar type g\u00e9\u00e9n? Neem dan contact op met een van onze medewerkers of mail ons op info@breakthrought1d.eu. Als je graag zou willen werken bij Breakthrough T1D, bekijk dan onze vacatures:\t\t\t<\/p>\n\t\t\n\t\t\t\t\t<div class=\"wp-block-jdrf-hero__button wp-block-button\">\n\t\t\t\t<a href=\"https:\/\/breakthrought1d.eu\/nl\/mensen\/vacatures\/\" class=\"wp-block-button__link\" >Werken bij Breakthrough T1D<\/a>\n\t\t\t<\/div>\n\t\t\t<\/div>\n\n\t<figure class=\"wp-block-jdrf-hero__image-wrapper\">\n\t\t\n<svg xmlns=\"http:\/\/www.w3.org\/2000\/svg\" width=\"182.292\" height=\"545\" viewBox=\"0 0 182.292 545\" preserveAspectRatio=\"xMinYMax\" class=\"curve-circle--desktop\"><path d=\"M182.292,661H0V116H181.305A388.493,388.493,0,0,0,99.836,238.525,386.046,386.046,0,0,0,77.71,310.648c-2.535,12.531-4.47,25.356-5.751,38.116C70.659,361.71,70,374.911,70,388a394.188,394.188,0,0,0,1.978,39.418c1.294,12.819,3.247,25.7,5.806,38.289a385.884,385.884,0,0,0,57.677,138.032A390.8,390.8,0,0,0,182.29,661l0,0h0Z\" transform=\"translate(0 -116)\" fill=\"#002bff\" \/><\/svg>\n\t\t\n<svg xmlns=\"http:\/\/www.w3.org\/2000\/svg\" width=\"545\" height=\"182.292\" viewBox=\"0 0 545 182.292\" preserveAspectRatio=\"xMinYMax\" class=\"curve-circle--mobile\"><path d=\"M182.292,661H0V116H181.305A388.493,388.493,0,0,0,99.836,238.525,386.046,386.046,0,0,0,77.71,310.648c-2.535,12.531-4.47,25.356-5.751,38.116C70.659,361.71,70,374.911,70,388a394.188,394.188,0,0,0,1.978,39.418c1.294,12.819,3.247,25.7,5.806,38.289a385.884,385.884,0,0,0,57.677,138.032A390.8,390.8,0,0,0,182.29,661l0,0h0Z\" transform=\"translate(-116 182.292) rotate(-90)\" fill=\"#002bff\" \/><\/svg>\n\t\t<img loading=\"lazy\" decoding=\"async\" width=\"1920\" height=\"1280\" src=\"https:\/\/breakthrought1d.eu\/nl\/wp-content\/uploads\/2012\/01\/studeren2-4.jpg\" class=\"wp-block-jdrf-hero__image\" alt=\"\" style=\"object-position: 100% 100%;\" srcset=\"https:\/\/breakthrought1d.eu\/nl\/wp-content\/uploads\/2012\/01\/studeren2-4.jpg 1920w, https:\/\/breakthrought1d.eu\/nl\/wp-content\/uploads\/2012\/01\/studeren2-4-300x200.jpg 300w, https:\/\/breakthrought1d.eu\/nl\/wp-content\/uploads\/2012\/01\/studeren2-4-1024x683.jpg 1024w, https:\/\/breakthrought1d.eu\/nl\/wp-content\/uploads\/2012\/01\/studeren2-4-768x512.jpg 768w, https:\/\/breakthrought1d.eu\/nl\/wp-content\/uploads\/2012\/01\/studeren2-4-1536x1024.jpg 1536w\" sizes=\"auto, (max-width: 1920px) 100vw, 1920px\" \/>\t<\/figure>\n<\/div>\n\n\n\n<div class=\"wp-block-group alignfull has-light-gray-background-color has-background is-layout-constrained wp-block-group-is-layout-constrained\">\n<div class=\"wp-block-columns is-layout-flex wp-container-core-columns-is-layout-28f84493 wp-block-columns-is-layout-flex\">\n<div class=\"wp-block-column is-layout-flow wp-block-column-is-layout-flow\" style=\"flex-basis:33.33%\">\n<figure class=\"wp-block-image size-large\"><img loading=\"lazy\" decoding=\"async\" width=\"888\" height=\"889\" src=\"https:\/\/breakthrought1d.eu\/nl\/wp-content\/uploads\/2024\/09\/joris2024-1-edited.jpg\" alt=\"\" class=\"wp-image-1596\" srcset=\"https:\/\/breakthrought1d.eu\/nl\/wp-content\/uploads\/2024\/09\/joris2024-1-edited.jpg 888w, https:\/\/breakthrought1d.eu\/nl\/wp-content\/uploads\/2024\/09\/joris2024-1-edited-300x300.jpg 300w, https:\/\/breakthrought1d.eu\/nl\/wp-content\/uploads\/2024\/09\/joris2024-1-edited-150x150.jpg 150w, https:\/\/breakthrought1d.eu\/nl\/wp-content\/uploads\/2024\/09\/joris2024-1-edited-768x769.jpg 768w\" sizes=\"auto, (max-width: 888px) 100vw, 888px\" \/><\/figure>\n<\/div>\n\n\n\n<div class=\"wp-block-column is-layout-flow wp-block-column-is-layout-flow\" style=\"flex-basis:66.66%\">\n<h3 class=\"wp-block-heading\" id=\"highlight-c-text-on-image-or-color\">Joris Rijnders<br>Teammanager<\/h3>\n\n\n\n<p class=\"is-style-large-body\">In de functie van teammanager is Joris Rijnders verantwoordelijk voor diverse onderdelen van de bedrijfsvoering; personeel, informatie, organisatie, financi\u00ebn, algemene zaken en huisvesting.<\/p>\n\n\n\n<div class=\"wp-block-buttons is-layout-flex wp-block-buttons-is-layout-flex\">\n<div class=\"wp-block-button\"><a class=\"wp-block-button__link wp-element-button\" href=\"mailto: jrijnders@breakthrought1d.eu\" target=\"_blank\" rel=\"noreferrer noopener\">Neem contact op met Joris Rijnders<\/a><\/div>\n<\/div>\n<\/div>\n<\/div>\n<\/div>\n\n\n\n<div class=\"wp-block-group alignfull has-light-gray-background-color has-background is-layout-constrained wp-block-group-is-layout-constrained\">\n<div class=\"wp-block-columns is-layout-flex wp-container-core-columns-is-layout-28f84493 wp-block-columns-is-layout-flex\">\n<div class=\"wp-block-column is-layout-flow wp-block-column-is-layout-flow\" style=\"flex-basis:33.33%\">\n<figure class=\"wp-block-image size-full\"><img loading=\"lazy\" decoding=\"async\" width=\"1000\" height=\"1000\" src=\"https:\/\/breakthrought1d.eu\/nl\/wp-content\/uploads\/2025\/01\/1.png\" alt=\"\" class=\"wp-image-9447\" srcset=\"https:\/\/breakthrought1d.eu\/nl\/wp-content\/uploads\/2025\/01\/1.png 1000w, https:\/\/breakthrought1d.eu\/nl\/wp-content\/uploads\/2025\/01\/1-300x300.png 300w, https:\/\/breakthrought1d.eu\/nl\/wp-content\/uploads\/2025\/01\/1-150x150.png 150w, https:\/\/breakthrought1d.eu\/nl\/wp-content\/uploads\/2025\/01\/1-768x768.png 768w\" sizes=\"auto, (max-width: 1000px) 100vw, 1000px\" \/><\/figure>\n<\/div>\n\n\n\n<div class=\"wp-block-column is-layout-flow wp-block-column-is-layout-flow\" style=\"flex-basis:66.66%\">\n<h3 class=\"wp-block-heading\" id=\"highlight-c-text-on-image-or-color\">Sanne Schripsema<br>Relatiebeheerder zakelijke markt<\/h3>\n\n\n\n<p class=\"is-style-large-body\">Sanne heeft binnen Breakthrough T1D de functie van Relatiebeheerder zakelijke markt. Als iemand die al 14 jaar leeft met diabetes type 1, weet ze uit eigen ervaring hoe belangrijk onze missie is: samen met partners, sponsoren en donateurs doorbraken realiseren voor iedereen die leeft met deze chronische aandoening.<\/p>\n\n\n\n<div class=\"wp-block-buttons is-layout-flex wp-block-buttons-is-layout-flex\">\n<div class=\"wp-block-button\"><a class=\"wp-block-button__link wp-element-button\" href=\"mailto: sschripsema@breakthrought1d.eu\" target=\"_blank\" rel=\"noreferrer noopener\">Neem contact op met Sanne Schripsema<\/a><\/div>\n<\/div>\n<\/div>\n<\/div>\n<\/div>\n\n\n\n<div class=\"wp-block-group alignfull is-layout-constrained wp-block-group-is-layout-constrained\"><\/div>\n","protected":false,"raw":""},"excerpt":{"rendered":"<p>Joris RijndersTeammanager In de functie van teammanager is Joris Rijnders verantwoordelijk voor diverse onderdelen van de bedrijfsvoering; personeel, informatie, organisatie, financi\u00ebn, algemene zaken en huisvesting. Sanne SchripsemaRelatiebeheerder zakelijke markt Sanne heeft binnen Breakthrough T1D de functie van Relatiebeheerder zakelijke markt. Als iemand die al 14 jaar leeft met diabetes type 1, weet ze uit eigen [&hellip;]<\/p>\n","protected":false},"author":1,"featured_media":0,"parent":1617,"menu_order":0,"comment_status":"closed","ping_status":"closed","template":"","meta":{"footnotes":""},"class_list":["post-1547","page","type-page","status-publish","hentry"],"yoast_head":"<!-- This site is optimized with the Yoast SEO plugin v25.3 - https:\/\/yoast.com\/wordpress\/plugins\/seo\/ -->\n<title>Team - Breakthrough T1D<\/title>\n<meta name=\"robots\" content=\"index, follow, max-snippet:-1, max-image-preview:large, max-video-preview:-1\" \/>\n<link rel=\"canonical\" href=\"https:\/\/breakthrought1d.eu\/nl\/mensen\/team\/\" \/>\n<meta property=\"og:locale\" content=\"nl_NL\" \/>\n<meta property=\"og:type\" content=\"article\" \/>\n<meta property=\"og:title\" content=\"Team - Breakthrough T1D\" \/>\n<meta property=\"og:description\" content=\"Joris RijndersTeammanager In de functie van teammanager is Joris Rijnders verantwoordelijk voor diverse onderdelen van de bedrijfsvoering; personeel, informatie, organisatie, financi\u00ebn, algemene zaken en huisvesting. Sanne SchripsemaRelatiebeheerder zakelijke markt Sanne heeft binnen Breakthrough T1D de functie van Relatiebeheerder zakelijke markt. Als iemand die al 14 jaar leeft met diabetes type 1, weet ze uit eigen [&hellip;]\" \/>\n<meta property=\"og:url\" content=\"https:\/\/breakthrought1d.eu\/nl\/mensen\/team\/\" \/>\n<meta property=\"og:site_name\" content=\"Breakthrough T1D\" \/>\n<meta property=\"article:modified_time\" content=\"2025-11-12T09:29:09+00:00\" \/>\n<meta property=\"og:image\" content=\"https:\/\/breakthrought1d.eu\/nl\/wp-content\/uploads\/2024\/09\/joris2024-1-edited.jpg\" \/>\n<meta name=\"twitter:card\" content=\"summary_large_image\" \/>\n<meta name=\"twitter:label1\" content=\"Geschatte leestijd\" \/>\n\t<meta name=\"twitter:data1\" content=\"1 minuut\" \/>\n<script type=\"application\/ld+json\" class=\"yoast-schema-graph\">{\"@context\":\"https:\/\/schema.org\",\"@graph\":[{\"@type\":\"WebPage\",\"@id\":\"https:\/\/breakthrought1d.eu\/nl\/mensen\/team\/\",\"url\":\"https:\/\/breakthrought1d.eu\/nl\/mensen\/team\/\",\"name\":\"Team - Breakthrough T1D\",\"isPartOf\":{\"@id\":\"https:\/\/breakthrought1d.eu\/nl\/#website\"},\"primaryImageOfPage\":{\"@id\":\"https:\/\/breakthrought1d.eu\/nl\/mensen\/team\/#primaryimage\"},\"image\":{\"@id\":\"https:\/\/breakthrought1d.eu\/nl\/mensen\/team\/#primaryimage\"},\"thumbnailUrl\":\"https:\/\/breakthrought1d.eu\/nl\/wp-content\/uploads\/2024\/09\/joris2024-1-edited.jpg\",\"datePublished\":\"2024-09-07T18:21:26+00:00\",\"dateModified\":\"2025-11-12T09:29:09+00:00\",\"breadcrumb\":{\"@id\":\"https:\/\/breakthrought1d.eu\/nl\/mensen\/team\/#breadcrumb\"},\"inLanguage\":\"nl-NL\",\"potentialAction\":[{\"@type\":\"ReadAction\",\"target\":[\"https:\/\/breakthrought1d.eu\/nl\/mensen\/team\/\"]}]},{\"@type\":\"ImageObject\",\"inLanguage\":\"nl-NL\",\"@id\":\"https:\/\/breakthrought1d.eu\/nl\/mensen\/team\/#primaryimage\",\"url\":\"https:\/\/breakthrought1d.eu\/nl\/wp-content\/uploads\/2024\/09\/joris2024-1-edited.jpg\",\"contentUrl\":\"https:\/\/breakthrought1d.eu\/nl\/wp-content\/uploads\/2024\/09\/joris2024-1-edited.jpg\",\"width\":888,\"height\":889},{\"@type\":\"BreadcrumbList\",\"@id\":\"https:\/\/breakthrought1d.eu\/nl\/mensen\/team\/#breadcrumb\",\"itemListElement\":[{\"@type\":\"ListItem\",\"position\":1,\"name\":\"Home\",\"item\":\"https:\/\/breakthrought1d.eu\/nl\/\"},{\"@type\":\"ListItem\",\"position\":2,\"name\":\"Mensen\",\"item\":\"https:\/\/breakthrought1d.eu\/nl\/mensen\/\"},{\"@type\":\"ListItem\",\"position\":3,\"name\":\"Team\"}]},{\"@type\":\"WebSite\",\"@id\":\"https:\/\/breakthrought1d.eu\/nl\/#website\",\"url\":\"https:\/\/breakthrought1d.eu\/nl\/\",\"name\":\"Breakthrough T1D\",\"description\":\"Wij zetten ons in voor een toekomst zonder T1D\",\"publisher\":{\"@id\":\"https:\/\/breakthrought1d.eu\/nl\/#organization\"},\"potentialAction\":[{\"@type\":\"SearchAction\",\"target\":{\"@type\":\"EntryPoint\",\"urlTemplate\":\"https:\/\/breakthrought1d.eu\/nl\/?s={search_term_string}\"},\"query-input\":{\"@type\":\"PropertyValueSpecification\",\"valueRequired\":true,\"valueName\":\"search_term_string\"}}],\"inLanguage\":\"nl-NL\"},{\"@type\":\"Organization\",\"@id\":\"https:\/\/breakthrought1d.eu\/nl\/#organization\",\"name\":\"Breakthrough T1D\",\"url\":\"https:\/\/breakthrought1d.eu\/nl\/\",\"logo\":{\"@type\":\"ImageObject\",\"inLanguage\":\"nl-NL\",\"@id\":\"https:\/\/breakthrought1d.eu\/nl\/#\/schema\/logo\/image\/\",\"url\":\"https:\/\/breakthrought1d.eu\/nl\/wp-content\/uploads\/2024\/11\/BTlogo.png\",\"contentUrl\":\"https:\/\/breakthrought1d.eu\/nl\/wp-content\/uploads\/2024\/11\/BTlogo.png\",\"width\":330,\"height\":141,\"caption\":\"Breakthrough T1D\"},\"image\":{\"@id\":\"https:\/\/breakthrought1d.eu\/nl\/#\/schema\/logo\/image\/\"}}]}<\/script>\n<!-- \/ Yoast SEO plugin. -->","yoast_head_json":{"title":"Team - Breakthrough T1D","robots":{"index":"index","follow":"follow","max-snippet":"max-snippet:-1","max-image-preview":"max-image-preview:large","max-video-preview":"max-video-preview:-1"},"canonical":"https:\/\/breakthrought1d.eu\/nl\/mensen\/team\/","og_locale":"nl_NL","og_type":"article","og_title":"Team - Breakthrough T1D","og_description":"Joris RijndersTeammanager In de functie van teammanager is Joris Rijnders verantwoordelijk voor diverse onderdelen van de bedrijfsvoering; personeel, informatie, organisatie, financi\u00ebn, algemene zaken en huisvesting. Sanne SchripsemaRelatiebeheerder zakelijke markt Sanne heeft binnen Breakthrough T1D de functie van Relatiebeheerder zakelijke markt. Als iemand die al 14 jaar leeft met diabetes type 1, weet ze uit eigen [&hellip;]","og_url":"https:\/\/breakthrought1d.eu\/nl\/mensen\/team\/","og_site_name":"Breakthrough T1D","article_modified_time":"2025-11-12T09:29:09+00:00","og_image":[{"url":"https:\/\/breakthrought1d.eu\/nl\/wp-content\/uploads\/2024\/09\/joris2024-1-edited.jpg","type":"","width":"","height":""}],"twitter_card":"summary_large_image","twitter_misc":{"Geschatte leestijd":"1 minuut"},"schema":{"@context":"https:\/\/schema.org","@graph":[{"@type":"WebPage","@id":"https:\/\/breakthrought1d.eu\/nl\/mensen\/team\/","url":"https:\/\/breakthrought1d.eu\/nl\/mensen\/team\/","name":"Team - Breakthrough T1D","isPartOf":{"@id":"https:\/\/breakthrought1d.eu\/nl\/#website"},"primaryImageOfPage":{"@id":"https:\/\/breakthrought1d.eu\/nl\/mensen\/team\/#primaryimage"},"image":{"@id":"https:\/\/breakthrought1d.eu\/nl\/mensen\/team\/#primaryimage"},"thumbnailUrl":"https:\/\/breakthrought1d.eu\/nl\/wp-content\/uploads\/2024\/09\/joris2024-1-edited.jpg","datePublished":"2024-09-07T18:21:26+00:00","dateModified":"2025-11-12T09:29:09+00:00","breadcrumb":{"@id":"https:\/\/breakthrought1d.eu\/nl\/mensen\/team\/#breadcrumb"},"inLanguage":"nl-NL","potentialAction":[{"@type":"ReadAction","target":["https:\/\/breakthrought1d.eu\/nl\/mensen\/team\/"]}]},{"@type":"ImageObject","inLanguage":"nl-NL","@id":"https:\/\/breakthrought1d.eu\/nl\/mensen\/team\/#primaryimage","url":"https:\/\/breakthrought1d.eu\/nl\/wp-content\/uploads\/2024\/09\/joris2024-1-edited.jpg","contentUrl":"https:\/\/breakthrought1d.eu\/nl\/wp-content\/uploads\/2024\/09\/joris2024-1-edited.jpg","width":888,"height":889},{"@type":"BreadcrumbList","@id":"https:\/\/breakthrought1d.eu\/nl\/mensen\/team\/#breadcrumb","itemListElement":[{"@type":"ListItem","position":1,"name":"Home","item":"https:\/\/breakthrought1d.eu\/nl\/"},{"@type":"ListItem","position":2,"name":"Mensen","item":"https:\/\/breakthrought1d.eu\/nl\/mensen\/"},{"@type":"ListItem","position":3,"name":"Team"}]},{"@type":"WebSite","@id":"https:\/\/breakthrought1d.eu\/nl\/#website","url":"https:\/\/breakthrought1d.eu\/nl\/","name":"Breakthrough T1D","description":"Wij zetten ons in voor een toekomst zonder T1D","publisher":{"@id":"https:\/\/breakthrought1d.eu\/nl\/#organization"},"potentialAction":[{"@type":"SearchAction","target":{"@type":"EntryPoint","urlTemplate":"https:\/\/breakthrought1d.eu\/nl\/?s={search_term_string}"},"query-input":{"@type":"PropertyValueSpecification","valueRequired":true,"valueName":"search_term_string"}}],"inLanguage":"nl-NL"},{"@type":"Organization","@id":"https:\/\/breakthrought1d.eu\/nl\/#organization","name":"Breakthrough T1D","url":"https:\/\/breakthrought1d.eu\/nl\/","logo":{"@type":"ImageObject","inLanguage":"nl-NL","@id":"https:\/\/breakthrought1d.eu\/nl\/#\/schema\/logo\/image\/","url":"https:\/\/breakthrought1d.eu\/nl\/wp-content\/uploads\/2024\/11\/BTlogo.png","contentUrl":"https:\/\/breakthrought1d.eu\/nl\/wp-content\/uploads\/2024\/11\/BTlogo.png","width":330,"height":141,"caption":"Breakthrough T1D"},"image":{"@id":"https:\/\/breakthrought1d.eu\/nl\/#\/schema\/logo\/image\/"}}]}},"_links":{"self":[{"href":"https:\/\/breakthrought1d.eu\/nl\/wp-json\/wp\/v2\/pages\/1547","targetHints":{"allow":["GET"]}}],"collection":[{"href":"https:\/\/breakthrought1d.eu\/nl\/wp-json\/wp\/v2\/pages"}],"about":[{"href":"https:\/\/breakthrought1d.eu\/nl\/wp-json\/wp\/v2\/types\/page"}],"author":[{"embeddable":true,"href":"https:\/\/breakthrought1d.eu\/nl\/wp-json\/wp\/v2\/users\/1"}],"replies":[{"embeddable":true,"href":"https:\/\/breakthrought1d.eu\/nl\/wp-json\/wp\/v2\/comments?post=1547"}],"version-history":[{"count":39,"href":"https:\/\/breakthrought1d.eu\/nl\/wp-json\/wp\/v2\/pages\/1547\/revisions"}],"predecessor-version":[{"id":10661,"href":"https:\/\/breakthrought1d.eu\/nl\/wp-json\/wp\/v2\/pages\/1547\/revisions\/10661"}],"up":[{"embeddable":true,"href":"https:\/\/breakthrought1d.eu\/nl\/wp-json\/wp\/v2\/pages\/1617"}],"wp:attachment":[{"href":"https:\/\/breakthrought1d.eu\/nl\/wp-json\/wp\/v2\/media?parent=1547"}],"curies":[{"name":"wp","href":"https:\/\/api.w.org\/{rel}","templated":true}]}}