{"id":3086,"date":"2024-09-09T13:50:15","date_gmt":"2024-09-09T13:50:15","guid":{"rendered":"https:\/\/breakthrought1d.eu\/nl\/?page_id=3086"},"modified":"2026-01-21T14:26:38","modified_gmt":"2026-01-21T13:26:38","slug":"help-mee-voor-een-wereld-zonder-t1d","status":"publish","type":"page","link":"https:\/\/breakthrought1d.eu\/nl\/acties-en-evenementen\/help-mee-voor-een-wereld-zonder-t1d\/","title":{"rendered":"Help mee voor een wereld zonder T1D"},"content":{"rendered":"<div class=\"wp-block-jdrf-hero\">\n\t<div class=\"wp-block-jdrf-hero__content-wrap has-blue-background-color has-white-color\">\n\t\t\t\t\t<h1 class=\"wp-block-jdrf-hero__title\">\n\t\t\t\tHelp mee voor een wereld zonder T1D\t\t\t<\/h1>\n\t\t\n\t\t\t\t\t<p class=\"wp-block-jdrf-hero__description\">\n\t\t\t\tBijdragen aan de oplossing voor type 1 diabetes (T1D) kan op heel veel manieren. Je kan bijvoorbeeld doneren, periodiek schenken of een actie starten. Maar meehelpen op weg van type \u00e9\u00e9n naar type g\u00e9\u00e9n kan n\u00f3g eenvoudiger. Hoe? Dat lees je hieronder.\t\t\t<\/p>\n\t\t\n\t\t\t<\/div>\n\n\t<figure class=\"wp-block-jdrf-hero__image-wrapper\">\n\t\t\n<svg xmlns=\"http:\/\/www.w3.org\/2000\/svg\" width=\"182.292\" height=\"545\" viewBox=\"0 0 182.292 545\" preserveAspectRatio=\"xMinYMax\" class=\"curve-circle--desktop\"><path d=\"M182.292,661H0V116H181.305A388.493,388.493,0,0,0,99.836,238.525,386.046,386.046,0,0,0,77.71,310.648c-2.535,12.531-4.47,25.356-5.751,38.116C70.659,361.71,70,374.911,70,388a394.188,394.188,0,0,0,1.978,39.418c1.294,12.819,3.247,25.7,5.806,38.289a385.884,385.884,0,0,0,57.677,138.032A390.8,390.8,0,0,0,182.29,661l0,0h0Z\" transform=\"translate(0 -116)\" fill=\"#002bff\" \/><\/svg>\n\t\t\n<svg xmlns=\"http:\/\/www.w3.org\/2000\/svg\" width=\"545\" height=\"182.292\" viewBox=\"0 0 545 182.292\" preserveAspectRatio=\"xMinYMax\" class=\"curve-circle--mobile\"><path d=\"M182.292,661H0V116H181.305A388.493,388.493,0,0,0,99.836,238.525,386.046,386.046,0,0,0,77.71,310.648c-2.535,12.531-4.47,25.356-5.751,38.116C70.659,361.71,70,374.911,70,388a394.188,394.188,0,0,0,1.978,39.418c1.294,12.819,3.247,25.7,5.806,38.289a385.884,385.884,0,0,0,57.677,138.032A390.8,390.8,0,0,0,182.29,661l0,0h0Z\" transform=\"translate(-116 182.292) rotate(-90)\" fill=\"#002bff\" \/><\/svg>\n\t\t<img loading=\"lazy\" decoding=\"async\" width=\"1200\" height=\"800\" src=\"https:\/\/breakthrought1d.eu\/nl\/wp-content\/uploads\/2024\/09\/LivingT1D-79123042.jpg\" class=\"wp-block-jdrf-hero__image\" alt=\"\" style=\"object-position: 100% 100%;\" srcset=\"https:\/\/breakthrought1d.eu\/nl\/wp-content\/uploads\/2024\/09\/LivingT1D-79123042.jpg 1200w, https:\/\/breakthrought1d.eu\/nl\/wp-content\/uploads\/2024\/09\/LivingT1D-79123042-300x200.jpg 300w, https:\/\/breakthrought1d.eu\/nl\/wp-content\/uploads\/2024\/09\/LivingT1D-79123042-1024x683.jpg 1024w, https:\/\/breakthrought1d.eu\/nl\/wp-content\/uploads\/2024\/09\/LivingT1D-79123042-768x512.jpg 768w\" sizes=\"auto, (max-width: 1200px) 100vw, 1200px\" \/>\t<\/figure>\n<\/div>\n\n\n\n<div class=\"wp-block-group alignfull is-layout-constrained wp-block-group-is-layout-constrained\">\n<div class=\"wp-block-columns is-layout-flex wp-container-core-columns-is-layout-28f84493 wp-block-columns-is-layout-flex\">\n<div class=\"wp-block-column is-layout-flow wp-block-column-is-layout-flow\" style=\"flex-basis:33.33%\">\n<h2 class=\"wp-block-heading\" id=\"acties\">Speel mee met de VriendenLoterij<\/h2>\n<\/div>\n\n\n\n<div class=\"wp-block-column is-layout-flow wp-block-column-is-layout-flow\" style=\"flex-basis:66.66%\">\n<figure class=\"wp-block-image size-large\"><img loading=\"lazy\" decoding=\"async\" width=\"1024\" height=\"168\" src=\"https:\/\/breakthrought1d.eu\/nl\/wp-content\/uploads\/2024\/09\/vriendenloterij2024-1024x168.jpg\" alt=\"\" class=\"wp-image-3088\" srcset=\"https:\/\/breakthrought1d.eu\/nl\/wp-content\/uploads\/2024\/09\/vriendenloterij2024-1024x168.jpg 1024w, https:\/\/breakthrought1d.eu\/nl\/wp-content\/uploads\/2024\/09\/vriendenloterij2024-300x49.jpg 300w, https:\/\/breakthrought1d.eu\/nl\/wp-content\/uploads\/2024\/09\/vriendenloterij2024-768x126.jpg 768w, https:\/\/breakthrought1d.eu\/nl\/wp-content\/uploads\/2024\/09\/vriendenloterij2024.jpg 1174w\" sizes=\"auto, (max-width: 1024px) 100vw, 1024px\" \/><\/figure>\n\n\n\n<p class=\"is-style-large-body\">Door mee te spelen met de VriendenLoterij kun je bijdragen aan een wereld zonder type 1 diabetes. Door jouw loten te koppelen aan Breakthrough T1D Nederland draag je bij aan onze ambitie om van type \u00e9\u00e9n, type g\u00e9\u00e9n te maken.<\/p>\n\n\n\n<div class=\"wp-block-buttons is-layout-flex wp-block-buttons-is-layout-flex\">\n<div class=\"wp-block-button\"><a class=\"wp-block-button__link wp-element-button\" href=\"https:\/\/breakthrought1d.eu\/nl\/acties-en-evenementen\/jdrf-en-de-vriendenloterij\/\">Meer weten<\/a><\/div>\n<\/div>\n<\/div>\n<\/div>\n<\/div>\n\n\n\n<div class=\"wp-block-group alignfull has-light-gray-background-color has-background is-layout-constrained wp-block-group-is-layout-constrained\">\n<div class=\"wp-block-columns is-layout-flex wp-container-core-columns-is-layout-28f84493 wp-block-columns-is-layout-flex\">\n<div class=\"wp-block-column is-layout-flow wp-block-column-is-layout-flow\" style=\"flex-basis:33.33%\">\n<h2 class=\"wp-block-heading\" id=\"acties\">Doneer door te shoppen<\/h2>\n<\/div>\n\n\n\n<div class=\"wp-block-column is-layout-flow wp-block-column-is-layout-flow\" style=\"flex-basis:66.66%\">\n<figure class=\"wp-block-image size-full\"><img loading=\"lazy\" decoding=\"async\" width=\"1600\" height=\"333\" src=\"https:\/\/breakthrought1d.eu\/nl\/wp-content\/uploads\/2024\/09\/DoelShop_nl_horizontal2024.png\" alt=\"\" class=\"wp-image-3102\" srcset=\"https:\/\/breakthrought1d.eu\/nl\/wp-content\/uploads\/2024\/09\/DoelShop_nl_horizontal2024.png 1600w, https:\/\/breakthrought1d.eu\/nl\/wp-content\/uploads\/2024\/09\/DoelShop_nl_horizontal2024-300x62.png 300w, https:\/\/breakthrought1d.eu\/nl\/wp-content\/uploads\/2024\/09\/DoelShop_nl_horizontal2024-1024x213.png 1024w, https:\/\/breakthrought1d.eu\/nl\/wp-content\/uploads\/2024\/09\/DoelShop_nl_horizontal2024-768x160.png 768w, https:\/\/breakthrought1d.eu\/nl\/wp-content\/uploads\/2024\/09\/DoelShop_nl_horizontal2024-1536x320.png 1536w\" sizes=\"auto, (max-width: 1600px) 100vw, 1600px\" \/><\/figure>\n\n\n\n<p class=\"is-style-large-body\">Wil je iets aanschaffen bij een online winkel zoals CoolBlue, Wehkamp, Thuisbezorgd en vele anderen? Ga dan eerst even langs de \u2018doelshop\u2019 pagina van Breakthrough T1D. Bij alle aankopen die je doet kan er op deze manier een klein bedrag naar Breakthrough T1D gaan.<\/p>\n\n\n\n<div class=\"wp-block-buttons is-layout-flex wp-block-buttons-is-layout-flex\">\n<div class=\"wp-block-button\"><a class=\"wp-block-button__link wp-element-button\" href=\"https:\/\/doelshop.nl\/BreakthroughT1Dinfo2\" target=\"_blank\" rel=\"noreferrer noopener\">Ik doe mee<\/a><\/div>\n<\/div>\n<\/div>\n<\/div>\n<\/div>\n\n\n\n<div class=\"wp-block-group alignfull is-layout-constrained wp-block-group-is-layout-constrained\">\n<div class=\"wp-block-columns is-layout-flex wp-container-core-columns-is-layout-28f84493 wp-block-columns-is-layout-flex\">\n<div class=\"wp-block-column is-layout-flow wp-block-column-is-layout-flow\" style=\"flex-basis:33.33%\">\n<h2 class=\"wp-block-heading\" id=\"acties\">Zamel cartridges in voor 123inkt<\/h2>\n<\/div>\n\n\n\n<div class=\"wp-block-column is-layout-flow wp-block-column-is-layout-flow\" style=\"flex-basis:66.66%\">\n<figure class=\"wp-block-image size-full\"><img loading=\"lazy\" decoding=\"async\" width=\"600\" height=\"150\" src=\"https:\/\/breakthrought1d.eu\/nl\/wp-content\/uploads\/2024\/09\/123inkt-actie2024.png\" alt=\"\" class=\"wp-image-3098\" srcset=\"https:\/\/breakthrought1d.eu\/nl\/wp-content\/uploads\/2024\/09\/123inkt-actie2024.png 600w, https:\/\/breakthrought1d.eu\/nl\/wp-content\/uploads\/2024\/09\/123inkt-actie2024-300x75.png 300w\" sizes=\"auto, (max-width: 600px) 100vw, 600px\" \/><\/figure>\n\n\n\n<p class=\"is-style-large-body\">Oude cartridges over? Gooi ze niet weg maar lever ze in voor een wereld zonder type 1 diabetes! Via het recycle programma van 123inkt kun jij je oude cartridges inleveren voor een goed doel. Kies je daarbij voor Breakthrough T1D Nederland? Dan help jij ons om type \u00e9\u00e9n te veranderen in type g\u00e9\u00e9n.<\/p>\n\n\n\n<div class=\"wp-block-buttons is-layout-flex wp-block-buttons-is-layout-flex\">\n<div class=\"wp-block-button\"><a class=\"wp-block-button__link wp-element-button\" href=\"https:\/\/www.123inkt.nl\/recycle\" target=\"_blank\" rel=\"noreferrer noopener\">Ik doe mee<\/a><\/div>\n<\/div>\n<\/div>\n<\/div>\n<\/div>\n\n\n\n<div class=\"wp-block-group alignfull has-light-gray-background-color has-background is-layout-constrained wp-block-group-is-layout-constrained\">\n<div class=\"wp-block-columns is-layout-flex wp-container-core-columns-is-layout-28f84493 wp-block-columns-is-layout-flex\">\n<div class=\"wp-block-column is-layout-flow wp-block-column-is-layout-flow\" style=\"flex-basis:33.33%\">\n<h2 class=\"wp-block-heading\" id=\"acties\">Kom in actie met je werk<\/h2>\n<\/div>\n\n\n\n<div class=\"wp-block-column is-layout-flow wp-block-column-is-layout-flow\" style=\"flex-basis:66.66%\">\n<figure class=\"wp-block-image size-full\"><img loading=\"lazy\" decoding=\"async\" width=\"600\" height=\"150\" src=\"https:\/\/breakthrought1d.eu\/nl\/wp-content\/uploads\/2024\/09\/start-actie-met-werk2024.png\" alt=\"\" class=\"wp-image-3106\" srcset=\"https:\/\/breakthrought1d.eu\/nl\/wp-content\/uploads\/2024\/09\/start-actie-met-werk2024.png 600w, https:\/\/breakthrought1d.eu\/nl\/wp-content\/uploads\/2024\/09\/start-actie-met-werk2024-300x75.png 300w\" sizes=\"auto, (max-width: 600px) 100vw, 600px\" \/><\/figure>\n\n\n\n<p class=\"is-style-large-body\">Wil jij niet afwachten totdat type 1 diabetes de wereld uit is? En werk je bij een bedrijf vol enthousiaste medewerkers die samen met jou willen bijdragen aan een oplossing. Kijk hoe je in actie kan komen met je werk!<\/p>\n\n\n\n<div class=\"wp-block-buttons is-layout-flex wp-block-buttons-is-layout-flex\">\n<div class=\"wp-block-button\"><a class=\"wp-block-button__link wp-element-button\" href=\"https:\/\/breakthrought1d.eu\/nl\/acties-en-evenementen\/werk\/\">Meer weten<\/a><\/div>\n<\/div>\n<\/div>\n<\/div>\n<\/div>\n\n\n\n<div class=\"wp-block-group alignfull has-white-background-color has-background is-layout-constrained wp-block-group-is-layout-constrained\">\n<div class=\"wp-block-columns is-layout-flex wp-container-core-columns-is-layout-28f84493 wp-block-columns-is-layout-flex\">\n<div class=\"wp-block-column is-layout-flow wp-block-column-is-layout-flow\" style=\"flex-basis:33.33%\">\n<h2 class=\"wp-block-heading\" id=\"acties\">Word vrijwilliger<\/h2>\n<\/div>\n\n\n\n<div class=\"wp-block-column is-layout-flow wp-block-column-is-layout-flow\" style=\"flex-basis:66.66%\">\n<figure class=\"wp-block-image size-full\"><img loading=\"lazy\" decoding=\"async\" width=\"600\" height=\"150\" src=\"https:\/\/breakthrought1d.eu\/nl\/wp-content\/uploads\/2024\/09\/helpmee-vrijwilligers2024.png\" alt=\"\" class=\"wp-image-3110\" srcset=\"https:\/\/breakthrought1d.eu\/nl\/wp-content\/uploads\/2024\/09\/helpmee-vrijwilligers2024.png 600w, https:\/\/breakthrought1d.eu\/nl\/wp-content\/uploads\/2024\/09\/helpmee-vrijwilligers2024-300x75.png 300w\" sizes=\"auto, (max-width: 600px) 100vw, 600px\" \/><\/figure>\n\n\n\n<p class=\"is-style-large-body\">Breakthrough T1D Nederland kan niet zonder vrijwilligers. We werken heel veel met hen samen tijdens onze evenementen maar ook voor voorlichting, onze sociale media en andere activiteiten! Ons team bestaat uit enthousiaste en zeer toegewijde vrijwilligers.<\/p>\n\n\n\n<div class=\"wp-block-buttons is-layout-flex wp-block-buttons-is-layout-flex\">\n<div class=\"wp-block-button\"><a class=\"wp-block-button__link wp-element-button\" href=\"https:\/\/breakthrought1d.eu\/nl\/vrijwilligers\/\">Meld je aan als vrijwilliger<\/a><\/div>\n<\/div>\n<\/div>\n<\/div>\n<\/div>\n","protected":false,"raw":""},"excerpt":{"rendered":"<p>Speel mee met de VriendenLoterij Door mee te spelen met de VriendenLoterij kun je bijdragen aan een wereld zonder type 1 diabetes. Door jouw loten te koppelen aan Breakthrough T1D Nederland draag je bij aan onze ambitie om van type \u00e9\u00e9n, type g\u00e9\u00e9n te maken. Doneer door te shoppen Wil je iets aanschaffen bij een [&hellip;]<\/p>\n","protected":false},"author":1,"featured_media":0,"parent":1939,"menu_order":0,"comment_status":"closed","ping_status":"closed","template":"","meta":{"footnotes":""},"class_list":["post-3086","page","type-page","status-publish","hentry"],"yoast_head":"<!-- This site is optimized with the Yoast SEO plugin v25.3 - https:\/\/yoast.com\/wordpress\/plugins\/seo\/ -->\n<title>Help mee voor een wereld zonder T1D - Breakthrough T1D<\/title>\n<meta name=\"robots\" content=\"index, follow, max-snippet:-1, max-image-preview:large, max-video-preview:-1\" \/>\n<link rel=\"canonical\" href=\"https:\/\/breakthrought1d.eu\/nl\/acties-en-evenementen\/help-mee-voor-een-wereld-zonder-t1d\/\" \/>\n<meta property=\"og:locale\" content=\"nl_NL\" \/>\n<meta property=\"og:type\" content=\"article\" \/>\n<meta property=\"og:title\" content=\"Help mee voor een wereld zonder T1D - Breakthrough T1D\" \/>\n<meta property=\"og:description\" content=\"Speel mee met de VriendenLoterij Door mee te spelen met de VriendenLoterij kun je bijdragen aan een wereld zonder type 1 diabetes. Door jouw loten te koppelen aan Breakthrough T1D Nederland draag je bij aan onze ambitie om van type \u00e9\u00e9n, type g\u00e9\u00e9n te maken. Doneer door te shoppen Wil je iets aanschaffen bij een [&hellip;]\" \/>\n<meta property=\"og:url\" content=\"https:\/\/breakthrought1d.eu\/nl\/acties-en-evenementen\/help-mee-voor-een-wereld-zonder-t1d\/\" \/>\n<meta property=\"og:site_name\" content=\"Breakthrough T1D\" \/>\n<meta property=\"article:modified_time\" content=\"2026-01-21T13:26:38+00:00\" \/>\n<meta property=\"og:image\" content=\"https:\/\/breakthrought1d.eu\/nl\/wp-content\/uploads\/2024\/09\/vriendenloterij2024-1024x168.jpg\" \/>\n<meta name=\"twitter:card\" content=\"summary_large_image\" \/>\n<meta name=\"twitter:label1\" content=\"Geschatte leestijd\" \/>\n\t<meta name=\"twitter:data1\" content=\"3 minuten\" \/>\n<script type=\"application\/ld+json\" class=\"yoast-schema-graph\">{\"@context\":\"https:\/\/schema.org\",\"@graph\":[{\"@type\":\"WebPage\",\"@id\":\"https:\/\/breakthrought1d.eu\/nl\/acties-en-evenementen\/help-mee-voor-een-wereld-zonder-t1d\/\",\"url\":\"https:\/\/breakthrought1d.eu\/nl\/acties-en-evenementen\/help-mee-voor-een-wereld-zonder-t1d\/\",\"name\":\"Help mee voor een wereld zonder T1D - Breakthrough T1D\",\"isPartOf\":{\"@id\":\"https:\/\/breakthrought1d.eu\/nl\/#website\"},\"primaryImageOfPage\":{\"@id\":\"https:\/\/breakthrought1d.eu\/nl\/acties-en-evenementen\/help-mee-voor-een-wereld-zonder-t1d\/#primaryimage\"},\"image\":{\"@id\":\"https:\/\/breakthrought1d.eu\/nl\/acties-en-evenementen\/help-mee-voor-een-wereld-zonder-t1d\/#primaryimage\"},\"thumbnailUrl\":\"https:\/\/breakthrought1d.eu\/nl\/wp-content\/uploads\/2024\/09\/vriendenloterij2024-1024x168.jpg\",\"datePublished\":\"2024-09-09T13:50:15+00:00\",\"dateModified\":\"2026-01-21T13:26:38+00:00\",\"breadcrumb\":{\"@id\":\"https:\/\/breakthrought1d.eu\/nl\/acties-en-evenementen\/help-mee-voor-een-wereld-zonder-t1d\/#breadcrumb\"},\"inLanguage\":\"nl-NL\",\"potentialAction\":[{\"@type\":\"ReadAction\",\"target\":[\"https:\/\/breakthrought1d.eu\/nl\/acties-en-evenementen\/help-mee-voor-een-wereld-zonder-t1d\/\"]}]},{\"@type\":\"ImageObject\",\"inLanguage\":\"nl-NL\",\"@id\":\"https:\/\/breakthrought1d.eu\/nl\/acties-en-evenementen\/help-mee-voor-een-wereld-zonder-t1d\/#primaryimage\",\"url\":\"https:\/\/breakthrought1d.eu\/nl\/wp-content\/uploads\/2024\/09\/vriendenloterij2024.jpg\",\"contentUrl\":\"https:\/\/breakthrought1d.eu\/nl\/wp-content\/uploads\/2024\/09\/vriendenloterij2024.jpg\",\"width\":1174,\"height\":193},{\"@type\":\"BreadcrumbList\",\"@id\":\"https:\/\/breakthrought1d.eu\/nl\/acties-en-evenementen\/help-mee-voor-een-wereld-zonder-t1d\/#breadcrumb\",\"itemListElement\":[{\"@type\":\"ListItem\",\"position\":1,\"name\":\"Home\",\"item\":\"https:\/\/breakthrought1d.eu\/nl\/\"},{\"@type\":\"ListItem\",\"position\":2,\"name\":\"Acties en events\",\"item\":\"https:\/\/breakthrought1d.eu\/nl\/acties-en-evenementen\/\"},{\"@type\":\"ListItem\",\"position\":3,\"name\":\"Help mee voor een wereld zonder T1D\"}]},{\"@type\":\"WebSite\",\"@id\":\"https:\/\/breakthrought1d.eu\/nl\/#website\",\"url\":\"https:\/\/breakthrought1d.eu\/nl\/\",\"name\":\"Breakthrough T1D\",\"description\":\"Wij zetten ons in voor een toekomst zonder T1D\",\"publisher\":{\"@id\":\"https:\/\/breakthrought1d.eu\/nl\/#organization\"},\"potentialAction\":[{\"@type\":\"SearchAction\",\"target\":{\"@type\":\"EntryPoint\",\"urlTemplate\":\"https:\/\/breakthrought1d.eu\/nl\/?s={search_term_string}\"},\"query-input\":{\"@type\":\"PropertyValueSpecification\",\"valueRequired\":true,\"valueName\":\"search_term_string\"}}],\"inLanguage\":\"nl-NL\"},{\"@type\":\"Organization\",\"@id\":\"https:\/\/breakthrought1d.eu\/nl\/#organization\",\"name\":\"Breakthrough T1D\",\"url\":\"https:\/\/breakthrought1d.eu\/nl\/\",\"logo\":{\"@type\":\"ImageObject\",\"inLanguage\":\"nl-NL\",\"@id\":\"https:\/\/breakthrought1d.eu\/nl\/#\/schema\/logo\/image\/\",\"url\":\"https:\/\/breakthrought1d.eu\/nl\/wp-content\/uploads\/2024\/11\/BTlogo.png\",\"contentUrl\":\"https:\/\/breakthrought1d.eu\/nl\/wp-content\/uploads\/2024\/11\/BTlogo.png\",\"width\":330,\"height\":141,\"caption\":\"Breakthrough T1D\"},\"image\":{\"@id\":\"https:\/\/breakthrought1d.eu\/nl\/#\/schema\/logo\/image\/\"}}]}<\/script>\n<!-- \/ Yoast SEO plugin. -->","yoast_head_json":{"title":"Help mee voor een wereld zonder T1D - Breakthrough T1D","robots":{"index":"index","follow":"follow","max-snippet":"max-snippet:-1","max-image-preview":"max-image-preview:large","max-video-preview":"max-video-preview:-1"},"canonical":"https:\/\/breakthrought1d.eu\/nl\/acties-en-evenementen\/help-mee-voor-een-wereld-zonder-t1d\/","og_locale":"nl_NL","og_type":"article","og_title":"Help mee voor een wereld zonder T1D - Breakthrough T1D","og_description":"Speel mee met de VriendenLoterij Door mee te spelen met de VriendenLoterij kun je bijdragen aan een wereld zonder type 1 diabetes. Door jouw loten te koppelen aan Breakthrough T1D Nederland draag je bij aan onze ambitie om van type \u00e9\u00e9n, type g\u00e9\u00e9n te maken. Doneer door te shoppen Wil je iets aanschaffen bij een [&hellip;]","og_url":"https:\/\/breakthrought1d.eu\/nl\/acties-en-evenementen\/help-mee-voor-een-wereld-zonder-t1d\/","og_site_name":"Breakthrough T1D","article_modified_time":"2026-01-21T13:26:38+00:00","og_image":[{"url":"https:\/\/breakthrought1d.eu\/nl\/wp-content\/uploads\/2024\/09\/vriendenloterij2024-1024x168.jpg","type":"","width":"","height":""}],"twitter_card":"summary_large_image","twitter_misc":{"Geschatte leestijd":"3 minuten"},"schema":{"@context":"https:\/\/schema.org","@graph":[{"@type":"WebPage","@id":"https:\/\/breakthrought1d.eu\/nl\/acties-en-evenementen\/help-mee-voor-een-wereld-zonder-t1d\/","url":"https:\/\/breakthrought1d.eu\/nl\/acties-en-evenementen\/help-mee-voor-een-wereld-zonder-t1d\/","name":"Help mee voor een wereld zonder T1D - Breakthrough T1D","isPartOf":{"@id":"https:\/\/breakthrought1d.eu\/nl\/#website"},"primaryImageOfPage":{"@id":"https:\/\/breakthrought1d.eu\/nl\/acties-en-evenementen\/help-mee-voor-een-wereld-zonder-t1d\/#primaryimage"},"image":{"@id":"https:\/\/breakthrought1d.eu\/nl\/acties-en-evenementen\/help-mee-voor-een-wereld-zonder-t1d\/#primaryimage"},"thumbnailUrl":"https:\/\/breakthrought1d.eu\/nl\/wp-content\/uploads\/2024\/09\/vriendenloterij2024-1024x168.jpg","datePublished":"2024-09-09T13:50:15+00:00","dateModified":"2026-01-21T13:26:38+00:00","breadcrumb":{"@id":"https:\/\/breakthrought1d.eu\/nl\/acties-en-evenementen\/help-mee-voor-een-wereld-zonder-t1d\/#breadcrumb"},"inLanguage":"nl-NL","potentialAction":[{"@type":"ReadAction","target":["https:\/\/breakthrought1d.eu\/nl\/acties-en-evenementen\/help-mee-voor-een-wereld-zonder-t1d\/"]}]},{"@type":"ImageObject","inLanguage":"nl-NL","@id":"https:\/\/breakthrought1d.eu\/nl\/acties-en-evenementen\/help-mee-voor-een-wereld-zonder-t1d\/#primaryimage","url":"https:\/\/breakthrought1d.eu\/nl\/wp-content\/uploads\/2024\/09\/vriendenloterij2024.jpg","contentUrl":"https:\/\/breakthrought1d.eu\/nl\/wp-content\/uploads\/2024\/09\/vriendenloterij2024.jpg","width":1174,"height":193},{"@type":"BreadcrumbList","@id":"https:\/\/breakthrought1d.eu\/nl\/acties-en-evenementen\/help-mee-voor-een-wereld-zonder-t1d\/#breadcrumb","itemListElement":[{"@type":"ListItem","position":1,"name":"Home","item":"https:\/\/breakthrought1d.eu\/nl\/"},{"@type":"ListItem","position":2,"name":"Acties en events","item":"https:\/\/breakthrought1d.eu\/nl\/acties-en-evenementen\/"},{"@type":"ListItem","position":3,"name":"Help mee voor een wereld zonder T1D"}]},{"@type":"WebSite","@id":"https:\/\/breakthrought1d.eu\/nl\/#website","url":"https:\/\/breakthrought1d.eu\/nl\/","name":"Breakthrough T1D","description":"Wij zetten ons in voor een toekomst zonder T1D","publisher":{"@id":"https:\/\/breakthrought1d.eu\/nl\/#organization"},"potentialAction":[{"@type":"SearchAction","target":{"@type":"EntryPoint","urlTemplate":"https:\/\/breakthrought1d.eu\/nl\/?s={search_term_string}"},"query-input":{"@type":"PropertyValueSpecification","valueRequired":true,"valueName":"search_term_string"}}],"inLanguage":"nl-NL"},{"@type":"Organization","@id":"https:\/\/breakthrought1d.eu\/nl\/#organization","name":"Breakthrough T1D","url":"https:\/\/breakthrought1d.eu\/nl\/","logo":{"@type":"ImageObject","inLanguage":"nl-NL","@id":"https:\/\/breakthrought1d.eu\/nl\/#\/schema\/logo\/image\/","url":"https:\/\/breakthrought1d.eu\/nl\/wp-content\/uploads\/2024\/11\/BTlogo.png","contentUrl":"https:\/\/breakthrought1d.eu\/nl\/wp-content\/uploads\/2024\/11\/BTlogo.png","width":330,"height":141,"caption":"Breakthrough T1D"},"image":{"@id":"https:\/\/breakthrought1d.eu\/nl\/#\/schema\/logo\/image\/"}}]}},"_links":{"self":[{"href":"https:\/\/breakthrought1d.eu\/nl\/wp-json\/wp\/v2\/pages\/3086","targetHints":{"allow":["GET"]}}],"collection":[{"href":"https:\/\/breakthrought1d.eu\/nl\/wp-json\/wp\/v2\/pages"}],"about":[{"href":"https:\/\/breakthrought1d.eu\/nl\/wp-json\/wp\/v2\/types\/page"}],"author":[{"embeddable":true,"href":"https:\/\/breakthrought1d.eu\/nl\/wp-json\/wp\/v2\/users\/1"}],"replies":[{"embeddable":true,"href":"https:\/\/breakthrought1d.eu\/nl\/wp-json\/wp\/v2\/comments?post=3086"}],"version-history":[{"count":18,"href":"https:\/\/breakthrought1d.eu\/nl\/wp-json\/wp\/v2\/pages\/3086\/revisions"}],"predecessor-version":[{"id":10711,"href":"https:\/\/breakthrought1d.eu\/nl\/wp-json\/wp\/v2\/pages\/3086\/revisions\/10711"}],"up":[{"embeddable":true,"href":"https:\/\/breakthrought1d.eu\/nl\/wp-json\/wp\/v2\/pages\/1939"}],"wp:attachment":[{"href":"https:\/\/breakthrought1d.eu\/nl\/wp-json\/wp\/v2\/media?parent=3086"}],"curies":[{"name":"wp","href":"https:\/\/api.w.org\/{rel}","templated":true}]}}