{"id":3118,"date":"2024-09-09T19:54:38","date_gmt":"2024-09-09T19:54:38","guid":{"rendered":"https:\/\/breakthrought1d.eu\/nl\/?page_id=3118"},"modified":"2024-12-04T12:57:11","modified_gmt":"2024-12-04T12:57:11","slug":"jdrf-en-de-vriendenloterij","status":"publish","type":"page","link":"https:\/\/breakthrought1d.eu\/nl\/acties-en-evenementen\/jdrf-en-de-vriendenloterij\/","title":{"rendered":"Breakthrough T1D en de VriendenLoterij"},"content":{"rendered":"<div class=\"wp-block-jdrf-hero\">\n\t<div class=\"wp-block-jdrf-hero__content-wrap has-blue-background-color has-white-color\">\n\t\t\t\t\t<h1 class=\"wp-block-jdrf-hero__title\">\n\t\t\t\tBreakthrough T1D en de VriendenLoterij\t\t\t<\/h1>\n\t\t\n\t\t\t\t\t<p class=\"wp-block-jdrf-hero__description\">\n\t\t\t\tJe kunt bijdragen aan een wereld zonder type 1 diabetes (T1D) door mee te spelen met de VriendenLoterij voor Breakthrough T1D Nederland. De VriendenLoterij steunt Breakthrough T1D Nederland en haar ambitie om van type \u00e9\u00e9n, type g\u00e9\u00e9n te maken.\t\t\t<\/p>\n\t\t\n\t\t\t<\/div>\n\n\t<figure class=\"wp-block-jdrf-hero__image-wrapper\">\n\t\t\n<svg xmlns=\"http:\/\/www.w3.org\/2000\/svg\" width=\"182.292\" height=\"545\" viewBox=\"0 0 182.292 545\" preserveAspectRatio=\"xMinYMax\" class=\"curve-circle--desktop\"><path d=\"M182.292,661H0V116H181.305A388.493,388.493,0,0,0,99.836,238.525,386.046,386.046,0,0,0,77.71,310.648c-2.535,12.531-4.47,25.356-5.751,38.116C70.659,361.71,70,374.911,70,388a394.188,394.188,0,0,0,1.978,39.418c1.294,12.819,3.247,25.7,5.806,38.289a385.884,385.884,0,0,0,57.677,138.032A390.8,390.8,0,0,0,182.29,661l0,0h0Z\" transform=\"translate(0 -116)\" fill=\"#002bff\" \/><\/svg>\n\t\t\n<svg xmlns=\"http:\/\/www.w3.org\/2000\/svg\" width=\"545\" height=\"182.292\" viewBox=\"0 0 545 182.292\" preserveAspectRatio=\"xMinYMax\" class=\"curve-circle--mobile\"><path d=\"M182.292,661H0V116H181.305A388.493,388.493,0,0,0,99.836,238.525,386.046,386.046,0,0,0,77.71,310.648c-2.535,12.531-4.47,25.356-5.751,38.116C70.659,361.71,70,374.911,70,388a394.188,394.188,0,0,0,1.978,39.418c1.294,12.819,3.247,25.7,5.806,38.289a385.884,385.884,0,0,0,57.677,138.032A390.8,390.8,0,0,0,182.29,661l0,0h0Z\" transform=\"translate(-116 182.292) rotate(-90)\" fill=\"#002bff\" \/><\/svg>\n\t\t<img loading=\"lazy\" decoding=\"async\" width=\"1200\" height=\"800\" src=\"https:\/\/breakthrought1d.eu\/nl\/wp-content\/uploads\/2024\/09\/LivingT1D-1396149738R.jpg\" class=\"wp-block-jdrf-hero__image\" alt=\"\" style=\"object-position: 100% 100%;\" srcset=\"https:\/\/breakthrought1d.eu\/nl\/wp-content\/uploads\/2024\/09\/LivingT1D-1396149738R.jpg 1200w, https:\/\/breakthrought1d.eu\/nl\/wp-content\/uploads\/2024\/09\/LivingT1D-1396149738R-300x200.jpg 300w, https:\/\/breakthrought1d.eu\/nl\/wp-content\/uploads\/2024\/09\/LivingT1D-1396149738R-1024x683.jpg 1024w, https:\/\/breakthrought1d.eu\/nl\/wp-content\/uploads\/2024\/09\/LivingT1D-1396149738R-768x512.jpg 768w\" sizes=\"auto, (max-width: 1200px) 100vw, 1200px\" \/>\t<\/figure>\n<\/div>\n\n\n\n<div class=\"wp-block-group alignfull is-layout-constrained wp-block-group-is-layout-constrained\">\n<div class=\"wp-block-columns is-layout-flex wp-container-core-columns-is-layout-28f84493 wp-block-columns-is-layout-flex\">\n<div class=\"wp-block-column is-layout-flow wp-block-column-is-layout-flow\" style=\"flex-basis:33.33%\">\n<h2 class=\"wp-block-heading\" id=\"acties\"><\/h2>\n<\/div>\n\n\n\n<div class=\"wp-block-column is-layout-flow wp-block-column-is-layout-flow\" style=\"flex-basis:66.66%\">\n<figure class=\"wp-block-image size-large\"><img loading=\"lazy\" decoding=\"async\" width=\"1024\" height=\"168\" src=\"https:\/\/breakthrought1d.eu\/nl\/wp-content\/uploads\/2024\/09\/vriendenloterij2024-1024x168.jpg\" alt=\"\" class=\"wp-image-3088\" srcset=\"https:\/\/breakthrought1d.eu\/nl\/wp-content\/uploads\/2024\/09\/vriendenloterij2024-1024x168.jpg 1024w, https:\/\/breakthrought1d.eu\/nl\/wp-content\/uploads\/2024\/09\/vriendenloterij2024-300x49.jpg 300w, https:\/\/breakthrought1d.eu\/nl\/wp-content\/uploads\/2024\/09\/vriendenloterij2024-768x126.jpg 768w, https:\/\/breakthrought1d.eu\/nl\/wp-content\/uploads\/2024\/09\/vriendenloterij2024.jpg 1174w\" sizes=\"auto, (max-width: 1024px) 100vw, 1024px\" \/><\/figure>\n\n\n\n<p class=\"is-style-large-body\">De VriendenLoterij is opgezet om maatschappelijke initiatieven een steuntje in de rug geven, die mensen helpen met onvoldoende middelen of mogelijkheden. Op die manier kunnen zij voluit meedoen in de samenleving en een volwaardig leven leiden. De VriendenLoterij steunt ook mensen in hun ambitie om een bijdrage te leveren aan de maatschappij (zie ook&nbsp;<a href=\"http:\/\/www.vriendenloterij.nl\/over-ons\/over-de-vriendenloterij.htm\" target=\"_blank\" rel=\"noreferrer noopener\">vriendenloterij.nl<\/a>).<\/p>\n<\/div>\n<\/div>\n<\/div>\n\n\n\n<div class=\"wp-block-group alignfull has-light-gray-background-color has-background is-layout-constrained wp-block-group-is-layout-constrained\">\n<div class=\"wp-block-columns is-layout-flex wp-container-core-columns-is-layout-28f84493 wp-block-columns-is-layout-flex\">\n<div class=\"wp-block-column is-layout-flow wp-block-column-is-layout-flow\" style=\"flex-basis:33.33%\">\n<h2 class=\"wp-block-heading\" id=\"acties\">Een win-winsituatie<\/h2>\n<\/div>\n\n\n\n<div class=\"wp-block-column is-layout-flow wp-block-column-is-layout-flow\" style=\"flex-basis:66.66%\">\n<p class=\"is-style-large-body\">Bij de VriendenLoterij kun je een lot kopen waarbij je, per trekking, mee speelt voor allerlei prachtige prijzen, zoals een vakantie, een auto of mooie geldprijzen. Tegelijkertijd wordt van ieder lot de helft gedoneerd aan Breakthrough T1D Nederland, waarmee wij weer onderzoek kunnen financieren naar een wereld zonder type 1 diabetes. Als dat geen win-winsituatie is!<\/p>\n<\/div>\n<\/div>\n<\/div>\n\n\n\n<div class=\"wp-block-group alignfull is-layout-constrained wp-block-group-is-layout-constrained\">\n<div class=\"wp-block-columns is-layout-flex wp-container-core-columns-is-layout-28f84493 wp-block-columns-is-layout-flex\">\n<div class=\"wp-block-column is-layout-flow wp-block-column-is-layout-flow\" style=\"flex-basis:33.33%\">\n<h2 class=\"wp-block-heading\" id=\"acties\">Hoe werkt het?<\/h2>\n<\/div>\n\n\n\n<div class=\"wp-block-column is-layout-flow wp-block-column-is-layout-flow\" style=\"flex-basis:66.66%\">\n<p class=\"is-style-large-body\">Heel eenvoudig. Via\u00a0<a href=\"https:\/\/www.vriendenloterij.nl\/meespelen\" target=\"_blank\" rel=\"noreferrer noopener\">deze link<\/a>\u00a0meld je je aan om mee te spelen met de VriendenLoterij. Je vult je persoonlijke informatie in, geeft aan met hoeveel loten je per trekking mee wilt spelen en vinkt aan dat je mee wilt spelen voor Breakthrough T1D Nederland. Dan gaat van ieder lot waarmee jij mee speelt automatisch de helft naar Breakthrough T1D Nederland.<\/p>\n<\/div>\n<\/div>\n<\/div>\n\n\n\n<h2 class=\"wp-block-heading\" id=\"jdrf-en-de-vriendenloterij-veelgestelde-vragen\">Breakthrough T1D en de VriendenLoterij &#8211; Veelgestelde Vragen<\/h2>\n\n\n\n<div class=\"wp-block-group alignfull is-layout-constrained wp-block-group-is-layout-constrained\">\n<div class=\"wp-block-columns is-layout-flex wp-container-core-columns-is-layout-28f84493 wp-block-columns-is-layout-flex\">\n<div class=\"wp-block-column is-layout-flow wp-block-column-is-layout-flow\">\n<p><strong>Op de site van de VriendenLoterij zie ik Breakthrough T1D niet staan bij de Goede Doelen, klopt dat?<\/strong> <\/p>\n\n\n\n<p>Dat klopt, je kan Breakthrough T1D niet als goed doel kiezen uit de (beperkte) lijst op hun website. Je kan ons selecteren door via onderstaande link naar de website van de VriendenLoterij te gaan.<a href=\"https:\/\/www.vriendenloterij.nl\/meespelen\" target=\"_blank\" rel=\"noreferrer noopener\"><strong>Ja ik doe mee voor Breakthrough T1D en de VriendenLoterij!<\/strong><\/a><\/p>\n\n\n\n<p><strong>Waarom staat Breakthrough T1D niet in het rijtje Goede Doelen?<\/strong><\/p>\n\n\n\n<p>Om als Goed Doel een bijdrage van de VriendenLoterij te ontvangen zijn er twee mogelijkheden: de deelnemer aan de loterij bepaalt naar welk goed doel of welke club of vereniging de helft van zijn of haar inleg gaat (geoormerkte opbrengst); of de Raad van Commissarissen van de VriendenLoterij neemt die beslissing. Van de totale opbrengst voor de goede doelen is de helft door de deelnemers bestemd (geoormerkt); de andere helft gaat naar vaste benefici\u00ebnten of eenmalige schenkingen.Breakthrough T1D behoort (nog) niet tot de vaste benefici\u00ebnten van de VriendenLoterij, vandaar dat we niet in dat rijtje staan. Wel is Breakthrough T1D een van de Goede Doelen waarvoor een deelnemer \u2018geoormerkt\u2019 mee kan spelen. Dat wil zeggen dat van elk verkocht lot waarmee de deelnemer voor Breakthrough T1D mee speelt 50% van de lotprijs bestemd is voor Breakthrough T1D.<\/p>\n<\/div>\n\n\n\n<div class=\"wp-block-column is-layout-flow wp-block-column-is-layout-flow\">\n<p><strong>Wat gebeurt er met het bedrag dat ik per lot betaal?<\/strong><\/p>\n\n\n\n<p>Daarvan wordt de helft gedoneerd aan Breakthrough T1D Nederland. Dat betekent dat er per lot, per trekking, een bedrag naar Breakthrough T1D wordt overgemaakt. Met dat geld financieren wij onderzoek naar het beter behandelen, voorkomen en genezen van Type 1 Diabetes. Voor een wereld zonder T1D!<\/p>\n\n\n\n<p><strong>Ik speel al mee met de VriendenLoterij, maar voor een ander goed doel. Kan ik ook voor jullie meespelen?<\/strong><\/p>\n\n\n\n<p>Ja. Je kunt natuurlijk met een extra lot meespelen en op die manier je winkans vergroten, en tegelijkertijd ook Breakthrough T1D steunen. Je kunt ook voor je huidige lot laten omzetten voor welk goed doel je meespeelt. Daarvoor bel je de Ledenservice van de VriendenLoterij via 0900 &#8211; 300 1400 (\u20ac0,50 per gesprek).<\/p>\n\n\n\n<p><strong>Hoe doe ik mee?<\/strong><\/p>\n\n\n\n<p>Via&nbsp;<a href=\"https:\/\/www.vriendenloterij.nl\/meespelen\" target=\"_blank\" rel=\"noreferrer noopener\">deze link<\/a>&nbsp;meld je je aan om mee te spelen met de VriendenLoterij. Je vult je persoonlijke informatie in, geeft aan met hoeveel loten je mee wilt spelen en vinkt aan dat je mee wilt spelen voor Breakthrough T1D Nederland. Dan gaat van ieder lot waarmee jij mee speelt automatisch de helft naar Breakthrough T1D Nederland.<\/p>\n\n\n\n<p><strong>Hoe stop ik met meespelen?<\/strong><\/p>\n\n\n\n<p>Je kunt ieder moment opzeggen bij de VriendenLoterij. Je hebt een maand opzegtermijn als je meespeelt. Opzeggen kun je het beste doen door te bellen naar de VriendenLoterij: 0900 &#8211; 300 1400. Houd dan je rekeningnummer (IBAN) bij de hand. Voor meer informatie over opzeggen kijk je&nbsp;<a href=\"http:\/\/www.vriendenloterij.nl\/alles-wat-u-moet-weten-over-opzeggen.htm\" target=\"_blank\" rel=\"noreferrer noopener\">hier<\/a>.<\/p>\n\n\n\n<p><strong>Ik heb andere praktische vragen over de VriendenLoterij<\/strong><\/p>\n\n\n\n<p>De VriendenLoterij heeft zelf ook een lijst met veelgestelde vragen.&nbsp;<a href=\"http:\/\/www.vriendenloterij.nl\/klantenservice.htm\" target=\"_blank\" rel=\"noreferrer noopener\">Je vindt ze hier!<\/a><\/p>\n<\/div>\n<\/div>\n<\/div>\n","protected":false,"raw":""},"excerpt":{"rendered":"<p>De VriendenLoterij is opgezet om maatschappelijke initiatieven een steuntje in de rug geven, die mensen helpen met onvoldoende middelen of mogelijkheden. Op die manier kunnen zij voluit meedoen in de samenleving en een volwaardig leven leiden. De VriendenLoterij steunt ook mensen in hun ambitie om een bijdrage te leveren aan de maatschappij (zie ook&nbsp;vriendenloterij.nl). Een [&hellip;]<\/p>\n","protected":false},"author":1,"featured_media":0,"parent":1939,"menu_order":0,"comment_status":"closed","ping_status":"closed","template":"","meta":{"footnotes":""},"class_list":["post-3118","page","type-page","status-publish","hentry"],"yoast_head":"<!-- This site is optimized with the Yoast SEO plugin v25.3 - https:\/\/yoast.com\/wordpress\/plugins\/seo\/ -->\n<title>Breakthrough T1D en de VriendenLoterij - Breakthrough T1D<\/title>\n<meta name=\"robots\" content=\"index, follow, max-snippet:-1, max-image-preview:large, max-video-preview:-1\" \/>\n<link rel=\"canonical\" href=\"https:\/\/breakthrought1d.eu\/nl\/acties-en-evenementen\/jdrf-en-de-vriendenloterij\/\" \/>\n<meta property=\"og:locale\" content=\"nl_NL\" \/>\n<meta property=\"og:type\" content=\"article\" \/>\n<meta property=\"og:title\" content=\"Breakthrough T1D en de VriendenLoterij - Breakthrough T1D\" \/>\n<meta property=\"og:description\" content=\"De VriendenLoterij is opgezet om maatschappelijke initiatieven een steuntje in de rug geven, die mensen helpen met onvoldoende middelen of mogelijkheden. Op die manier kunnen zij voluit meedoen in de samenleving en een volwaardig leven leiden. De VriendenLoterij steunt ook mensen in hun ambitie om een bijdrage te leveren aan de maatschappij (zie ook&nbsp;vriendenloterij.nl). Een [&hellip;]\" \/>\n<meta property=\"og:url\" content=\"https:\/\/breakthrought1d.eu\/nl\/acties-en-evenementen\/jdrf-en-de-vriendenloterij\/\" \/>\n<meta property=\"og:site_name\" content=\"Breakthrough T1D\" \/>\n<meta property=\"article:modified_time\" content=\"2024-12-04T12:57:11+00:00\" \/>\n<meta property=\"og:image\" content=\"https:\/\/breakthrought1d.eu\/nl\/wp-content\/uploads\/2024\/09\/vriendenloterij2024-1024x168.jpg\" \/>\n<meta name=\"twitter:card\" content=\"summary_large_image\" \/>\n<meta name=\"twitter:label1\" content=\"Geschatte leestijd\" \/>\n\t<meta name=\"twitter:data1\" content=\"4 minuten\" \/>\n<script type=\"application\/ld+json\" class=\"yoast-schema-graph\">{\"@context\":\"https:\/\/schema.org\",\"@graph\":[{\"@type\":\"WebPage\",\"@id\":\"https:\/\/breakthrought1d.eu\/nl\/acties-en-evenementen\/jdrf-en-de-vriendenloterij\/\",\"url\":\"https:\/\/breakthrought1d.eu\/nl\/acties-en-evenementen\/jdrf-en-de-vriendenloterij\/\",\"name\":\"Breakthrough T1D en de VriendenLoterij - Breakthrough T1D\",\"isPartOf\":{\"@id\":\"https:\/\/breakthrought1d.eu\/nl\/#website\"},\"primaryImageOfPage\":{\"@id\":\"https:\/\/breakthrought1d.eu\/nl\/acties-en-evenementen\/jdrf-en-de-vriendenloterij\/#primaryimage\"},\"image\":{\"@id\":\"https:\/\/breakthrought1d.eu\/nl\/acties-en-evenementen\/jdrf-en-de-vriendenloterij\/#primaryimage\"},\"thumbnailUrl\":\"https:\/\/breakthrought1d.eu\/nl\/wp-content\/uploads\/2024\/09\/vriendenloterij2024-1024x168.jpg\",\"datePublished\":\"2024-09-09T19:54:38+00:00\",\"dateModified\":\"2024-12-04T12:57:11+00:00\",\"breadcrumb\":{\"@id\":\"https:\/\/breakthrought1d.eu\/nl\/acties-en-evenementen\/jdrf-en-de-vriendenloterij\/#breadcrumb\"},\"inLanguage\":\"nl-NL\",\"potentialAction\":[{\"@type\":\"ReadAction\",\"target\":[\"https:\/\/breakthrought1d.eu\/nl\/acties-en-evenementen\/jdrf-en-de-vriendenloterij\/\"]}]},{\"@type\":\"ImageObject\",\"inLanguage\":\"nl-NL\",\"@id\":\"https:\/\/breakthrought1d.eu\/nl\/acties-en-evenementen\/jdrf-en-de-vriendenloterij\/#primaryimage\",\"url\":\"https:\/\/breakthrought1d.eu\/nl\/wp-content\/uploads\/2024\/09\/vriendenloterij2024.jpg\",\"contentUrl\":\"https:\/\/breakthrought1d.eu\/nl\/wp-content\/uploads\/2024\/09\/vriendenloterij2024.jpg\",\"width\":1174,\"height\":193},{\"@type\":\"BreadcrumbList\",\"@id\":\"https:\/\/breakthrought1d.eu\/nl\/acties-en-evenementen\/jdrf-en-de-vriendenloterij\/#breadcrumb\",\"itemListElement\":[{\"@type\":\"ListItem\",\"position\":1,\"name\":\"Home\",\"item\":\"https:\/\/breakthrought1d.eu\/nl\/\"},{\"@type\":\"ListItem\",\"position\":2,\"name\":\"Acties en events\",\"item\":\"https:\/\/breakthrought1d.eu\/nl\/acties-en-evenementen\/\"},{\"@type\":\"ListItem\",\"position\":3,\"name\":\"Breakthrough T1D en de VriendenLoterij\"}]},{\"@type\":\"WebSite\",\"@id\":\"https:\/\/breakthrought1d.eu\/nl\/#website\",\"url\":\"https:\/\/breakthrought1d.eu\/nl\/\",\"name\":\"Breakthrough T1D\",\"description\":\"Wij zetten ons in voor een toekomst zonder T1D\",\"publisher\":{\"@id\":\"https:\/\/breakthrought1d.eu\/nl\/#organization\"},\"potentialAction\":[{\"@type\":\"SearchAction\",\"target\":{\"@type\":\"EntryPoint\",\"urlTemplate\":\"https:\/\/breakthrought1d.eu\/nl\/?s={search_term_string}\"},\"query-input\":{\"@type\":\"PropertyValueSpecification\",\"valueRequired\":true,\"valueName\":\"search_term_string\"}}],\"inLanguage\":\"nl-NL\"},{\"@type\":\"Organization\",\"@id\":\"https:\/\/breakthrought1d.eu\/nl\/#organization\",\"name\":\"Breakthrough T1D\",\"url\":\"https:\/\/breakthrought1d.eu\/nl\/\",\"logo\":{\"@type\":\"ImageObject\",\"inLanguage\":\"nl-NL\",\"@id\":\"https:\/\/breakthrought1d.eu\/nl\/#\/schema\/logo\/image\/\",\"url\":\"https:\/\/breakthrought1d.eu\/nl\/wp-content\/uploads\/2024\/11\/BTlogo.png\",\"contentUrl\":\"https:\/\/breakthrought1d.eu\/nl\/wp-content\/uploads\/2024\/11\/BTlogo.png\",\"width\":330,\"height\":141,\"caption\":\"Breakthrough T1D\"},\"image\":{\"@id\":\"https:\/\/breakthrought1d.eu\/nl\/#\/schema\/logo\/image\/\"}}]}<\/script>\n<!-- \/ Yoast SEO plugin. -->","yoast_head_json":{"title":"Breakthrough T1D en de VriendenLoterij - Breakthrough T1D","robots":{"index":"index","follow":"follow","max-snippet":"max-snippet:-1","max-image-preview":"max-image-preview:large","max-video-preview":"max-video-preview:-1"},"canonical":"https:\/\/breakthrought1d.eu\/nl\/acties-en-evenementen\/jdrf-en-de-vriendenloterij\/","og_locale":"nl_NL","og_type":"article","og_title":"Breakthrough T1D en de VriendenLoterij - Breakthrough T1D","og_description":"De VriendenLoterij is opgezet om maatschappelijke initiatieven een steuntje in de rug geven, die mensen helpen met onvoldoende middelen of mogelijkheden. Op die manier kunnen zij voluit meedoen in de samenleving en een volwaardig leven leiden. De VriendenLoterij steunt ook mensen in hun ambitie om een bijdrage te leveren aan de maatschappij (zie ook&nbsp;vriendenloterij.nl). Een [&hellip;]","og_url":"https:\/\/breakthrought1d.eu\/nl\/acties-en-evenementen\/jdrf-en-de-vriendenloterij\/","og_site_name":"Breakthrough T1D","article_modified_time":"2024-12-04T12:57:11+00:00","og_image":[{"url":"https:\/\/breakthrought1d.eu\/nl\/wp-content\/uploads\/2024\/09\/vriendenloterij2024-1024x168.jpg","type":"","width":"","height":""}],"twitter_card":"summary_large_image","twitter_misc":{"Geschatte leestijd":"4 minuten"},"schema":{"@context":"https:\/\/schema.org","@graph":[{"@type":"WebPage","@id":"https:\/\/breakthrought1d.eu\/nl\/acties-en-evenementen\/jdrf-en-de-vriendenloterij\/","url":"https:\/\/breakthrought1d.eu\/nl\/acties-en-evenementen\/jdrf-en-de-vriendenloterij\/","name":"Breakthrough T1D en de VriendenLoterij - Breakthrough T1D","isPartOf":{"@id":"https:\/\/breakthrought1d.eu\/nl\/#website"},"primaryImageOfPage":{"@id":"https:\/\/breakthrought1d.eu\/nl\/acties-en-evenementen\/jdrf-en-de-vriendenloterij\/#primaryimage"},"image":{"@id":"https:\/\/breakthrought1d.eu\/nl\/acties-en-evenementen\/jdrf-en-de-vriendenloterij\/#primaryimage"},"thumbnailUrl":"https:\/\/breakthrought1d.eu\/nl\/wp-content\/uploads\/2024\/09\/vriendenloterij2024-1024x168.jpg","datePublished":"2024-09-09T19:54:38+00:00","dateModified":"2024-12-04T12:57:11+00:00","breadcrumb":{"@id":"https:\/\/breakthrought1d.eu\/nl\/acties-en-evenementen\/jdrf-en-de-vriendenloterij\/#breadcrumb"},"inLanguage":"nl-NL","potentialAction":[{"@type":"ReadAction","target":["https:\/\/breakthrought1d.eu\/nl\/acties-en-evenementen\/jdrf-en-de-vriendenloterij\/"]}]},{"@type":"ImageObject","inLanguage":"nl-NL","@id":"https:\/\/breakthrought1d.eu\/nl\/acties-en-evenementen\/jdrf-en-de-vriendenloterij\/#primaryimage","url":"https:\/\/breakthrought1d.eu\/nl\/wp-content\/uploads\/2024\/09\/vriendenloterij2024.jpg","contentUrl":"https:\/\/breakthrought1d.eu\/nl\/wp-content\/uploads\/2024\/09\/vriendenloterij2024.jpg","width":1174,"height":193},{"@type":"BreadcrumbList","@id":"https:\/\/breakthrought1d.eu\/nl\/acties-en-evenementen\/jdrf-en-de-vriendenloterij\/#breadcrumb","itemListElement":[{"@type":"ListItem","position":1,"name":"Home","item":"https:\/\/breakthrought1d.eu\/nl\/"},{"@type":"ListItem","position":2,"name":"Acties en events","item":"https:\/\/breakthrought1d.eu\/nl\/acties-en-evenementen\/"},{"@type":"ListItem","position":3,"name":"Breakthrough T1D en de VriendenLoterij"}]},{"@type":"WebSite","@id":"https:\/\/breakthrought1d.eu\/nl\/#website","url":"https:\/\/breakthrought1d.eu\/nl\/","name":"Breakthrough T1D","description":"Wij zetten ons in voor een toekomst zonder T1D","publisher":{"@id":"https:\/\/breakthrought1d.eu\/nl\/#organization"},"potentialAction":[{"@type":"SearchAction","target":{"@type":"EntryPoint","urlTemplate":"https:\/\/breakthrought1d.eu\/nl\/?s={search_term_string}"},"query-input":{"@type":"PropertyValueSpecification","valueRequired":true,"valueName":"search_term_string"}}],"inLanguage":"nl-NL"},{"@type":"Organization","@id":"https:\/\/breakthrought1d.eu\/nl\/#organization","name":"Breakthrough T1D","url":"https:\/\/breakthrought1d.eu\/nl\/","logo":{"@type":"ImageObject","inLanguage":"nl-NL","@id":"https:\/\/breakthrought1d.eu\/nl\/#\/schema\/logo\/image\/","url":"https:\/\/breakthrought1d.eu\/nl\/wp-content\/uploads\/2024\/11\/BTlogo.png","contentUrl":"https:\/\/breakthrought1d.eu\/nl\/wp-content\/uploads\/2024\/11\/BTlogo.png","width":330,"height":141,"caption":"Breakthrough T1D"},"image":{"@id":"https:\/\/breakthrought1d.eu\/nl\/#\/schema\/logo\/image\/"}}]}},"_links":{"self":[{"href":"https:\/\/breakthrought1d.eu\/nl\/wp-json\/wp\/v2\/pages\/3118","targetHints":{"allow":["GET"]}}],"collection":[{"href":"https:\/\/breakthrought1d.eu\/nl\/wp-json\/wp\/v2\/pages"}],"about":[{"href":"https:\/\/breakthrought1d.eu\/nl\/wp-json\/wp\/v2\/types\/page"}],"author":[{"embeddable":true,"href":"https:\/\/breakthrought1d.eu\/nl\/wp-json\/wp\/v2\/users\/1"}],"replies":[{"embeddable":true,"href":"https:\/\/breakthrought1d.eu\/nl\/wp-json\/wp\/v2\/comments?post=3118"}],"version-history":[{"count":13,"href":"https:\/\/breakthrought1d.eu\/nl\/wp-json\/wp\/v2\/pages\/3118\/revisions"}],"predecessor-version":[{"id":9241,"href":"https:\/\/breakthrought1d.eu\/nl\/wp-json\/wp\/v2\/pages\/3118\/revisions\/9241"}],"up":[{"embeddable":true,"href":"https:\/\/breakthrought1d.eu\/nl\/wp-json\/wp\/v2\/pages\/1939"}],"wp:attachment":[{"href":"https:\/\/breakthrought1d.eu\/nl\/wp-json\/wp\/v2\/media?parent=3118"}],"curies":[{"name":"wp","href":"https:\/\/api.w.org\/{rel}","templated":true}]}}