{"id":3208,"date":"2024-09-10T18:50:16","date_gmt":"2024-09-10T18:50:16","guid":{"rendered":"https:\/\/breakthrought1d.eu\/nl\/?page_id=3208"},"modified":"2025-02-24T09:57:27","modified_gmt":"2025-02-24T08:57:27","slug":"werk","status":"publish","type":"page","link":"https:\/\/breakthrought1d.eu\/nl\/acties-en-evenementen\/werk\/","title":{"rendered":"Werk"},"content":{"rendered":"<div class=\"wp-block-jdrf-hero\">\n\t<div class=\"wp-block-jdrf-hero__content-wrap has-blue-background-color has-white-color\">\n\t\t\t\t\t<h1 class=\"wp-block-jdrf-hero__title\">\n\t\t\t\tKom in actie met je werk\t\t\t<\/h1>\n\t\t\n\t\t\t\t\t<p class=\"wp-block-jdrf-hero__description\">\n\t\t\t\tWat doe jij om van type \u00e9\u00e9n type g\u00e9\u00e9n te maken? Misschien al heel veel: dat is heel mooi. Daar willen we je voor bedanken. Maar misschien wacht je wel af totdat type 1 diabetes de wereld uit is. Nee, toch? Kom ook in actie, steun Breakthrough T1D en draag bij aan een wereld zonder type 1 diabetes.\t\t\t<\/p>\n\t\t\n\t\t\t<\/div>\n\n\t<figure class=\"wp-block-jdrf-hero__image-wrapper\">\n\t\t\n<svg xmlns=\"http:\/\/www.w3.org\/2000\/svg\" width=\"182.292\" height=\"545\" viewBox=\"0 0 182.292 545\" preserveAspectRatio=\"xMinYMax\" class=\"curve-circle--desktop\"><path d=\"M182.292,661H0V116H181.305A388.493,388.493,0,0,0,99.836,238.525,386.046,386.046,0,0,0,77.71,310.648c-2.535,12.531-4.47,25.356-5.751,38.116C70.659,361.71,70,374.911,70,388a394.188,394.188,0,0,0,1.978,39.418c1.294,12.819,3.247,25.7,5.806,38.289a385.884,385.884,0,0,0,57.677,138.032A390.8,390.8,0,0,0,182.29,661l0,0h0Z\" transform=\"translate(0 -116)\" fill=\"#002bff\" \/><\/svg>\n\t\t\n<svg xmlns=\"http:\/\/www.w3.org\/2000\/svg\" width=\"545\" height=\"182.292\" viewBox=\"0 0 545 182.292\" preserveAspectRatio=\"xMinYMax\" class=\"curve-circle--mobile\"><path d=\"M182.292,661H0V116H181.305A388.493,388.493,0,0,0,99.836,238.525,386.046,386.046,0,0,0,77.71,310.648c-2.535,12.531-4.47,25.356-5.751,38.116C70.659,361.71,70,374.911,70,388a394.188,394.188,0,0,0,1.978,39.418c1.294,12.819,3.247,25.7,5.806,38.289a385.884,385.884,0,0,0,57.677,138.032A390.8,390.8,0,0,0,182.29,661l0,0h0Z\" transform=\"translate(-116 182.292) rotate(-90)\" fill=\"#002bff\" \/><\/svg>\n\t\t<img loading=\"lazy\" decoding=\"async\" width=\"1200\" height=\"800\" src=\"https:\/\/breakthrought1d.eu\/nl\/wp-content\/uploads\/2024\/09\/Partners-1218396715.jpg\" class=\"wp-block-jdrf-hero__image\" alt=\"\" style=\"object-position: 100% 100%;\" srcset=\"https:\/\/breakthrought1d.eu\/nl\/wp-content\/uploads\/2024\/09\/Partners-1218396715.jpg 1200w, https:\/\/breakthrought1d.eu\/nl\/wp-content\/uploads\/2024\/09\/Partners-1218396715-300x200.jpg 300w, https:\/\/breakthrought1d.eu\/nl\/wp-content\/uploads\/2024\/09\/Partners-1218396715-1024x683.jpg 1024w, https:\/\/breakthrought1d.eu\/nl\/wp-content\/uploads\/2024\/09\/Partners-1218396715-768x512.jpg 768w\" sizes=\"auto, (max-width: 1200px) 100vw, 1200px\" \/>\t<\/figure>\n<\/div>\n\n\n\n<div class=\"wp-block-group alignfull is-layout-constrained wp-block-group-is-layout-constrained\">\n<div class=\"wp-block-columns is-layout-flex wp-container-core-columns-is-layout-28f84493 wp-block-columns-is-layout-flex\">\n<div class=\"wp-block-column is-layout-flow wp-block-column-is-layout-flow\" style=\"flex-basis:33.33%\">\n<h2 class=\"wp-block-heading\" id=\"acties\"><\/h2>\n<\/div>\n\n\n\n<div class=\"wp-block-column is-layout-flow wp-block-column-is-layout-flow\" style=\"flex-basis:66.66%\">\n<p class=\"is-style-large-body\">Samen bereiken we veel op weg naar type g\u00e9\u00e9n en daar zijn we trots op. We zijn dankbaar voor iedereen die onze ambitie voor een wereld zonder T1D deelt en steunt. Mensen die zelf type 1 diabetes hebben, maar ook ouders, vrienden, sportieve actievoerders, collega&#8217;s, bedrijven en maatschappelijke organisaties komen in actie voor Breakthrough T1D. Samen pakken we type 1 diabetes aan.<\/p>\n\n\n\n<p class=\"is-style-large-body\"><strong>Kom ook in actie!<\/strong><br>Jij kan ook meedoen! Onder andere door je in te zetten met je werk kan je bijdragen aan een wereld zonder T1D. Veel werkgevers hebben bijvoorbeeld een speciaal potje voor goede doelen. Hoe zit dat op jouw werk?<\/p>\n\n\n\n<p class=\"is-style-large-body\"><strong>Wat kan je nog meer doen?<\/strong><br>Maar ook als je minder sportief bent, kan je Breakthrough T1D ondersteunen door je werk. Organiseer een benefietavond, kerstmarkt of veiling voor Breakthrough T1D of vraag eens na of jullie kerstpakketten niet omgezet kunnen worden in een donatie voor een goed doel? Er zijn mogelijkheden genoeg.<\/p>\n\n\n\n<p class=\"is-style-large-body\">Ondersteuning nodig bij het bedenken van een actie of heb je behoefte aan wat tips en tricks? Laat het ons weten! Mail naar <a href=\"mailto:info@breakthrought1d.eu\" target=\"_blank\" rel=\"noreferrer noopener\">info@breakthrought1d.eu<\/a>. Dan nemen we zo snel mogelijk contact met je op.<\/p>\n<\/div>\n<\/div>\n<\/div>\n","protected":false,"raw":""},"excerpt":{"rendered":"<p>Samen bereiken we veel op weg naar type g\u00e9\u00e9n en daar zijn we trots op. We zijn dankbaar voor iedereen die onze ambitie voor een wereld zonder T1D deelt en steunt. Mensen die zelf type 1 diabetes hebben, maar ook ouders, vrienden, sportieve actievoerders, collega&#8217;s, bedrijven en maatschappelijke organisaties komen in actie voor Breakthrough T1D. [&hellip;]<\/p>\n","protected":false},"author":1,"featured_media":0,"parent":1939,"menu_order":0,"comment_status":"closed","ping_status":"closed","template":"","meta":{"footnotes":""},"class_list":["post-3208","page","type-page","status-publish","hentry"],"yoast_head":"<!-- This site is optimized with the Yoast SEO plugin v25.3 - https:\/\/yoast.com\/wordpress\/plugins\/seo\/ -->\n<title>Werk - Breakthrough T1D<\/title>\n<meta name=\"robots\" content=\"index, follow, max-snippet:-1, max-image-preview:large, max-video-preview:-1\" \/>\n<link rel=\"canonical\" href=\"https:\/\/breakthrought1d.eu\/nl\/acties-en-evenementen\/werk\/\" \/>\n<meta property=\"og:locale\" content=\"nl_NL\" \/>\n<meta property=\"og:type\" content=\"article\" \/>\n<meta property=\"og:title\" content=\"Werk - Breakthrough T1D\" \/>\n<meta property=\"og:description\" content=\"Samen bereiken we veel op weg naar type g\u00e9\u00e9n en daar zijn we trots op. We zijn dankbaar voor iedereen die onze ambitie voor een wereld zonder T1D deelt en steunt. Mensen die zelf type 1 diabetes hebben, maar ook ouders, vrienden, sportieve actievoerders, collega&#8217;s, bedrijven en maatschappelijke organisaties komen in actie voor Breakthrough T1D. [&hellip;]\" \/>\n<meta property=\"og:url\" content=\"https:\/\/breakthrought1d.eu\/nl\/acties-en-evenementen\/werk\/\" \/>\n<meta property=\"og:site_name\" content=\"Breakthrough T1D\" \/>\n<meta property=\"article:modified_time\" content=\"2025-02-24T08:57:27+00:00\" \/>\n<meta name=\"twitter:card\" content=\"summary_large_image\" \/>\n<meta name=\"twitter:label1\" content=\"Geschatte leestijd\" \/>\n\t<meta name=\"twitter:data1\" content=\"1 minuut\" \/>\n<script type=\"application\/ld+json\" class=\"yoast-schema-graph\">{\"@context\":\"https:\/\/schema.org\",\"@graph\":[{\"@type\":\"WebPage\",\"@id\":\"https:\/\/breakthrought1d.eu\/nl\/acties-en-evenementen\/werk\/\",\"url\":\"https:\/\/breakthrought1d.eu\/nl\/acties-en-evenementen\/werk\/\",\"name\":\"Werk - Breakthrough T1D\",\"isPartOf\":{\"@id\":\"https:\/\/breakthrought1d.eu\/nl\/#website\"},\"datePublished\":\"2024-09-10T18:50:16+00:00\",\"dateModified\":\"2025-02-24T08:57:27+00:00\",\"breadcrumb\":{\"@id\":\"https:\/\/breakthrought1d.eu\/nl\/acties-en-evenementen\/werk\/#breadcrumb\"},\"inLanguage\":\"nl-NL\",\"potentialAction\":[{\"@type\":\"ReadAction\",\"target\":[\"https:\/\/breakthrought1d.eu\/nl\/acties-en-evenementen\/werk\/\"]}]},{\"@type\":\"BreadcrumbList\",\"@id\":\"https:\/\/breakthrought1d.eu\/nl\/acties-en-evenementen\/werk\/#breadcrumb\",\"itemListElement\":[{\"@type\":\"ListItem\",\"position\":1,\"name\":\"Home\",\"item\":\"https:\/\/breakthrought1d.eu\/nl\/\"},{\"@type\":\"ListItem\",\"position\":2,\"name\":\"Acties en events\",\"item\":\"https:\/\/breakthrought1d.eu\/nl\/acties-en-evenementen\/\"},{\"@type\":\"ListItem\",\"position\":3,\"name\":\"Werk\"}]},{\"@type\":\"WebSite\",\"@id\":\"https:\/\/breakthrought1d.eu\/nl\/#website\",\"url\":\"https:\/\/breakthrought1d.eu\/nl\/\",\"name\":\"Breakthrough T1D\",\"description\":\"Wij zetten ons in voor een toekomst zonder T1D\",\"publisher\":{\"@id\":\"https:\/\/breakthrought1d.eu\/nl\/#organization\"},\"potentialAction\":[{\"@type\":\"SearchAction\",\"target\":{\"@type\":\"EntryPoint\",\"urlTemplate\":\"https:\/\/breakthrought1d.eu\/nl\/?s={search_term_string}\"},\"query-input\":{\"@type\":\"PropertyValueSpecification\",\"valueRequired\":true,\"valueName\":\"search_term_string\"}}],\"inLanguage\":\"nl-NL\"},{\"@type\":\"Organization\",\"@id\":\"https:\/\/breakthrought1d.eu\/nl\/#organization\",\"name\":\"Breakthrough T1D\",\"url\":\"https:\/\/breakthrought1d.eu\/nl\/\",\"logo\":{\"@type\":\"ImageObject\",\"inLanguage\":\"nl-NL\",\"@id\":\"https:\/\/breakthrought1d.eu\/nl\/#\/schema\/logo\/image\/\",\"url\":\"https:\/\/breakthrought1d.eu\/nl\/wp-content\/uploads\/2024\/11\/BTlogo.png\",\"contentUrl\":\"https:\/\/breakthrought1d.eu\/nl\/wp-content\/uploads\/2024\/11\/BTlogo.png\",\"width\":330,\"height\":141,\"caption\":\"Breakthrough T1D\"},\"image\":{\"@id\":\"https:\/\/breakthrought1d.eu\/nl\/#\/schema\/logo\/image\/\"}}]}<\/script>\n<!-- \/ Yoast SEO plugin. -->","yoast_head_json":{"title":"Werk - Breakthrough T1D","robots":{"index":"index","follow":"follow","max-snippet":"max-snippet:-1","max-image-preview":"max-image-preview:large","max-video-preview":"max-video-preview:-1"},"canonical":"https:\/\/breakthrought1d.eu\/nl\/acties-en-evenementen\/werk\/","og_locale":"nl_NL","og_type":"article","og_title":"Werk - Breakthrough T1D","og_description":"Samen bereiken we veel op weg naar type g\u00e9\u00e9n en daar zijn we trots op. We zijn dankbaar voor iedereen die onze ambitie voor een wereld zonder T1D deelt en steunt. Mensen die zelf type 1 diabetes hebben, maar ook ouders, vrienden, sportieve actievoerders, collega&#8217;s, bedrijven en maatschappelijke organisaties komen in actie voor Breakthrough T1D. [&hellip;]","og_url":"https:\/\/breakthrought1d.eu\/nl\/acties-en-evenementen\/werk\/","og_site_name":"Breakthrough T1D","article_modified_time":"2025-02-24T08:57:27+00:00","twitter_card":"summary_large_image","twitter_misc":{"Geschatte leestijd":"1 minuut"},"schema":{"@context":"https:\/\/schema.org","@graph":[{"@type":"WebPage","@id":"https:\/\/breakthrought1d.eu\/nl\/acties-en-evenementen\/werk\/","url":"https:\/\/breakthrought1d.eu\/nl\/acties-en-evenementen\/werk\/","name":"Werk - Breakthrough T1D","isPartOf":{"@id":"https:\/\/breakthrought1d.eu\/nl\/#website"},"datePublished":"2024-09-10T18:50:16+00:00","dateModified":"2025-02-24T08:57:27+00:00","breadcrumb":{"@id":"https:\/\/breakthrought1d.eu\/nl\/acties-en-evenementen\/werk\/#breadcrumb"},"inLanguage":"nl-NL","potentialAction":[{"@type":"ReadAction","target":["https:\/\/breakthrought1d.eu\/nl\/acties-en-evenementen\/werk\/"]}]},{"@type":"BreadcrumbList","@id":"https:\/\/breakthrought1d.eu\/nl\/acties-en-evenementen\/werk\/#breadcrumb","itemListElement":[{"@type":"ListItem","position":1,"name":"Home","item":"https:\/\/breakthrought1d.eu\/nl\/"},{"@type":"ListItem","position":2,"name":"Acties en events","item":"https:\/\/breakthrought1d.eu\/nl\/acties-en-evenementen\/"},{"@type":"ListItem","position":3,"name":"Werk"}]},{"@type":"WebSite","@id":"https:\/\/breakthrought1d.eu\/nl\/#website","url":"https:\/\/breakthrought1d.eu\/nl\/","name":"Breakthrough T1D","description":"Wij zetten ons in voor een toekomst zonder T1D","publisher":{"@id":"https:\/\/breakthrought1d.eu\/nl\/#organization"},"potentialAction":[{"@type":"SearchAction","target":{"@type":"EntryPoint","urlTemplate":"https:\/\/breakthrought1d.eu\/nl\/?s={search_term_string}"},"query-input":{"@type":"PropertyValueSpecification","valueRequired":true,"valueName":"search_term_string"}}],"inLanguage":"nl-NL"},{"@type":"Organization","@id":"https:\/\/breakthrought1d.eu\/nl\/#organization","name":"Breakthrough T1D","url":"https:\/\/breakthrought1d.eu\/nl\/","logo":{"@type":"ImageObject","inLanguage":"nl-NL","@id":"https:\/\/breakthrought1d.eu\/nl\/#\/schema\/logo\/image\/","url":"https:\/\/breakthrought1d.eu\/nl\/wp-content\/uploads\/2024\/11\/BTlogo.png","contentUrl":"https:\/\/breakthrought1d.eu\/nl\/wp-content\/uploads\/2024\/11\/BTlogo.png","width":330,"height":141,"caption":"Breakthrough T1D"},"image":{"@id":"https:\/\/breakthrought1d.eu\/nl\/#\/schema\/logo\/image\/"}}]}},"_links":{"self":[{"href":"https:\/\/breakthrought1d.eu\/nl\/wp-json\/wp\/v2\/pages\/3208","targetHints":{"allow":["GET"]}}],"collection":[{"href":"https:\/\/breakthrought1d.eu\/nl\/wp-json\/wp\/v2\/pages"}],"about":[{"href":"https:\/\/breakthrought1d.eu\/nl\/wp-json\/wp\/v2\/types\/page"}],"author":[{"embeddable":true,"href":"https:\/\/breakthrought1d.eu\/nl\/wp-json\/wp\/v2\/users\/1"}],"replies":[{"embeddable":true,"href":"https:\/\/breakthrought1d.eu\/nl\/wp-json\/wp\/v2\/comments?post=3208"}],"version-history":[{"count":6,"href":"https:\/\/breakthrought1d.eu\/nl\/wp-json\/wp\/v2\/pages\/3208\/revisions"}],"predecessor-version":[{"id":9587,"href":"https:\/\/breakthrought1d.eu\/nl\/wp-json\/wp\/v2\/pages\/3208\/revisions\/9587"}],"up":[{"embeddable":true,"href":"https:\/\/breakthrought1d.eu\/nl\/wp-json\/wp\/v2\/pages\/1939"}],"wp:attachment":[{"href":"https:\/\/breakthrought1d.eu\/nl\/wp-json\/wp\/v2\/media?parent=3208"}],"curies":[{"name":"wp","href":"https:\/\/api.w.org\/{rel}","templated":true}]}}