{"id":6402,"date":"2024-09-12T20:11:37","date_gmt":"2024-09-12T20:11:37","guid":{"rendered":"https:\/\/breakthrought1d.eu\/nl\/?page_id=6402"},"modified":"2024-11-27T13:01:48","modified_gmt":"2024-11-27T13:01:48","slug":"prof-dr-martin-gotthardt-radboudumc","status":"publish","type":"page","link":"https:\/\/breakthrought1d.eu\/nl\/wetenschappelijk-onderzoek\/prof-dr-martin-gotthardt-radboudumc\/","title":{"rendered":"Prof. dr. Martin Gotthardt \u2013 Radboudumc"},"content":{"rendered":"<div class=\"wp-block-jdrf-hero\">\n\t<div class=\"wp-block-jdrf-hero__content-wrap has-blue-background-color has-white-color\">\n\t\t\t\t\t<h1 class=\"wp-block-jdrf-hero__title\">\n\t\t\t\tProf. dr. Martin Gotthardt \u2013 Radboudumc\t\t\t<\/h1>\n\t\t\n\t\t\n\t\t\t<\/div>\n\n\t<figure class=\"wp-block-jdrf-hero__image-wrapper\">\n\t\t\n<svg xmlns=\"http:\/\/www.w3.org\/2000\/svg\" width=\"182.292\" height=\"545\" viewBox=\"0 0 182.292 545\" preserveAspectRatio=\"xMinYMax\" class=\"curve-circle--desktop\"><path d=\"M182.292,661H0V116H181.305A388.493,388.493,0,0,0,99.836,238.525,386.046,386.046,0,0,0,77.71,310.648c-2.535,12.531-4.47,25.356-5.751,38.116C70.659,361.71,70,374.911,70,388a394.188,394.188,0,0,0,1.978,39.418c1.294,12.819,3.247,25.7,5.806,38.289a385.884,385.884,0,0,0,57.677,138.032A390.8,390.8,0,0,0,182.29,661l0,0h0Z\" transform=\"translate(0 -116)\" fill=\"#002bff\" \/><\/svg>\n\t\t\n<svg xmlns=\"http:\/\/www.w3.org\/2000\/svg\" width=\"545\" height=\"182.292\" viewBox=\"0 0 545 182.292\" preserveAspectRatio=\"xMinYMax\" class=\"curve-circle--mobile\"><path d=\"M182.292,661H0V116H181.305A388.493,388.493,0,0,0,99.836,238.525,386.046,386.046,0,0,0,77.71,310.648c-2.535,12.531-4.47,25.356-5.751,38.116C70.659,361.71,70,374.911,70,388a394.188,394.188,0,0,0,1.978,39.418c1.294,12.819,3.247,25.7,5.806,38.289a385.884,385.884,0,0,0,57.677,138.032A390.8,390.8,0,0,0,182.29,661l0,0h0Z\" transform=\"translate(-116 182.292) rotate(-90)\" fill=\"#002bff\" \/><\/svg>\n\t\t<img loading=\"lazy\" decoding=\"async\" width=\"700\" height=\"500\" src=\"https:\/\/breakthrought1d.eu\/nl\/wp-content\/uploads\/2024\/09\/M-Gotthardt2024-1.jpg\" class=\"wp-block-jdrf-hero__image\" alt=\"\" style=\"object-position: 100% 100%;\" srcset=\"https:\/\/breakthrought1d.eu\/nl\/wp-content\/uploads\/2024\/09\/M-Gotthardt2024-1.jpg 700w, https:\/\/breakthrought1d.eu\/nl\/wp-content\/uploads\/2024\/09\/M-Gotthardt2024-1-300x214.jpg 300w\" sizes=\"auto, (max-width: 700px) 100vw, 700px\" \/>\t<\/figure>\n<\/div>\n\n\n\n<div class=\"wp-block-group alignfull is-layout-constrained wp-block-group-is-layout-constrained\">\n<div class=\"wp-block-columns is-layout-flex wp-container-core-columns-is-layout-28f84493 wp-block-columns-is-layout-flex\">\n<div class=\"wp-block-column is-layout-flow wp-block-column-is-layout-flow\" style=\"flex-basis:66.66%\">\n<h2 class=\"wp-block-heading\" id=\"financiering-van-jdrf\">Financiering van Breakthrough T1D<\/h2>\n\n\n\n<p class=\"is-style-large-body\">Financiering van Breakthrough T1D in de laatste vijf jaar<\/p>\n<\/div>\n\n\n\n<div class=\"wp-block-column is-layout-flow wp-block-column-is-layout-flow\" style=\"flex-basis:33.33%\"><\/div>\n<\/div>\n\n\n\n<div style=\"margin-top:var(--wp--preset--spacing--40);\" class=\"wp-block-jdrf-stats has-few-items wp-block-jdrf-stats\">\n\t\n\n<div class=\"has-background-color has-light-gray-background-color wp-block-jdrf-stat-item has-background has-light-gray-background-color\">\n\t\n\t\t\t<h3 class=\"wp-block-jdrf-stat-item__title\">\n\t\t\t\u20ac 2.942\t\t<\/h3>\n\t\n\t\t\t<p class=\"wp-block-jdrf-stat-item__text\">\n\t\t\t2018-2019\t\t<\/p>\n\t<\/div>\n\n\n\n<div class=\"has-background-color has-light-gray-background-color wp-block-jdrf-stat-item has-background has-light-gray-background-color\">\n\t\n\t\t\t<h3 class=\"wp-block-jdrf-stat-item__title\">\n\t\t\t\u20ac 20.790\t\t<\/h3>\n\t\n\t\t\t<p class=\"wp-block-jdrf-stat-item__text\">\n\t\t\t2019-2020\t\t<\/p>\n\t<\/div>\n\n\n\n<div class=\"has-background-color has-light-gray-background-color wp-block-jdrf-stat-item has-background has-light-gray-background-color\">\n\t\n\t\t\t<h3 class=\"wp-block-jdrf-stat-item__title\">\n\t\t\t\u20ac 196.479\t\t<\/h3>\n\t\n\t\t\t<p class=\"wp-block-jdrf-stat-item__text\">\n\t\t\t2020-2021\t\t<\/p>\n\t<\/div>\n\n<\/div>\n<\/div>\n\n\n\n<div class=\"wp-block-group alignfull has-light-gray-background-color has-background has-gradient is-layout-constrained wp-block-group-is-layout-constrained\">\n<div class=\"wp-block-columns is-layout-flex wp-container-core-columns-is-layout-28f84493 wp-block-columns-is-layout-flex\">\n<div class=\"wp-block-column is-layout-flow wp-block-column-is-layout-flow\" style=\"flex-basis:66.66%\">\n<h2 class=\"wp-block-heading\" id=\"het-onderzoek-van-prof-dr-martin-gotthardt\">Het onderzoek van prof. dr. Martin Gotthardt&#8230;<\/h2>\n\n\n\n<p class=\"is-style-large-body\">\u2026richt zich op b\u00e8tacel-imaging. Hierbij worden met behulp van nucleaire technieken b\u00e8tacellen in beeld gebracht, zodat gemeten kan worden hoeveel b\u00e8tacellen iemand met type 1 diabetes nog in zijn lichaam heeft. Prof. dr. Gotthardt werkt hierin samen met dr. Maarten Brom bij de afdeling Nucleaire Geneeskunde.<\/p>\n\n\n\n<p class=\"is-style-large-body\">Het inzicht in insulineproducerende cellen in de alvleesklier kan in de toekomst zorgen voor nieuwe mogelijkheden op het gebied van behandelmethoden. Met de uitkomst kan de behandeling van type 1 diabetes in de toekomst beter wordt afgestemd op de pati\u00ebnt en het aantal werkende b\u00e8tacellen in de alvleesklier.<\/p>\n<\/div>\n\n\n\n<div class=\"wp-block-column is-layout-flow wp-block-column-is-layout-flow\" style=\"flex-basis:33.33%\"><\/div>\n<\/div>\n<\/div>\n\n\n\n<div class=\"wp-block-group alignfull is-layout-constrained wp-block-group-is-layout-constrained\">\n<div class=\"wp-block-columns is-layout-flex wp-container-core-columns-is-layout-28f84493 wp-block-columns-is-layout-flex\">\n<div class=\"wp-block-column is-layout-flow wp-block-column-is-layout-flow\">\n<h3 class=\"wp-block-heading\" id=\"highlight-g-copy-optional-button\">Waar staat het onderzoek?<\/h3>\n\n\n\n<p class=\"is-style-large-body\">Eerder ontwikkelde prof. dr. Martin Gotthardt een algoritme voor automatische en betrouwbare vaststelling van kleuringen waarmee de locatie van bepaalde componenten in het lichaam bepaald wordt. Dit kan vergeleken worden met de vaststelling van een radiotraceropname op basis van autoradiografische en SPECT-scans. Zo wordt de relatie tussen b\u00e8tacelmassa en tracer-opname bepaald. Ook heeft Gotthardt een kwantitatieve analyse gedaan van de autoradiografie.<\/p>\n<\/div>\n\n\n\n<div class=\"wp-block-column is-layout-flow wp-block-column-is-layout-flow\">\n<h3 class=\"wp-block-heading\" id=\"highlight-g-copy-optional-button\">Wat gaat er nog gebeuren?<\/h3>\n\n\n\n<p class=\"is-style-large-body\">In het komend jaar zal Gotthardt het onderzoek afronden, omdat het onderzoek stopgezet is in verband met het coronavirus. De data worden geanalyseerd en de publicatie van de resultaten wordt in 2021 verwacht.<\/p>\n<\/div>\n<\/div>\n<\/div>\n\n\n\n<div class=\"wp-block-group alignfull has-white-color has-blue-background-color has-text-color has-background has-link-color wp-elements-cbd4622a48ea5a457ce34bb0dd9ea2b3 is-layout-constrained wp-block-group-is-layout-constrained\">\n<div class=\"wp-block-columns is-layout-flex wp-container-core-columns-is-layout-28f84493 wp-block-columns-is-layout-flex\">\n<div class=\"wp-block-column is-layout-flow wp-block-column-is-layout-flow\" style=\"flex-basis:66.66%\">\n<h2 class=\"wp-block-heading\" id=\"meer-weten-1\">Meer weten?<\/h2>\n\n\n\n<ul class=\"wp-block-list\">\n<li><a href=\"https:\/\/www.radboudumc.nl\/en\/people\/martin-gotthardt\" target=\"_blank\" rel=\"noreferrer noopener\">Radboudumc | Imaging Research Martin Gotthardt (Engels)<\/a><\/li>\n\n\n\n<li><a href=\"https:\/\/breakthrought1d.eu\/nl\/nieuws\/alvleeskliercellen-flexibeler-dan-gedacht\/\">Artikel | Alvleeskliercellen flexibeler dan gedacht<\/a><\/li>\n\n\n\n<li><a href=\"https:\/\/breakthrought1d.eu\/nl\/nieuws\/de-alvleesklier-in-beeld-dankzij-nijmeegse-onderzoekers-en-jdrf\">Artikel | Radboudumc brengt alvleesklier in beeld<\/a><\/li>\n\n\n\n<li><a href=\"https:\/\/publons.com\/researcher\/2513628\/m-gotthardt\/\" target=\"_blank\" rel=\"noreferrer noopener\">Publons | Publicaties prof. dr. Martin Gotthardt<\/a><\/li>\n<\/ul>\n<\/div>\n\n\n\n<div class=\"wp-block-column is-vertically-aligned-center is-layout-flow wp-block-column-is-layout-flow\" style=\"flex-basis:33.33%\">\n<div class=\"wp-block-buttons is-content-justification-right is-layout-flex wp-container-core-buttons-is-layout-d445cf74 wp-block-buttons-is-layout-flex\"><\/div>\n<\/div>\n<\/div>\n<\/div>\n\n\n\n<div class=\"wp-block-group alignfull is-layout-constrained wp-block-group-is-layout-constrained\">\n<div class=\"wp-block-columns is-layout-flex wp-container-core-columns-is-layout-a5cf46d6 wp-block-columns-is-layout-flex\" style=\"margin-bottom:var(--wp--preset--spacing--40)\">\n<div class=\"wp-block-column is-layout-flow wp-block-column-is-layout-flow\" style=\"flex-basis:66.66%\">\n<h2 class=\"wp-block-heading\" id=\"the-latest-1\">Laatste nieuws<\/h2>\n<\/div>\n\n\n\n<div class=\"wp-block-column is-layout-flow wp-block-column-is-layout-flow\" style=\"flex-basis:33.33%\"><\/div>\n<\/div>\n\n\n\n<p>Laatste nieuws en updates van Breakthrough TD1<\/p>\n\n\n<ul class=\"wp-block-jdrf-query\"><li class=\"wp-block-jdrf-query__item\"><article class=\"card image-date-title-category\" itemscope itemtype=\"https:\/\/schema.org\/Thing\">\n\t\t<figure class=\"card__image\">\n\t\t<img decoding=\"async\" src=\"https:\/\/breakthrought1d.eu\/nl\/wp-content\/uploads\/2026\/04\/Blue-and-White-Retro-Cafe-Business-Banner-2-scaled.png\" alt=\"Sportdonaties\">\n\t<\/figure>\n\t\n\t\t<div class=\"card__content\">\n\t\t\t\t\t<time class=\"card__date\" aria-label=\"published date\">20 april 2026<\/time>\n\t\t\n\t\t\n\t\t\t\t\n\t\t\t\t\t\t\t<a href=\"https:\/\/breakthrought1d.eu\/nl\/nieuws\/sportdonaties\/\" class=\"card__link\" aria-label=\"Sportdonaties\" itemprop=\"url\" >\n\t\t\t\n\t\t\t\t<h3 class=\"card__title\" itemprop=\"name\">Sportdonaties<\/h3>\n\n\t\t\t\t\t\t\t<\/a>\n\t\t\t\t\t\n\t\t\n\t<\/div>\n\t\n\t\t\t<div class=\"card__categories\" aria-label=\"categories\">\n\t\t\t\t\t\t\t<span class=\"card__category\">Acties<\/span>\n\t\t\t\t\t\t\t\t<span class=\"card__category\">Evenementen<\/span>\n\t\t\t\t\t\t<\/div>\n\t\n<\/article>\n<\/li><li class=\"wp-block-jdrf-query__item\"><article class=\"card image-date-title-category\" itemscope itemtype=\"https:\/\/schema.org\/Thing\">\n\t\t<figure class=\"card__image\">\n\t\t<img decoding=\"async\" src=\"https:\/\/breakthrought1d.eu\/nl\/wp-content\/uploads\/2026\/03\/He-hoe-kan-ik-jullie-het-beste-volgen-op-whatsapp-1-2.jpg\" alt=\"Whatsapp-kanaal\">\n\t<\/figure>\n\t\n\t\t<div class=\"card__content\">\n\t\t\t\t\t<time class=\"card__date\" aria-label=\"published date\">31 maart 2026<\/time>\n\t\t\n\t\t\n\t\t\t\t\n\t\t\t\t\t\t\t<a href=\"https:\/\/breakthrought1d.eu\/nl\/nieuws\/whatsapp-kanaal\/\" class=\"card__link\" aria-label=\"Whatsapp-kanaal\" itemprop=\"url\" >\n\t\t\t\n\t\t\t\t<h3 class=\"card__title\" itemprop=\"name\">Whatsapp-kanaal<\/h3>\n\n\t\t\t\t\t\t\t<\/a>\n\t\t\t\t\t\n\t\t\n\t<\/div>\n\t\n\t\t\t<div class=\"card__categories\" aria-label=\"categories\">\n\t\t\t\t\t\t\t<span class=\"card__category\">Nieuws<\/span>\n\t\t\t\t\t\t<\/div>\n\t\n<\/article>\n<\/li><li class=\"wp-block-jdrf-query__item\"><article class=\"card image-date-title-category\" itemscope itemtype=\"https:\/\/schema.org\/Thing\">\n\t\t<figure class=\"card__image\">\n\t\t<img decoding=\"async\" src=\"https:\/\/breakthrought1d.eu\/nl\/wp-content\/uploads\/2025\/10\/Max-5549.png\" alt=\"Nieuw onderzoek naar voedingssupplement 6-BT bij type 1 diabetes\">\n\t<\/figure>\n\t\n\t\t<div class=\"card__content\">\n\t\t\t\t\t<time class=\"card__date\" aria-label=\"published date\">27 oktober 2025<\/time>\n\t\t\n\t\t\n\t\t\t\t\n\t\t\t\t\t\t\t<a href=\"https:\/\/breakthrought1d.eu\/nl\/nieuws\/nieuw-onderzoek-naar-voedingssupplement-6-bt-bij-type-1-diabetes\/\" class=\"card__link\" aria-label=\"Nieuw onderzoek naar voedingssupplement 6-BT bij type 1 diabetes\" itemprop=\"url\" >\n\t\t\t\n\t\t\t\t<h3 class=\"card__title\" itemprop=\"name\">Nieuw onderzoek naar voedingssupplement 6-BT bij type 1 diabetes<\/h3>\n\n\t\t\t\t\t\t\t<\/a>\n\t\t\t\t\t\n\t\t\n\t<\/div>\n\t\n\t\t\t<div class=\"card__categories\" aria-label=\"categories\">\n\t\t\t\t\t\t\t<span class=\"card__category\">Nieuws<\/span>\n\t\t\t\t\t\t\t\t<span class=\"card__category\">onderzoek<\/span>\n\t\t\t\t\t\t<\/div>\n\t\n<\/article>\n<\/li><\/ul>\n\n\n<div class=\"wp-block-buttons is-layout-flex wp-block-buttons-is-layout-flex\" style=\"margin-top:var(--wp--preset--spacing--40)\">\n<div class=\"wp-block-button is-style-secondary\"><a class=\"wp-block-button__link wp-element-button\" href=\"https:\/\/breakthrought1d.eu\/nl\/nieuws\/\">Bekijk meer nieuws<\/a><\/div>\n<\/div>\n<\/div>\n","protected":false,"raw":""},"excerpt":{"rendered":"<p>Financiering van Breakthrough T1D Financiering van Breakthrough T1D in de laatste vijf jaar Het onderzoek van prof. dr. Martin Gotthardt&#8230; \u2026richt zich op b\u00e8tacel-imaging. Hierbij worden met behulp van nucleaire technieken b\u00e8tacellen in beeld gebracht, zodat gemeten kan worden hoeveel b\u00e8tacellen iemand met type 1 diabetes nog in zijn lichaam heeft. Prof. dr. Gotthardt werkt [&hellip;]<\/p>\n","protected":false},"author":1,"featured_media":0,"parent":1437,"menu_order":0,"comment_status":"closed","ping_status":"closed","template":"","meta":{"footnotes":""},"class_list":["post-6402","page","type-page","status-publish","hentry"],"yoast_head":"<!-- This site is optimized with the Yoast SEO plugin v25.3 - https:\/\/yoast.com\/wordpress\/plugins\/seo\/ -->\n<title>Prof. dr. Martin Gotthardt \u2013 Radboudumc - Breakthrough T1D<\/title>\n<meta name=\"robots\" content=\"index, follow, max-snippet:-1, max-image-preview:large, max-video-preview:-1\" \/>\n<link rel=\"canonical\" href=\"https:\/\/breakthrought1d.eu\/nl\/wetenschappelijk-onderzoek\/prof-dr-martin-gotthardt-radboudumc\/\" \/>\n<meta property=\"og:locale\" content=\"nl_NL\" \/>\n<meta property=\"og:type\" content=\"article\" \/>\n<meta property=\"og:title\" content=\"Prof. dr. Martin Gotthardt \u2013 Radboudumc - Breakthrough T1D\" \/>\n<meta property=\"og:description\" content=\"Financiering van Breakthrough T1D Financiering van Breakthrough T1D in de laatste vijf jaar Het onderzoek van prof. dr. Martin Gotthardt&#8230; \u2026richt zich op b\u00e8tacel-imaging. Hierbij worden met behulp van nucleaire technieken b\u00e8tacellen in beeld gebracht, zodat gemeten kan worden hoeveel b\u00e8tacellen iemand met type 1 diabetes nog in zijn lichaam heeft. Prof. dr. Gotthardt werkt [&hellip;]\" \/>\n<meta property=\"og:url\" content=\"https:\/\/breakthrought1d.eu\/nl\/wetenschappelijk-onderzoek\/prof-dr-martin-gotthardt-radboudumc\/\" \/>\n<meta property=\"og:site_name\" content=\"Breakthrough T1D\" \/>\n<meta property=\"article:modified_time\" content=\"2024-11-27T13:01:48+00:00\" \/>\n<meta name=\"twitter:card\" content=\"summary_large_image\" \/>\n<meta name=\"twitter:label1\" content=\"Geschatte leestijd\" \/>\n\t<meta name=\"twitter:data1\" content=\"2 minuten\" \/>\n<script type=\"application\/ld+json\" class=\"yoast-schema-graph\">{\"@context\":\"https:\/\/schema.org\",\"@graph\":[{\"@type\":\"WebPage\",\"@id\":\"https:\/\/breakthrought1d.eu\/nl\/wetenschappelijk-onderzoek\/prof-dr-martin-gotthardt-radboudumc\/\",\"url\":\"https:\/\/breakthrought1d.eu\/nl\/wetenschappelijk-onderzoek\/prof-dr-martin-gotthardt-radboudumc\/\",\"name\":\"Prof. dr. Martin Gotthardt \u2013 Radboudumc - Breakthrough T1D\",\"isPartOf\":{\"@id\":\"https:\/\/breakthrought1d.eu\/nl\/#website\"},\"datePublished\":\"2024-09-12T20:11:37+00:00\",\"dateModified\":\"2024-11-27T13:01:48+00:00\",\"breadcrumb\":{\"@id\":\"https:\/\/breakthrought1d.eu\/nl\/wetenschappelijk-onderzoek\/prof-dr-martin-gotthardt-radboudumc\/#breadcrumb\"},\"inLanguage\":\"nl-NL\",\"potentialAction\":[{\"@type\":\"ReadAction\",\"target\":[\"https:\/\/breakthrought1d.eu\/nl\/wetenschappelijk-onderzoek\/prof-dr-martin-gotthardt-radboudumc\/\"]}]},{\"@type\":\"BreadcrumbList\",\"@id\":\"https:\/\/breakthrought1d.eu\/nl\/wetenschappelijk-onderzoek\/prof-dr-martin-gotthardt-radboudumc\/#breadcrumb\",\"itemListElement\":[{\"@type\":\"ListItem\",\"position\":1,\"name\":\"Home\",\"item\":\"https:\/\/breakthrought1d.eu\/nl\/\"},{\"@type\":\"ListItem\",\"position\":2,\"name\":\"Wetenschappelijk onderzoek\",\"item\":\"https:\/\/breakthrought1d.eu\/nl\/wetenschappelijk-onderzoek\/\"},{\"@type\":\"ListItem\",\"position\":3,\"name\":\"Prof. dr. Martin Gotthardt \u2013 Radboudumc\"}]},{\"@type\":\"WebSite\",\"@id\":\"https:\/\/breakthrought1d.eu\/nl\/#website\",\"url\":\"https:\/\/breakthrought1d.eu\/nl\/\",\"name\":\"Breakthrough T1D\",\"description\":\"Wij zetten ons in voor een toekomst zonder T1D\",\"publisher\":{\"@id\":\"https:\/\/breakthrought1d.eu\/nl\/#organization\"},\"potentialAction\":[{\"@type\":\"SearchAction\",\"target\":{\"@type\":\"EntryPoint\",\"urlTemplate\":\"https:\/\/breakthrought1d.eu\/nl\/?s={search_term_string}\"},\"query-input\":{\"@type\":\"PropertyValueSpecification\",\"valueRequired\":true,\"valueName\":\"search_term_string\"}}],\"inLanguage\":\"nl-NL\"},{\"@type\":\"Organization\",\"@id\":\"https:\/\/breakthrought1d.eu\/nl\/#organization\",\"name\":\"Breakthrough T1D\",\"url\":\"https:\/\/breakthrought1d.eu\/nl\/\",\"logo\":{\"@type\":\"ImageObject\",\"inLanguage\":\"nl-NL\",\"@id\":\"https:\/\/breakthrought1d.eu\/nl\/#\/schema\/logo\/image\/\",\"url\":\"https:\/\/breakthrought1d.eu\/nl\/wp-content\/uploads\/2024\/11\/BTlogo.png\",\"contentUrl\":\"https:\/\/breakthrought1d.eu\/nl\/wp-content\/uploads\/2024\/11\/BTlogo.png\",\"width\":330,\"height\":141,\"caption\":\"Breakthrough T1D\"},\"image\":{\"@id\":\"https:\/\/breakthrought1d.eu\/nl\/#\/schema\/logo\/image\/\"}}]}<\/script>\n<!-- \/ Yoast SEO plugin. -->","yoast_head_json":{"title":"Prof. dr. Martin Gotthardt \u2013 Radboudumc - Breakthrough T1D","robots":{"index":"index","follow":"follow","max-snippet":"max-snippet:-1","max-image-preview":"max-image-preview:large","max-video-preview":"max-video-preview:-1"},"canonical":"https:\/\/breakthrought1d.eu\/nl\/wetenschappelijk-onderzoek\/prof-dr-martin-gotthardt-radboudumc\/","og_locale":"nl_NL","og_type":"article","og_title":"Prof. dr. Martin Gotthardt \u2013 Radboudumc - Breakthrough T1D","og_description":"Financiering van Breakthrough T1D Financiering van Breakthrough T1D in de laatste vijf jaar Het onderzoek van prof. dr. Martin Gotthardt&#8230; \u2026richt zich op b\u00e8tacel-imaging. Hierbij worden met behulp van nucleaire technieken b\u00e8tacellen in beeld gebracht, zodat gemeten kan worden hoeveel b\u00e8tacellen iemand met type 1 diabetes nog in zijn lichaam heeft. Prof. dr. Gotthardt werkt [&hellip;]","og_url":"https:\/\/breakthrought1d.eu\/nl\/wetenschappelijk-onderzoek\/prof-dr-martin-gotthardt-radboudumc\/","og_site_name":"Breakthrough T1D","article_modified_time":"2024-11-27T13:01:48+00:00","twitter_card":"summary_large_image","twitter_misc":{"Geschatte leestijd":"2 minuten"},"schema":{"@context":"https:\/\/schema.org","@graph":[{"@type":"WebPage","@id":"https:\/\/breakthrought1d.eu\/nl\/wetenschappelijk-onderzoek\/prof-dr-martin-gotthardt-radboudumc\/","url":"https:\/\/breakthrought1d.eu\/nl\/wetenschappelijk-onderzoek\/prof-dr-martin-gotthardt-radboudumc\/","name":"Prof. dr. Martin Gotthardt \u2013 Radboudumc - Breakthrough T1D","isPartOf":{"@id":"https:\/\/breakthrought1d.eu\/nl\/#website"},"datePublished":"2024-09-12T20:11:37+00:00","dateModified":"2024-11-27T13:01:48+00:00","breadcrumb":{"@id":"https:\/\/breakthrought1d.eu\/nl\/wetenschappelijk-onderzoek\/prof-dr-martin-gotthardt-radboudumc\/#breadcrumb"},"inLanguage":"nl-NL","potentialAction":[{"@type":"ReadAction","target":["https:\/\/breakthrought1d.eu\/nl\/wetenschappelijk-onderzoek\/prof-dr-martin-gotthardt-radboudumc\/"]}]},{"@type":"BreadcrumbList","@id":"https:\/\/breakthrought1d.eu\/nl\/wetenschappelijk-onderzoek\/prof-dr-martin-gotthardt-radboudumc\/#breadcrumb","itemListElement":[{"@type":"ListItem","position":1,"name":"Home","item":"https:\/\/breakthrought1d.eu\/nl\/"},{"@type":"ListItem","position":2,"name":"Wetenschappelijk onderzoek","item":"https:\/\/breakthrought1d.eu\/nl\/wetenschappelijk-onderzoek\/"},{"@type":"ListItem","position":3,"name":"Prof. dr. Martin Gotthardt \u2013 Radboudumc"}]},{"@type":"WebSite","@id":"https:\/\/breakthrought1d.eu\/nl\/#website","url":"https:\/\/breakthrought1d.eu\/nl\/","name":"Breakthrough T1D","description":"Wij zetten ons in voor een toekomst zonder T1D","publisher":{"@id":"https:\/\/breakthrought1d.eu\/nl\/#organization"},"potentialAction":[{"@type":"SearchAction","target":{"@type":"EntryPoint","urlTemplate":"https:\/\/breakthrought1d.eu\/nl\/?s={search_term_string}"},"query-input":{"@type":"PropertyValueSpecification","valueRequired":true,"valueName":"search_term_string"}}],"inLanguage":"nl-NL"},{"@type":"Organization","@id":"https:\/\/breakthrought1d.eu\/nl\/#organization","name":"Breakthrough T1D","url":"https:\/\/breakthrought1d.eu\/nl\/","logo":{"@type":"ImageObject","inLanguage":"nl-NL","@id":"https:\/\/breakthrought1d.eu\/nl\/#\/schema\/logo\/image\/","url":"https:\/\/breakthrought1d.eu\/nl\/wp-content\/uploads\/2024\/11\/BTlogo.png","contentUrl":"https:\/\/breakthrought1d.eu\/nl\/wp-content\/uploads\/2024\/11\/BTlogo.png","width":330,"height":141,"caption":"Breakthrough T1D"},"image":{"@id":"https:\/\/breakthrought1d.eu\/nl\/#\/schema\/logo\/image\/"}}]}},"_links":{"self":[{"href":"https:\/\/breakthrought1d.eu\/nl\/wp-json\/wp\/v2\/pages\/6402","targetHints":{"allow":["GET"]}}],"collection":[{"href":"https:\/\/breakthrought1d.eu\/nl\/wp-json\/wp\/v2\/pages"}],"about":[{"href":"https:\/\/breakthrought1d.eu\/nl\/wp-json\/wp\/v2\/types\/page"}],"author":[{"embeddable":true,"href":"https:\/\/breakthrought1d.eu\/nl\/wp-json\/wp\/v2\/users\/1"}],"replies":[{"embeddable":true,"href":"https:\/\/breakthrought1d.eu\/nl\/wp-json\/wp\/v2\/comments?post=6402"}],"version-history":[{"count":8,"href":"https:\/\/breakthrought1d.eu\/nl\/wp-json\/wp\/v2\/pages\/6402\/revisions"}],"predecessor-version":[{"id":9196,"href":"https:\/\/breakthrought1d.eu\/nl\/wp-json\/wp\/v2\/pages\/6402\/revisions\/9196"}],"up":[{"embeddable":true,"href":"https:\/\/breakthrought1d.eu\/nl\/wp-json\/wp\/v2\/pages\/1437"}],"wp:attachment":[{"href":"https:\/\/breakthrought1d.eu\/nl\/wp-json\/wp\/v2\/media?parent=6402"}],"curies":[{"name":"wp","href":"https:\/\/api.w.org\/{rel}","templated":true}]}}