{"id":6413,"date":"2024-09-12T20:21:56","date_gmt":"2024-09-12T20:21:56","guid":{"rendered":"https:\/\/breakthrought1d.eu\/nl\/?page_id=6413"},"modified":"2024-09-23T11:22:20","modified_gmt":"2024-09-23T11:22:20","slug":"dr-francoise-carlotti-lumc","status":"publish","type":"page","link":"https:\/\/breakthrought1d.eu\/nl\/wetenschappelijk-onderzoek\/dr-francoise-carlotti-lumc\/","title":{"rendered":"Dr. Fran\u00e7oise Carlotti \u2013 LUMC"},"content":{"rendered":"<div class=\"wp-block-jdrf-hero\">\n\t<div class=\"wp-block-jdrf-hero__content-wrap has-blue-background-color has-white-color\">\n\t\t\t\t\t<h1 class=\"wp-block-jdrf-hero__title\">\n\t\t\t\tDr. Fran\u00e7oise Carlotti \u2013 LUMC\t\t\t<\/h1>\n\t\t\n\t\t\n\t\t\t<\/div>\n\n\t<figure class=\"wp-block-jdrf-hero__image-wrapper\">\n\t\t\n<svg xmlns=\"http:\/\/www.w3.org\/2000\/svg\" width=\"182.292\" height=\"545\" viewBox=\"0 0 182.292 545\" preserveAspectRatio=\"xMinYMax\" class=\"curve-circle--desktop\"><path d=\"M182.292,661H0V116H181.305A388.493,388.493,0,0,0,99.836,238.525,386.046,386.046,0,0,0,77.71,310.648c-2.535,12.531-4.47,25.356-5.751,38.116C70.659,361.71,70,374.911,70,388a394.188,394.188,0,0,0,1.978,39.418c1.294,12.819,3.247,25.7,5.806,38.289a385.884,385.884,0,0,0,57.677,138.032A390.8,390.8,0,0,0,182.29,661l0,0h0Z\" transform=\"translate(0 -116)\" fill=\"#002bff\" \/><\/svg>\n\t\t\n<svg xmlns=\"http:\/\/www.w3.org\/2000\/svg\" width=\"545\" height=\"182.292\" viewBox=\"0 0 545 182.292\" preserveAspectRatio=\"xMinYMax\" class=\"curve-circle--mobile\"><path d=\"M182.292,661H0V116H181.305A388.493,388.493,0,0,0,99.836,238.525,386.046,386.046,0,0,0,77.71,310.648c-2.535,12.531-4.47,25.356-5.751,38.116C70.659,361.71,70,374.911,70,388a394.188,394.188,0,0,0,1.978,39.418c1.294,12.819,3.247,25.7,5.806,38.289a385.884,385.884,0,0,0,57.677,138.032A390.8,390.8,0,0,0,182.29,661l0,0h0Z\" transform=\"translate(-116 182.292) rotate(-90)\" fill=\"#002bff\" \/><\/svg>\n\t\t<img loading=\"lazy\" decoding=\"async\" width=\"700\" height=\"500\" src=\"https:\/\/breakthrought1d.eu\/nl\/wp-content\/uploads\/2024\/09\/F-Carlotti2024-1.jpg\" class=\"wp-block-jdrf-hero__image\" alt=\"\" style=\"object-position: 100% 100%;\" srcset=\"https:\/\/breakthrought1d.eu\/nl\/wp-content\/uploads\/2024\/09\/F-Carlotti2024-1.jpg 700w, https:\/\/breakthrought1d.eu\/nl\/wp-content\/uploads\/2024\/09\/F-Carlotti2024-1-300x214.jpg 300w\" sizes=\"auto, (max-width: 700px) 100vw, 700px\" \/>\t<\/figure>\n<\/div>\n\n\n\n<div class=\"wp-block-group alignfull is-layout-constrained wp-block-group-is-layout-constrained\">\n<div class=\"wp-block-columns is-layout-flex wp-container-core-columns-is-layout-28f84493 wp-block-columns-is-layout-flex\">\n<div class=\"wp-block-column is-layout-flow wp-block-column-is-layout-flow\" style=\"flex-basis:66.66%\">\n<h2 class=\"wp-block-heading\" id=\"financiering-van-jdrf\">Financiering van Breakthrough T1D<\/h2>\n\n\n\n<p class=\"is-style-large-body\">Financiering van Breakthrough T1D in de laatste vijf jaar<\/p>\n<\/div>\n\n\n\n<div class=\"wp-block-column is-layout-flow wp-block-column-is-layout-flow\" style=\"flex-basis:33.33%\"><\/div>\n<\/div>\n\n\n\n<div style=\"margin-top:var(--wp--preset--spacing--40);\" class=\"wp-block-jdrf-stats has-few-items wp-block-jdrf-stats\">\n\t\n\n<div class=\"has-background-color has-light-gray-background-color wp-block-jdrf-stat-item has-background has-light-gray-background-color\">\n\t\n\t\t\t<h3 class=\"wp-block-jdrf-stat-item__title\">\n\t\t\t\u20ac 157.696\t\t<\/h3>\n\t\n\t\t\t<p class=\"wp-block-jdrf-stat-item__text\">\n\t\t\t2015-2016\t\t<\/p>\n\t<\/div>\n\n\n\n<div class=\"has-background-color has-light-gray-background-color wp-block-jdrf-stat-item has-background has-light-gray-background-color\">\n\t\n\t\t\t<h3 class=\"wp-block-jdrf-stat-item__title\">\n\t\t\t\u20ac 82.160\t\t<\/h3>\n\t\n\t\t\t<p class=\"wp-block-jdrf-stat-item__text\">\n\t\t\t2016-2017\t\t<\/p>\n\t<\/div>\n\n\n\n<div class=\"has-background-color has-light-gray-background-color wp-block-jdrf-stat-item has-background has-light-gray-background-color\">\n\t\n\t\t\t<h3 class=\"wp-block-jdrf-stat-item__title\">\n\t\t\t\u20ac 235.078\t\t<\/h3>\n\t\n\t\t\t<p class=\"wp-block-jdrf-stat-item__text\">\n\t\t\t2017-2018\t\t<\/p>\n\t<\/div>\n\n<\/div>\n\n\n\n<div style=\"margin-top:var(--wp--preset--spacing--40);\" class=\"wp-block-jdrf-stats has-few-items wp-block-jdrf-stats\">\n\t\n\n<div class=\"has-background-color has-light-gray-background-color wp-block-jdrf-stat-item has-background has-light-gray-background-color\">\n\t\n\t\t\t<h3 class=\"wp-block-jdrf-stat-item__title\">\n\t\t\t\u20ac 143.668\t\t<\/h3>\n\t\n\t\t\t<p class=\"wp-block-jdrf-stat-item__text\">\n\t\t\t2018-2019\t\t<\/p>\n\t<\/div>\n\n\n\n<div class=\"has-background-color has-light-gray-background-color wp-block-jdrf-stat-item has-background has-light-gray-background-color\">\n\t\n\t\t\t<h3 class=\"wp-block-jdrf-stat-item__title\">\n\t\t\t\u20ac 70.966\t\t<\/h3>\n\t\n\t\t\t<p class=\"wp-block-jdrf-stat-item__text\">\n\t\t\t2019-2020\t\t<\/p>\n\t<\/div>\n\n\n\n<\/div>\n<\/div>\n\n\n\n<div class=\"wp-block-group alignfull has-light-gray-background-color has-background has-gradient is-layout-constrained wp-block-group-is-layout-constrained\">\n<div class=\"wp-block-columns is-layout-flex wp-container-core-columns-is-layout-28f84493 wp-block-columns-is-layout-flex\">\n<div class=\"wp-block-column is-layout-flow wp-block-column-is-layout-flow\" style=\"flex-basis:66.66%\">\n<h2 class=\"wp-block-heading\" id=\"het-onderzoek-van-dr-francoise-carlotti\">Het onderzoek van dr. Fran\u00e7oise Carlotti&#8230;<\/h2>\n\n\n\n<p class=\"is-style-large-body\">\u2026richt zich op de vraag hoe insulineproducerende b\u00e8tacellen kunnen transformeren in glucagonproducerende cellen. Het antwoord op die vraag vormt wellicht een mogelijkheid om de b\u00e8tacellen te controleren en glucagonproducerende cellen te veranderen in insulineproducerende cellen.<\/p>\n\n\n\n<p class=\"is-style-large-body\">Dr. Fran\u00e7oise Carlotti staat bij het Leids Universiteit Medisch Centrum, samen met prof. Dr. Eelco de Koning, aan het hoofd van de Islet Research Group. Met haar huidige onderzoek borduurt Carlotti voort op eerder, door Breakthrough T1D gefinancierd, onderzoek dat aantoonde dat cellen in de alvleesklier veranderd kunnen worden in glucagonproducerende alfacellen.<\/p>\n<\/div>\n\n\n\n<div class=\"wp-block-column is-layout-flow wp-block-column-is-layout-flow\" style=\"flex-basis:33.33%\"><\/div>\n<\/div>\n<\/div>\n\n\n\n<div class=\"wp-block-group alignfull is-layout-constrained wp-block-group-is-layout-constrained\">\n<div class=\"wp-block-columns is-layout-flex wp-container-core-columns-is-layout-28f84493 wp-block-columns-is-layout-flex\">\n<div class=\"wp-block-column is-layout-flow wp-block-column-is-layout-flow\">\n<h3 class=\"wp-block-heading\" id=\"highlight-g-copy-optional-button\">Waar staat het onderzoek?<\/h3>\n\n\n\n<p class=\"is-style-large-body\">Het onderzoek van dr. Fran\u00e7oise Carlotti bevat nu een dataset, waarmee de kenmerken van een individuele cel bepaald kunnen worden. De ontwikkelde dataset kan wetenschappers helpen bij het vaststellen van verschillende fases in de verandering in cellen en dus de ontwikkeling van type 1 diabetes. Daarnaast onderzoekt Carlotti hoe b\u00e8tacellen reageren op stress en hoe dit verband houdt met het ontstaan van type 1 diabetes.<\/p>\n\n\n\n<p class=\"is-style-large-body\">De vervolgstap is het omvormen van cellen in de alvleesklier naar insulineproducerende b\u00e8tacellen. Als dit lukt kan mogelijk een onuitputtelijke bron van lichaamseigen b\u00e8tacellen worden gecre\u00eberd.<\/p>\n<\/div>\n\n\n\n<div class=\"wp-block-column is-layout-flow wp-block-column-is-layout-flow\">\n<h3 class=\"wp-block-heading\" id=\"highlight-g-copy-optional-button\">Wat gaat er nog gebeuren?<\/h3>\n\n\n\n<p class=\"is-style-large-body\">In 2020 werd het huidige onderzoeksproject afgerond. Vervolgstudies kunnen verder bouwen op de onderzoeksresultaten. De verkregen kennis kan gebruikt worden voor het ontwikkelen van nieuwe methodes om b\u00e8tacelmassa te behouden en\/of de b\u00e8tacelmassa te herstellen bij mensen met type 1 diabetes.<\/p>\n<\/div>\n<\/div>\n<\/div>\n\n\n\n<div class=\"wp-block-group alignfull has-white-color has-blue-background-color has-text-color has-background has-link-color wp-elements-ce15338e66934265f26a929b17f9378c is-layout-constrained wp-block-group-is-layout-constrained\">\n<div class=\"wp-block-columns is-layout-flex wp-container-core-columns-is-layout-28f84493 wp-block-columns-is-layout-flex\">\n<div class=\"wp-block-column is-layout-flow wp-block-column-is-layout-flow\" style=\"flex-basis:66.66%\">\n<h2 class=\"wp-block-heading\" id=\"meer-weten-1\">Meer weten?<\/h2>\n\n\n\n<ul class=\"wp-block-list\">\n<li><a href=\"https:\/\/breakthrought1d.eu\/nl\/nieuws\/nederlands-onderzoek-uitgelicht-francoise-carlotti\/\">Artikel | Nederlands onderzoek uitgelicht: Fran\u00e7oise Carlotti<\/a><\/li>\n\n\n\n<li><a href=\"https:\/\/breakthrought1d.eu\/nl\/nieuws\/wereld-zonder-type-1-diabetes-stap-dichterbij\/\">Artikel | Wereld zonder type 1 diabetes stap dichterbij<\/a><\/li>\n\n\n\n<li><a href=\"http:\/\/www.einthovenlaboratory.com\/onderzoeken\/islet-group-research\/\" target=\"_blank\" rel=\"noreferrer noopener\">Einthoven Laboratory | Islet group research (Engels)<\/a><\/li>\n\n\n\n<li><a href=\"http:\/\/www.einthovenlaboratory.com\/francoise-carlotti-phd\/\" target=\"_blank\" rel=\"noreferrer noopener\">Einthoven Laboratory | Fran\u00e7oise Carlotti, PhD (Engels)<\/a><\/li>\n\n\n\n<li><a href=\"https:\/\/www.lumc.nl\/org\/interne-geneeskunde\/medewerkers\/130409015708427\" target=\"_blank\" rel=\"noreferrer noopener\">LUMC | Dr. Francoise Carlotti Associate Professor (Engels)<\/a><\/li>\n<\/ul>\n<\/div>\n\n\n\n<div class=\"wp-block-column is-vertically-aligned-center is-layout-flow wp-block-column-is-layout-flow\" style=\"flex-basis:33.33%\">\n<div class=\"wp-block-buttons is-content-justification-right is-layout-flex wp-container-core-buttons-is-layout-d445cf74 wp-block-buttons-is-layout-flex\"><\/div>\n<\/div>\n<\/div>\n<\/div>\n\n\n\n<div class=\"wp-block-group alignfull is-layout-constrained wp-block-group-is-layout-constrained\">\n<div class=\"wp-block-columns is-layout-flex wp-container-core-columns-is-layout-a5cf46d6 wp-block-columns-is-layout-flex\" style=\"margin-bottom:var(--wp--preset--spacing--40)\">\n<div class=\"wp-block-column is-layout-flow wp-block-column-is-layout-flow\" style=\"flex-basis:66.66%\">\n<h2 class=\"wp-block-heading\" id=\"the-latest-1\">Laatste nieuws<\/h2>\n<\/div>\n\n\n\n<div class=\"wp-block-column is-layout-flow wp-block-column-is-layout-flow\" style=\"flex-basis:33.33%\"><\/div>\n<\/div>\n\n\n\n<p>Laatste nieuws en updates van Breakthrough TD1<\/p>\n\n\n<ul class=\"wp-block-jdrf-query\"><li class=\"wp-block-jdrf-query__item\"><article class=\"card image-date-title-category\" itemscope itemtype=\"https:\/\/schema.org\/Thing\">\n\t\t<figure class=\"card__image\">\n\t\t<img decoding=\"async\" src=\"https:\/\/breakthrought1d.eu\/nl\/wp-content\/uploads\/2026\/03\/He-hoe-kan-ik-jullie-het-beste-volgen-op-whatsapp-1-2.jpg\" alt=\"Whatsapp-kanaal\">\n\t<\/figure>\n\t\n\t\t<div class=\"card__content\">\n\t\t\t\t\t<time class=\"card__date\" aria-label=\"published date\">31 maart 2026<\/time>\n\t\t\n\t\t\n\t\t\t\t\n\t\t\t\t\t\t\t<a href=\"https:\/\/breakthrought1d.eu\/nl\/nieuws\/whatsapp-kanaal\/\" class=\"card__link\" aria-label=\"Whatsapp-kanaal\" itemprop=\"url\" >\n\t\t\t\n\t\t\t\t<h3 class=\"card__title\" itemprop=\"name\">Whatsapp-kanaal<\/h3>\n\n\t\t\t\t\t\t\t<\/a>\n\t\t\t\t\t\n\t\t\n\t<\/div>\n\t\n\t\t\t<div class=\"card__categories\" aria-label=\"categories\">\n\t\t\t\t\t\t\t<span class=\"card__category\">Nieuws<\/span>\n\t\t\t\t\t\t<\/div>\n\t\n<\/article>\n<\/li><li class=\"wp-block-jdrf-query__item\"><article class=\"card image-date-title-category\" itemscope itemtype=\"https:\/\/schema.org\/Thing\">\n\t\t<figure class=\"card__image\">\n\t\t<img decoding=\"async\" src=\"https:\/\/breakthrought1d.eu\/nl\/wp-content\/uploads\/2025\/10\/Max-5549.png\" alt=\"Nieuw onderzoek naar voedingssupplement 6-BT bij type 1 diabetes\">\n\t<\/figure>\n\t\n\t\t<div class=\"card__content\">\n\t\t\t\t\t<time class=\"card__date\" aria-label=\"published date\">27 oktober 2025<\/time>\n\t\t\n\t\t\n\t\t\t\t\n\t\t\t\t\t\t\t<a href=\"https:\/\/breakthrought1d.eu\/nl\/nieuws\/nieuw-onderzoek-naar-voedingssupplement-6-bt-bij-type-1-diabetes\/\" class=\"card__link\" aria-label=\"Nieuw onderzoek naar voedingssupplement 6-BT bij type 1 diabetes\" itemprop=\"url\" >\n\t\t\t\n\t\t\t\t<h3 class=\"card__title\" itemprop=\"name\">Nieuw onderzoek naar voedingssupplement 6-BT bij type 1 diabetes<\/h3>\n\n\t\t\t\t\t\t\t<\/a>\n\t\t\t\t\t\n\t\t\n\t<\/div>\n\t\n\t\t\t<div class=\"card__categories\" aria-label=\"categories\">\n\t\t\t\t\t\t\t<span class=\"card__category\">Nieuws<\/span>\n\t\t\t\t\t\t\t\t<span class=\"card__category\">onderzoek<\/span>\n\t\t\t\t\t\t<\/div>\n\t\n<\/article>\n<\/li><li class=\"wp-block-jdrf-query__item\"><article class=\"card image-date-title-category\" itemscope itemtype=\"https:\/\/schema.org\/Thing\">\n\t\t<figure class=\"card__image\">\n\t\t<img decoding=\"async\" src=\"https:\/\/breakthrought1d.eu\/nl\/wp-content\/uploads\/2025\/10\/pce_1575.jpg\" alt=\"Onderzoeksupdates EASD 2025\">\n\t<\/figure>\n\t\n\t\t<div class=\"card__content\">\n\t\t\t\t\t<time class=\"card__date\" aria-label=\"published date\">1 oktober 2025<\/time>\n\t\t\n\t\t\n\t\t\t\t\n\t\t\t\t\t\t\t<a href=\"https:\/\/breakthrought1d.eu\/nl\/nieuws\/onderzoeksupdates-easd-2025\/\" class=\"card__link\" aria-label=\"Onderzoeksupdates EASD 2025\" itemprop=\"url\" >\n\t\t\t\n\t\t\t\t<h3 class=\"card__title\" itemprop=\"name\">Onderzoeksupdates EASD 2025<\/h3>\n\n\t\t\t\t\t\t\t<\/a>\n\t\t\t\t\t\n\t\t\n\t<\/div>\n\t\n\t\t\t<div class=\"card__categories\" aria-label=\"categories\">\n\t\t\t\t\t\t\t<span class=\"card__category\">Nieuws<\/span>\n\t\t\t\t\t\t\t\t<span class=\"card__category\">onderzoek<\/span>\n\t\t\t\t\t\t<\/div>\n\t\n<\/article>\n<\/li><\/ul>\n\n\n<div class=\"wp-block-buttons is-layout-flex wp-block-buttons-is-layout-flex\" style=\"margin-top:var(--wp--preset--spacing--40)\">\n<div class=\"wp-block-button is-style-secondary\"><a class=\"wp-block-button__link wp-element-button\" href=\"https:\/\/breakthrought1d.eu\/nl\/nieuws\/\">Bekijk meer nieuws<\/a><\/div>\n<\/div>\n<\/div>\n","protected":false,"raw":""},"excerpt":{"rendered":"<p>Financiering van Breakthrough T1D Financiering van Breakthrough T1D in de laatste vijf jaar Het onderzoek van dr. Fran\u00e7oise Carlotti&#8230; \u2026richt zich op de vraag hoe insulineproducerende b\u00e8tacellen kunnen transformeren in glucagonproducerende cellen. Het antwoord op die vraag vormt wellicht een mogelijkheid om de b\u00e8tacellen te controleren en glucagonproducerende cellen te veranderen in insulineproducerende cellen. Dr. [&hellip;]<\/p>\n","protected":false},"author":1,"featured_media":0,"parent":1437,"menu_order":0,"comment_status":"closed","ping_status":"closed","template":"","meta":{"footnotes":""},"class_list":["post-6413","page","type-page","status-publish","hentry"],"yoast_head":"<!-- This site is optimized with the Yoast SEO plugin v25.3 - https:\/\/yoast.com\/wordpress\/plugins\/seo\/ -->\n<title>Dr. Fran\u00e7oise Carlotti \u2013 LUMC - Breakthrough T1D<\/title>\n<meta name=\"robots\" content=\"index, follow, max-snippet:-1, max-image-preview:large, max-video-preview:-1\" \/>\n<link rel=\"canonical\" href=\"https:\/\/breakthrought1d.eu\/nl\/wetenschappelijk-onderzoek\/dr-francoise-carlotti-lumc\/\" \/>\n<meta property=\"og:locale\" content=\"nl_NL\" \/>\n<meta property=\"og:type\" content=\"article\" \/>\n<meta property=\"og:title\" content=\"Dr. Fran\u00e7oise Carlotti \u2013 LUMC - Breakthrough T1D\" \/>\n<meta property=\"og:description\" content=\"Financiering van Breakthrough T1D Financiering van Breakthrough T1D in de laatste vijf jaar Het onderzoek van dr. Fran\u00e7oise Carlotti&#8230; \u2026richt zich op de vraag hoe insulineproducerende b\u00e8tacellen kunnen transformeren in glucagonproducerende cellen. Het antwoord op die vraag vormt wellicht een mogelijkheid om de b\u00e8tacellen te controleren en glucagonproducerende cellen te veranderen in insulineproducerende cellen. Dr. [&hellip;]\" \/>\n<meta property=\"og:url\" content=\"https:\/\/breakthrought1d.eu\/nl\/wetenschappelijk-onderzoek\/dr-francoise-carlotti-lumc\/\" \/>\n<meta property=\"og:site_name\" content=\"Breakthrough T1D\" \/>\n<meta property=\"article:modified_time\" content=\"2024-09-23T11:22:20+00:00\" \/>\n<meta name=\"twitter:card\" content=\"summary_large_image\" \/>\n<script type=\"application\/ld+json\" class=\"yoast-schema-graph\">{\"@context\":\"https:\/\/schema.org\",\"@graph\":[{\"@type\":\"WebPage\",\"@id\":\"https:\/\/breakthrought1d.eu\/nl\/wetenschappelijk-onderzoek\/dr-francoise-carlotti-lumc\/\",\"url\":\"https:\/\/breakthrought1d.eu\/nl\/wetenschappelijk-onderzoek\/dr-francoise-carlotti-lumc\/\",\"name\":\"Dr. Fran\u00e7oise Carlotti \u2013 LUMC - Breakthrough T1D\",\"isPartOf\":{\"@id\":\"https:\/\/breakthrought1d.eu\/nl\/#website\"},\"datePublished\":\"2024-09-12T20:21:56+00:00\",\"dateModified\":\"2024-09-23T11:22:20+00:00\",\"breadcrumb\":{\"@id\":\"https:\/\/breakthrought1d.eu\/nl\/wetenschappelijk-onderzoek\/dr-francoise-carlotti-lumc\/#breadcrumb\"},\"inLanguage\":\"nl-NL\",\"potentialAction\":[{\"@type\":\"ReadAction\",\"target\":[\"https:\/\/breakthrought1d.eu\/nl\/wetenschappelijk-onderzoek\/dr-francoise-carlotti-lumc\/\"]}]},{\"@type\":\"BreadcrumbList\",\"@id\":\"https:\/\/breakthrought1d.eu\/nl\/wetenschappelijk-onderzoek\/dr-francoise-carlotti-lumc\/#breadcrumb\",\"itemListElement\":[{\"@type\":\"ListItem\",\"position\":1,\"name\":\"Home\",\"item\":\"https:\/\/breakthrought1d.eu\/nl\/\"},{\"@type\":\"ListItem\",\"position\":2,\"name\":\"Wetenschappelijk onderzoek\",\"item\":\"https:\/\/breakthrought1d.eu\/nl\/wetenschappelijk-onderzoek\/\"},{\"@type\":\"ListItem\",\"position\":3,\"name\":\"Dr. Fran\u00e7oise Carlotti \u2013 LUMC\"}]},{\"@type\":\"WebSite\",\"@id\":\"https:\/\/breakthrought1d.eu\/nl\/#website\",\"url\":\"https:\/\/breakthrought1d.eu\/nl\/\",\"name\":\"Breakthrough T1D\",\"description\":\"Wij zetten ons in voor een toekomst zonder T1D\",\"publisher\":{\"@id\":\"https:\/\/breakthrought1d.eu\/nl\/#organization\"},\"potentialAction\":[{\"@type\":\"SearchAction\",\"target\":{\"@type\":\"EntryPoint\",\"urlTemplate\":\"https:\/\/breakthrought1d.eu\/nl\/?s={search_term_string}\"},\"query-input\":{\"@type\":\"PropertyValueSpecification\",\"valueRequired\":true,\"valueName\":\"search_term_string\"}}],\"inLanguage\":\"nl-NL\"},{\"@type\":\"Organization\",\"@id\":\"https:\/\/breakthrought1d.eu\/nl\/#organization\",\"name\":\"Breakthrough T1D\",\"url\":\"https:\/\/breakthrought1d.eu\/nl\/\",\"logo\":{\"@type\":\"ImageObject\",\"inLanguage\":\"nl-NL\",\"@id\":\"https:\/\/breakthrought1d.eu\/nl\/#\/schema\/logo\/image\/\",\"url\":\"https:\/\/breakthrought1d.eu\/nl\/wp-content\/uploads\/2024\/11\/BTlogo.png\",\"contentUrl\":\"https:\/\/breakthrought1d.eu\/nl\/wp-content\/uploads\/2024\/11\/BTlogo.png\",\"width\":330,\"height\":141,\"caption\":\"Breakthrough T1D\"},\"image\":{\"@id\":\"https:\/\/breakthrought1d.eu\/nl\/#\/schema\/logo\/image\/\"}}]}<\/script>\n<!-- \/ Yoast SEO plugin. -->","yoast_head_json":{"title":"Dr. Fran\u00e7oise Carlotti \u2013 LUMC - Breakthrough T1D","robots":{"index":"index","follow":"follow","max-snippet":"max-snippet:-1","max-image-preview":"max-image-preview:large","max-video-preview":"max-video-preview:-1"},"canonical":"https:\/\/breakthrought1d.eu\/nl\/wetenschappelijk-onderzoek\/dr-francoise-carlotti-lumc\/","og_locale":"nl_NL","og_type":"article","og_title":"Dr. Fran\u00e7oise Carlotti \u2013 LUMC - Breakthrough T1D","og_description":"Financiering van Breakthrough T1D Financiering van Breakthrough T1D in de laatste vijf jaar Het onderzoek van dr. Fran\u00e7oise Carlotti&#8230; \u2026richt zich op de vraag hoe insulineproducerende b\u00e8tacellen kunnen transformeren in glucagonproducerende cellen. Het antwoord op die vraag vormt wellicht een mogelijkheid om de b\u00e8tacellen te controleren en glucagonproducerende cellen te veranderen in insulineproducerende cellen. Dr. [&hellip;]","og_url":"https:\/\/breakthrought1d.eu\/nl\/wetenschappelijk-onderzoek\/dr-francoise-carlotti-lumc\/","og_site_name":"Breakthrough T1D","article_modified_time":"2024-09-23T11:22:20+00:00","twitter_card":"summary_large_image","schema":{"@context":"https:\/\/schema.org","@graph":[{"@type":"WebPage","@id":"https:\/\/breakthrought1d.eu\/nl\/wetenschappelijk-onderzoek\/dr-francoise-carlotti-lumc\/","url":"https:\/\/breakthrought1d.eu\/nl\/wetenschappelijk-onderzoek\/dr-francoise-carlotti-lumc\/","name":"Dr. Fran\u00e7oise Carlotti \u2013 LUMC - Breakthrough T1D","isPartOf":{"@id":"https:\/\/breakthrought1d.eu\/nl\/#website"},"datePublished":"2024-09-12T20:21:56+00:00","dateModified":"2024-09-23T11:22:20+00:00","breadcrumb":{"@id":"https:\/\/breakthrought1d.eu\/nl\/wetenschappelijk-onderzoek\/dr-francoise-carlotti-lumc\/#breadcrumb"},"inLanguage":"nl-NL","potentialAction":[{"@type":"ReadAction","target":["https:\/\/breakthrought1d.eu\/nl\/wetenschappelijk-onderzoek\/dr-francoise-carlotti-lumc\/"]}]},{"@type":"BreadcrumbList","@id":"https:\/\/breakthrought1d.eu\/nl\/wetenschappelijk-onderzoek\/dr-francoise-carlotti-lumc\/#breadcrumb","itemListElement":[{"@type":"ListItem","position":1,"name":"Home","item":"https:\/\/breakthrought1d.eu\/nl\/"},{"@type":"ListItem","position":2,"name":"Wetenschappelijk onderzoek","item":"https:\/\/breakthrought1d.eu\/nl\/wetenschappelijk-onderzoek\/"},{"@type":"ListItem","position":3,"name":"Dr. Fran\u00e7oise Carlotti \u2013 LUMC"}]},{"@type":"WebSite","@id":"https:\/\/breakthrought1d.eu\/nl\/#website","url":"https:\/\/breakthrought1d.eu\/nl\/","name":"Breakthrough T1D","description":"Wij zetten ons in voor een toekomst zonder T1D","publisher":{"@id":"https:\/\/breakthrought1d.eu\/nl\/#organization"},"potentialAction":[{"@type":"SearchAction","target":{"@type":"EntryPoint","urlTemplate":"https:\/\/breakthrought1d.eu\/nl\/?s={search_term_string}"},"query-input":{"@type":"PropertyValueSpecification","valueRequired":true,"valueName":"search_term_string"}}],"inLanguage":"nl-NL"},{"@type":"Organization","@id":"https:\/\/breakthrought1d.eu\/nl\/#organization","name":"Breakthrough T1D","url":"https:\/\/breakthrought1d.eu\/nl\/","logo":{"@type":"ImageObject","inLanguage":"nl-NL","@id":"https:\/\/breakthrought1d.eu\/nl\/#\/schema\/logo\/image\/","url":"https:\/\/breakthrought1d.eu\/nl\/wp-content\/uploads\/2024\/11\/BTlogo.png","contentUrl":"https:\/\/breakthrought1d.eu\/nl\/wp-content\/uploads\/2024\/11\/BTlogo.png","width":330,"height":141,"caption":"Breakthrough T1D"},"image":{"@id":"https:\/\/breakthrought1d.eu\/nl\/#\/schema\/logo\/image\/"}}]}},"_links":{"self":[{"href":"https:\/\/breakthrought1d.eu\/nl\/wp-json\/wp\/v2\/pages\/6413","targetHints":{"allow":["GET"]}}],"collection":[{"href":"https:\/\/breakthrought1d.eu\/nl\/wp-json\/wp\/v2\/pages"}],"about":[{"href":"https:\/\/breakthrought1d.eu\/nl\/wp-json\/wp\/v2\/types\/page"}],"author":[{"embeddable":true,"href":"https:\/\/breakthrought1d.eu\/nl\/wp-json\/wp\/v2\/users\/1"}],"replies":[{"embeddable":true,"href":"https:\/\/breakthrought1d.eu\/nl\/wp-json\/wp\/v2\/comments?post=6413"}],"version-history":[{"count":9,"href":"https:\/\/breakthrought1d.eu\/nl\/wp-json\/wp\/v2\/pages\/6413\/revisions"}],"predecessor-version":[{"id":8777,"href":"https:\/\/breakthrought1d.eu\/nl\/wp-json\/wp\/v2\/pages\/6413\/revisions\/8777"}],"up":[{"embeddable":true,"href":"https:\/\/breakthrought1d.eu\/nl\/wp-json\/wp\/v2\/pages\/1437"}],"wp:attachment":[{"href":"https:\/\/breakthrought1d.eu\/nl\/wp-json\/wp\/v2\/media?parent=6413"}],"curies":[{"name":"wp","href":"https:\/\/api.w.org\/{rel}","templated":true}]}}