{"id":730,"date":"2024-09-03T14:08:04","date_gmt":"2024-09-03T14:08:04","guid":{"rendered":"https:\/\/87.250.144.92\/?page_id=730"},"modified":"2024-09-23T11:22:24","modified_gmt":"2024-09-23T11:22:24","slug":"t1d-en-verandering","status":"publish","type":"page","link":"https:\/\/breakthrought1d.eu\/nl\/leven-met-t1d\/t1d-en-verandering\/","title":{"rendered":"T1D en verandering"},"content":{"rendered":"<div class=\"wp-block-jdrf-hero\">\n\t<div class=\"wp-block-jdrf-hero__content-wrap has-blue-background-color has-white-color\">\n\t\t\t\t\t<h1 class=\"wp-block-jdrf-hero__title\">\n\t\t\t\tT1D en verandering\t\t\t<\/h1>\n\t\t\n\t\t\t\t\t<p class=\"wp-block-jdrf-hero__description\">\n\t\t\t\tRust, reinheid en regelmaat: het zou zo fijn zijn als het altijd zo zou zijn, zeker met type 1 diabetes. Maar het leven gaat vaak anders. Zeker als je jong bent volgen verschillende levensfases, en de daarbij horende bloedsuikers, elkaar in rap tempo op. Naar een andere school, op jezelf gaan wonen, gaan sporten of juist stoppen, periodes van gezond en ongezond eten die elkaar afwisselen: het kan een behoorlijk uitdaging zijn. Maar hoe ga je daarmee om?\t\t\t<\/p>\n\t\t\n\t\t\t<\/div>\n\n\t<figure class=\"wp-block-jdrf-hero__image-wrapper\">\n\t\t\n<svg xmlns=\"http:\/\/www.w3.org\/2000\/svg\" width=\"182.292\" height=\"545\" viewBox=\"0 0 182.292 545\" preserveAspectRatio=\"xMinYMax\" class=\"curve-circle--desktop\"><path d=\"M182.292,661H0V116H181.305A388.493,388.493,0,0,0,99.836,238.525,386.046,386.046,0,0,0,77.71,310.648c-2.535,12.531-4.47,25.356-5.751,38.116C70.659,361.71,70,374.911,70,388a394.188,394.188,0,0,0,1.978,39.418c1.294,12.819,3.247,25.7,5.806,38.289a385.884,385.884,0,0,0,57.677,138.032A390.8,390.8,0,0,0,182.29,661l0,0h0Z\" transform=\"translate(0 -116)\" fill=\"#002bff\" \/><\/svg>\n\t\t\n<svg xmlns=\"http:\/\/www.w3.org\/2000\/svg\" width=\"545\" height=\"182.292\" viewBox=\"0 0 545 182.292\" preserveAspectRatio=\"xMinYMax\" class=\"curve-circle--mobile\"><path d=\"M182.292,661H0V116H181.305A388.493,388.493,0,0,0,99.836,238.525,386.046,386.046,0,0,0,77.71,310.648c-2.535,12.531-4.47,25.356-5.751,38.116C70.659,361.71,70,374.911,70,388a394.188,394.188,0,0,0,1.978,39.418c1.294,12.819,3.247,25.7,5.806,38.289a385.884,385.884,0,0,0,57.677,138.032A390.8,390.8,0,0,0,182.29,661l0,0h0Z\" transform=\"translate(-116 182.292) rotate(-90)\" fill=\"#002bff\" \/><\/svg>\n\t\t<img loading=\"lazy\" decoding=\"async\" width=\"700\" height=\"500\" src=\"https:\/\/breakthrought1d.eu\/nl\/wp-content\/uploads\/2024\/09\/verandering2024.jpg\" class=\"wp-block-jdrf-hero__image\" alt=\"\" style=\"object-position: 100% 100%;\" srcset=\"https:\/\/breakthrought1d.eu\/nl\/wp-content\/uploads\/2024\/09\/verandering2024.jpg 700w, https:\/\/breakthrought1d.eu\/nl\/wp-content\/uploads\/2024\/09\/verandering2024-300x214.jpg 300w\" sizes=\"auto, (max-width: 700px) 100vw, 700px\" \/>\t<\/figure>\n<\/div>\n\n\n\n<div class=\"wp-block-group alignfull is-layout-constrained wp-block-group-is-layout-constrained\">\n<div class=\"wp-block-columns is-layout-flex wp-container-core-columns-is-layout-28f84493 wp-block-columns-is-layout-flex\">\n<div class=\"wp-block-column is-layout-flow wp-block-column-is-layout-flow\" style=\"flex-basis:33.33%\">\n<h4 class=\"wp-block-heading\" id=\"je-weet-het-he-alles-maar-dan-ook-echt-alles-beinvloedt-je-bloedsuikers\">Je weet het, h\u00e8: alles, maar dan ook echt \u00e1lles, be\u00efnvloedt je bloedsuikers<\/h4>\n<\/div>\n\n\n\n<div class=\"wp-block-column is-layout-flow wp-block-column-is-layout-flow\" style=\"flex-basis:66.66%\">\n<p>Beweging, stress, hormonen\u2026 Veranderingen in je leven, hoe klein ook, kunnen daarom aardig wat impact hebben. Soms heb je even geen zin om alles steeds maar onder controle te houden en dat is heel begrijpelijk. Maar hoe zorg je dat je in die afwisseling en onzekerheid, toch nog een beetje grip houdt op je type 1 diabetes? Hieronder volgen een paar tips.<\/p>\n\n\n\n<ol class=\"wp-block-list\">\n<li>Neem de drie-eenheid altijd mee: suiker, insuline, meetapparatuur. Hoewel het irritant is om altijd maar weer een tasje met spullen mee te nemen, heb je deze basics eigenlijk altijd nodig. Want met suiker en insuline kom je een eind in noodsituaties.<\/li>\n\n\n\n<li>Meet je bloedsuiker regelmatig. Soms wil je er even niet aan denken, maar het is de enige richtlijn die je hebt. Beter op tijd inspelen op een te lage of te hoge bloedglucose, dan op het laatste moment.<\/li>\n\n\n\n<li>Vertel altijd iemand in je omgeving over je type 1 diabetes. Mocht het dan t\u00f3ch niet goed gaan, dan weet in ieder geval iemand in je buurt wat er aan de hand is.<\/li>\n\n\n\n<li>Neem \u00e9\u00e9n keer per week even vijf minuutjes de tijd om te kijken naar hoe het gaat. Hoe voel je je? Heb je veel hypo\u2019s en hypers gehad en zijn deze verklaarbaar? Kan je kleine aanpassingen doen om het n\u00e9t iets makkelijker te maken?<\/li>\n\n\n\n<li>Laat het los. Type 1 diabetes gaat simpelweg niet altijd hoe het moet of hoe jij het wil. En soms is dat gewoon even zo. Laat het gaan, accepteer dat je niet overal invloed op hebt en pak de draad daarna weer op. Je hebt het nooit 100% onder controle.<\/li>\n<\/ol>\n\n\n\n<p>Verder is het natuurlijk goed om in de gaten te houden of je je spuit- of infuusplekken goed wisselt, alle apparatuur nog goed werkt en je nog genoeg glucose-teststrips en andere hulpmiddelen in de kast hebt liggen. Je kunt beter goed voorbereid zijn, dan dat je problemen gehaast op moet lossen.<\/p>\n\n\n\n<p><em>Nieuwsgierig hoe jongeren met T1D omgaan met verandering in hun leven? Bekijk de video hieronder.<\/em><\/p>\n\n\n\n<figure class=\"wp-block-embed is-provider-youtube wp-block-embed-youtube\" style=\"margin-top:var(--wp--preset--spacing--40);margin-bottom:var(--wp--preset--spacing--40)\"><div class=\"wp-block-embed__wrapper\">\n<iframe loading=\"lazy\" title=\"Jong met T1D - T1D en verandering - &quot;Nieuwe dingen zijn toch een beetje spannend&quot;\" width=\"500\" height=\"281\" src=\"https:\/\/www.youtube.com\/embed\/D1lh59IhpJI?feature=oembed\" frameborder=\"0\" allow=\"accelerometer; autoplay; clipboard-write; encrypted-media; gyroscope; picture-in-picture; web-share\" referrerpolicy=\"strict-origin-when-cross-origin\" allowfullscreen><\/iframe>\n<\/div><\/figure>\n\n\n\n<p><em>Deze videoboodschap betreft uitsluitend de persoonlijke ervaringen en mag op geen enkele wijze worden opgevat of begrepen als geneeskundig advies. Je dient te allen tijde naar je eigen huisarts, specialist, diabetesverpleegkundige of behandelaar te gaan voor advies met betrekking tot jouw situatie. Ook als je vragen hebt naar aanleiding van deze videoboodschap adviseren wij je hiervoor in eerste instantie naar je eigen arts of behandelaar te gaan.<\/em><\/p>\n<\/div>\n<\/div>\n<\/div>\n\n\n\n<h2 class=\"wp-block-heading\" id=\"laatste-nieuws\">Laatste nieuws<\/h2>\n\n\n\n<p>Laatste nieuws en updates van Breakthrough TD1<\/p>\n\n\n<ul class=\"wp-block-jdrf-query\"><li class=\"wp-block-jdrf-query__item\"><article class=\"card image-date-title-category\" itemscope itemtype=\"https:\/\/schema.org\/Thing\">\n\t\t<figure class=\"card__image\">\n\t\t<img decoding=\"async\" src=\"https:\/\/breakthrought1d.eu\/nl\/wp-content\/uploads\/2026\/03\/He-hoe-kan-ik-jullie-het-beste-volgen-op-whatsapp-1-2.jpg\" alt=\"Whatsapp-kanaal\">\n\t<\/figure>\n\t\n\t\t<div class=\"card__content\">\n\t\t\t\t\t<time class=\"card__date\" aria-label=\"published date\">31 maart 2026<\/time>\n\t\t\n\t\t\n\t\t\t\t\n\t\t\t\t\t\t\t<a href=\"https:\/\/breakthrought1d.eu\/nl\/nieuws\/whatsapp-kanaal\/\" class=\"card__link\" aria-label=\"Whatsapp-kanaal\" itemprop=\"url\" >\n\t\t\t\n\t\t\t\t<h3 class=\"card__title\" itemprop=\"name\">Whatsapp-kanaal<\/h3>\n\n\t\t\t\t\t\t\t<\/a>\n\t\t\t\t\t\n\t\t\n\t<\/div>\n\t\n\t\t\t<div class=\"card__categories\" aria-label=\"categories\">\n\t\t\t\t\t\t\t<span class=\"card__category\">Nieuws<\/span>\n\t\t\t\t\t\t<\/div>\n\t\n<\/article>\n<\/li><li class=\"wp-block-jdrf-query__item\"><article class=\"card image-date-title-category\" itemscope itemtype=\"https:\/\/schema.org\/Thing\">\n\t\t<figure class=\"card__image\">\n\t\t<img decoding=\"async\" src=\"https:\/\/breakthrought1d.eu\/nl\/wp-content\/uploads\/2025\/10\/Max-5549.png\" alt=\"Nieuw onderzoek naar voedingssupplement 6-BT bij type 1 diabetes\">\n\t<\/figure>\n\t\n\t\t<div class=\"card__content\">\n\t\t\t\t\t<time class=\"card__date\" aria-label=\"published date\">27 oktober 2025<\/time>\n\t\t\n\t\t\n\t\t\t\t\n\t\t\t\t\t\t\t<a href=\"https:\/\/breakthrought1d.eu\/nl\/nieuws\/nieuw-onderzoek-naar-voedingssupplement-6-bt-bij-type-1-diabetes\/\" class=\"card__link\" aria-label=\"Nieuw onderzoek naar voedingssupplement 6-BT bij type 1 diabetes\" itemprop=\"url\" >\n\t\t\t\n\t\t\t\t<h3 class=\"card__title\" itemprop=\"name\">Nieuw onderzoek naar voedingssupplement 6-BT bij type 1 diabetes<\/h3>\n\n\t\t\t\t\t\t\t<\/a>\n\t\t\t\t\t\n\t\t\n\t<\/div>\n\t\n\t\t\t<div class=\"card__categories\" aria-label=\"categories\">\n\t\t\t\t\t\t\t<span class=\"card__category\">Nieuws<\/span>\n\t\t\t\t\t\t\t\t<span class=\"card__category\">onderzoek<\/span>\n\t\t\t\t\t\t<\/div>\n\t\n<\/article>\n<\/li><li class=\"wp-block-jdrf-query__item\"><article class=\"card image-date-title-category\" itemscope itemtype=\"https:\/\/schema.org\/Thing\">\n\t\t<figure class=\"card__image\">\n\t\t<img decoding=\"async\" src=\"https:\/\/breakthrought1d.eu\/nl\/wp-content\/uploads\/2025\/10\/pce_1575.jpg\" alt=\"Onderzoeksupdates EASD 2025\">\n\t<\/figure>\n\t\n\t\t<div class=\"card__content\">\n\t\t\t\t\t<time class=\"card__date\" aria-label=\"published date\">1 oktober 2025<\/time>\n\t\t\n\t\t\n\t\t\t\t\n\t\t\t\t\t\t\t<a href=\"https:\/\/breakthrought1d.eu\/nl\/nieuws\/onderzoeksupdates-easd-2025\/\" class=\"card__link\" aria-label=\"Onderzoeksupdates EASD 2025\" itemprop=\"url\" >\n\t\t\t\n\t\t\t\t<h3 class=\"card__title\" itemprop=\"name\">Onderzoeksupdates EASD 2025<\/h3>\n\n\t\t\t\t\t\t\t<\/a>\n\t\t\t\t\t\n\t\t\n\t<\/div>\n\t\n\t\t\t<div class=\"card__categories\" aria-label=\"categories\">\n\t\t\t\t\t\t\t<span class=\"card__category\">Nieuws<\/span>\n\t\t\t\t\t\t\t\t<span class=\"card__category\">onderzoek<\/span>\n\t\t\t\t\t\t<\/div>\n\t\n<\/article>\n<\/li><\/ul>\n\n\n<div class=\"wp-block-buttons is-layout-flex wp-block-buttons-is-layout-flex\" style=\"margin-top:var(--wp--preset--spacing--32);margin-bottom:var(--wp--preset--spacing--32)\">\n<div class=\"wp-block-button is-style-secondary\"><a class=\"wp-block-button__link wp-element-button\" href=\"https:\/\/breakthrought1d.eu\/nl\/nieuws\/\">Bekijk meer Nieuws<\/a><\/div>\n<\/div>\n","protected":false,"raw":""},"excerpt":{"rendered":"<p>Je weet het, h\u00e8: alles, maar dan ook echt \u00e1lles, be\u00efnvloedt je bloedsuikers Beweging, stress, hormonen\u2026 Veranderingen in je leven, hoe klein ook, kunnen daarom aardig wat impact hebben. Soms heb je even geen zin om alles steeds maar onder controle te houden en dat is heel begrijpelijk. Maar hoe zorg je dat je in [&hellip;]<\/p>\n","protected":false},"author":1,"featured_media":0,"parent":368,"menu_order":0,"comment_status":"closed","ping_status":"closed","template":"","meta":{"footnotes":""},"class_list":["post-730","page","type-page","status-publish","hentry"],"yoast_head":"<!-- This site is optimized with the Yoast SEO plugin v25.3 - https:\/\/yoast.com\/wordpress\/plugins\/seo\/ -->\n<title>T1D en verandering - Breakthrough T1D<\/title>\n<meta name=\"robots\" content=\"index, follow, max-snippet:-1, max-image-preview:large, max-video-preview:-1\" \/>\n<link rel=\"canonical\" href=\"https:\/\/breakthrought1d.eu\/nl\/leven-met-t1d\/t1d-en-verandering\/\" \/>\n<meta property=\"og:locale\" content=\"nl_NL\" \/>\n<meta property=\"og:type\" content=\"article\" \/>\n<meta property=\"og:title\" content=\"T1D en verandering - Breakthrough T1D\" \/>\n<meta property=\"og:description\" content=\"Je weet het, h\u00e8: alles, maar dan ook echt \u00e1lles, be\u00efnvloedt je bloedsuikers Beweging, stress, hormonen\u2026 Veranderingen in je leven, hoe klein ook, kunnen daarom aardig wat impact hebben. Soms heb je even geen zin om alles steeds maar onder controle te houden en dat is heel begrijpelijk. Maar hoe zorg je dat je in [&hellip;]\" \/>\n<meta property=\"og:url\" content=\"https:\/\/breakthrought1d.eu\/nl\/leven-met-t1d\/t1d-en-verandering\/\" \/>\n<meta property=\"og:site_name\" content=\"Breakthrough T1D\" \/>\n<meta property=\"article:modified_time\" content=\"2024-09-23T11:22:24+00:00\" \/>\n<meta name=\"twitter:card\" content=\"summary_large_image\" \/>\n<meta name=\"twitter:label1\" content=\"Geschatte leestijd\" \/>\n\t<meta name=\"twitter:data1\" content=\"3 minuten\" \/>\n<script type=\"application\/ld+json\" class=\"yoast-schema-graph\">{\"@context\":\"https:\/\/schema.org\",\"@graph\":[{\"@type\":\"WebPage\",\"@id\":\"https:\/\/breakthrought1d.eu\/nl\/leven-met-t1d\/t1d-en-verandering\/\",\"url\":\"https:\/\/breakthrought1d.eu\/nl\/leven-met-t1d\/t1d-en-verandering\/\",\"name\":\"T1D en verandering - Breakthrough T1D\",\"isPartOf\":{\"@id\":\"https:\/\/breakthrought1d.eu\/nl\/#website\"},\"datePublished\":\"2024-09-03T14:08:04+00:00\",\"dateModified\":\"2024-09-23T11:22:24+00:00\",\"breadcrumb\":{\"@id\":\"https:\/\/breakthrought1d.eu\/nl\/leven-met-t1d\/t1d-en-verandering\/#breadcrumb\"},\"inLanguage\":\"nl-NL\",\"potentialAction\":[{\"@type\":\"ReadAction\",\"target\":[\"https:\/\/breakthrought1d.eu\/nl\/leven-met-t1d\/t1d-en-verandering\/\"]}]},{\"@type\":\"BreadcrumbList\",\"@id\":\"https:\/\/breakthrought1d.eu\/nl\/leven-met-t1d\/t1d-en-verandering\/#breadcrumb\",\"itemListElement\":[{\"@type\":\"ListItem\",\"position\":1,\"name\":\"Home\",\"item\":\"https:\/\/breakthrought1d.eu\/nl\/\"},{\"@type\":\"ListItem\",\"position\":2,\"name\":\"Leven met T1D\",\"item\":\"https:\/\/breakthrought1d.eu\/nl\/leven-met-t1d\/\"},{\"@type\":\"ListItem\",\"position\":3,\"name\":\"T1D en verandering\"}]},{\"@type\":\"WebSite\",\"@id\":\"https:\/\/breakthrought1d.eu\/nl\/#website\",\"url\":\"https:\/\/breakthrought1d.eu\/nl\/\",\"name\":\"Breakthrough T1D\",\"description\":\"Wij zetten ons in voor een toekomst zonder T1D\",\"publisher\":{\"@id\":\"https:\/\/breakthrought1d.eu\/nl\/#organization\"},\"potentialAction\":[{\"@type\":\"SearchAction\",\"target\":{\"@type\":\"EntryPoint\",\"urlTemplate\":\"https:\/\/breakthrought1d.eu\/nl\/?s={search_term_string}\"},\"query-input\":{\"@type\":\"PropertyValueSpecification\",\"valueRequired\":true,\"valueName\":\"search_term_string\"}}],\"inLanguage\":\"nl-NL\"},{\"@type\":\"Organization\",\"@id\":\"https:\/\/breakthrought1d.eu\/nl\/#organization\",\"name\":\"Breakthrough T1D\",\"url\":\"https:\/\/breakthrought1d.eu\/nl\/\",\"logo\":{\"@type\":\"ImageObject\",\"inLanguage\":\"nl-NL\",\"@id\":\"https:\/\/breakthrought1d.eu\/nl\/#\/schema\/logo\/image\/\",\"url\":\"https:\/\/breakthrought1d.eu\/nl\/wp-content\/uploads\/2024\/11\/BTlogo.png\",\"contentUrl\":\"https:\/\/breakthrought1d.eu\/nl\/wp-content\/uploads\/2024\/11\/BTlogo.png\",\"width\":330,\"height\":141,\"caption\":\"Breakthrough T1D\"},\"image\":{\"@id\":\"https:\/\/breakthrought1d.eu\/nl\/#\/schema\/logo\/image\/\"}}]}<\/script>\n<!-- \/ Yoast SEO plugin. -->","yoast_head_json":{"title":"T1D en verandering - Breakthrough T1D","robots":{"index":"index","follow":"follow","max-snippet":"max-snippet:-1","max-image-preview":"max-image-preview:large","max-video-preview":"max-video-preview:-1"},"canonical":"https:\/\/breakthrought1d.eu\/nl\/leven-met-t1d\/t1d-en-verandering\/","og_locale":"nl_NL","og_type":"article","og_title":"T1D en verandering - Breakthrough T1D","og_description":"Je weet het, h\u00e8: alles, maar dan ook echt \u00e1lles, be\u00efnvloedt je bloedsuikers Beweging, stress, hormonen\u2026 Veranderingen in je leven, hoe klein ook, kunnen daarom aardig wat impact hebben. Soms heb je even geen zin om alles steeds maar onder controle te houden en dat is heel begrijpelijk. Maar hoe zorg je dat je in [&hellip;]","og_url":"https:\/\/breakthrought1d.eu\/nl\/leven-met-t1d\/t1d-en-verandering\/","og_site_name":"Breakthrough T1D","article_modified_time":"2024-09-23T11:22:24+00:00","twitter_card":"summary_large_image","twitter_misc":{"Geschatte leestijd":"3 minuten"},"schema":{"@context":"https:\/\/schema.org","@graph":[{"@type":"WebPage","@id":"https:\/\/breakthrought1d.eu\/nl\/leven-met-t1d\/t1d-en-verandering\/","url":"https:\/\/breakthrought1d.eu\/nl\/leven-met-t1d\/t1d-en-verandering\/","name":"T1D en verandering - Breakthrough T1D","isPartOf":{"@id":"https:\/\/breakthrought1d.eu\/nl\/#website"},"datePublished":"2024-09-03T14:08:04+00:00","dateModified":"2024-09-23T11:22:24+00:00","breadcrumb":{"@id":"https:\/\/breakthrought1d.eu\/nl\/leven-met-t1d\/t1d-en-verandering\/#breadcrumb"},"inLanguage":"nl-NL","potentialAction":[{"@type":"ReadAction","target":["https:\/\/breakthrought1d.eu\/nl\/leven-met-t1d\/t1d-en-verandering\/"]}]},{"@type":"BreadcrumbList","@id":"https:\/\/breakthrought1d.eu\/nl\/leven-met-t1d\/t1d-en-verandering\/#breadcrumb","itemListElement":[{"@type":"ListItem","position":1,"name":"Home","item":"https:\/\/breakthrought1d.eu\/nl\/"},{"@type":"ListItem","position":2,"name":"Leven met T1D","item":"https:\/\/breakthrought1d.eu\/nl\/leven-met-t1d\/"},{"@type":"ListItem","position":3,"name":"T1D en verandering"}]},{"@type":"WebSite","@id":"https:\/\/breakthrought1d.eu\/nl\/#website","url":"https:\/\/breakthrought1d.eu\/nl\/","name":"Breakthrough T1D","description":"Wij zetten ons in voor een toekomst zonder T1D","publisher":{"@id":"https:\/\/breakthrought1d.eu\/nl\/#organization"},"potentialAction":[{"@type":"SearchAction","target":{"@type":"EntryPoint","urlTemplate":"https:\/\/breakthrought1d.eu\/nl\/?s={search_term_string}"},"query-input":{"@type":"PropertyValueSpecification","valueRequired":true,"valueName":"search_term_string"}}],"inLanguage":"nl-NL"},{"@type":"Organization","@id":"https:\/\/breakthrought1d.eu\/nl\/#organization","name":"Breakthrough T1D","url":"https:\/\/breakthrought1d.eu\/nl\/","logo":{"@type":"ImageObject","inLanguage":"nl-NL","@id":"https:\/\/breakthrought1d.eu\/nl\/#\/schema\/logo\/image\/","url":"https:\/\/breakthrought1d.eu\/nl\/wp-content\/uploads\/2024\/11\/BTlogo.png","contentUrl":"https:\/\/breakthrought1d.eu\/nl\/wp-content\/uploads\/2024\/11\/BTlogo.png","width":330,"height":141,"caption":"Breakthrough T1D"},"image":{"@id":"https:\/\/breakthrought1d.eu\/nl\/#\/schema\/logo\/image\/"}}]}},"_links":{"self":[{"href":"https:\/\/breakthrought1d.eu\/nl\/wp-json\/wp\/v2\/pages\/730","targetHints":{"allow":["GET"]}}],"collection":[{"href":"https:\/\/breakthrought1d.eu\/nl\/wp-json\/wp\/v2\/pages"}],"about":[{"href":"https:\/\/breakthrought1d.eu\/nl\/wp-json\/wp\/v2\/types\/page"}],"author":[{"embeddable":true,"href":"https:\/\/breakthrought1d.eu\/nl\/wp-json\/wp\/v2\/users\/1"}],"replies":[{"embeddable":true,"href":"https:\/\/breakthrought1d.eu\/nl\/wp-json\/wp\/v2\/comments?post=730"}],"version-history":[{"count":8,"href":"https:\/\/breakthrought1d.eu\/nl\/wp-json\/wp\/v2\/pages\/730\/revisions"}],"predecessor-version":[{"id":1052,"href":"https:\/\/breakthrought1d.eu\/nl\/wp-json\/wp\/v2\/pages\/730\/revisions\/1052"}],"up":[{"embeddable":true,"href":"https:\/\/breakthrought1d.eu\/nl\/wp-json\/wp\/v2\/pages\/368"}],"wp:attachment":[{"href":"https:\/\/breakthrought1d.eu\/nl\/wp-json\/wp\/v2\/media?parent=730"}],"curies":[{"name":"wp","href":"https:\/\/api.w.org\/{rel}","templated":true}]}}