{"id":9345,"date":"2024-12-11T08:38:41","date_gmt":"2024-12-11T08:38:41","guid":{"rendered":"https:\/\/breakthrought1d.eu\/nl\/?page_id=9345"},"modified":"2025-07-18T13:12:28","modified_gmt":"2025-07-18T11:12:28","slug":"prof-dr-hans-brunner-la-rocca","status":"publish","type":"page","link":"https:\/\/breakthrought1d.eu\/nl\/wetenschappelijk-onderzoek\/prof-dr-hans-brunner-la-rocca\/","title":{"rendered":"Prof. dr. Hans-Peter Brunner-La Rocca &#8211; Maastricht Universiteit Medisch Centrum"},"content":{"rendered":"<div class=\"wp-block-jdrf-hero\">\n\t<div class=\"wp-block-jdrf-hero__content-wrap has-blue-background-color has-white-color\">\n\t\t\t\t\t<h1 class=\"wp-block-jdrf-hero__title\">\n\t\t\t\tProf. dr. Hans-Peter Brunner-La Rocca &#8211; Maastricht UMC\t\t\t<\/h1>\n\t\t\n\t\t\n\t\t\t<\/div>\n\n\t<figure class=\"wp-block-jdrf-hero__image-wrapper\">\n\t\t\n<svg xmlns=\"http:\/\/www.w3.org\/2000\/svg\" width=\"182.292\" height=\"545\" viewBox=\"0 0 182.292 545\" preserveAspectRatio=\"xMinYMax\" class=\"curve-circle--desktop\"><path d=\"M182.292,661H0V116H181.305A388.493,388.493,0,0,0,99.836,238.525,386.046,386.046,0,0,0,77.71,310.648c-2.535,12.531-4.47,25.356-5.751,38.116C70.659,361.71,70,374.911,70,388a394.188,394.188,0,0,0,1.978,39.418c1.294,12.819,3.247,25.7,5.806,38.289a385.884,385.884,0,0,0,57.677,138.032A390.8,390.8,0,0,0,182.29,661l0,0h0Z\" transform=\"translate(0 -116)\" fill=\"#002bff\" \/><\/svg>\n\t\t\n<svg xmlns=\"http:\/\/www.w3.org\/2000\/svg\" width=\"545\" height=\"182.292\" viewBox=\"0 0 545 182.292\" preserveAspectRatio=\"xMinYMax\" class=\"curve-circle--mobile\"><path d=\"M182.292,661H0V116H181.305A388.493,388.493,0,0,0,99.836,238.525,386.046,386.046,0,0,0,77.71,310.648c-2.535,12.531-4.47,25.356-5.751,38.116C70.659,361.71,70,374.911,70,388a394.188,394.188,0,0,0,1.978,39.418c1.294,12.819,3.247,25.7,5.806,38.289a385.884,385.884,0,0,0,57.677,138.032A390.8,390.8,0,0,0,182.29,661l0,0h0Z\" transform=\"translate(-116 182.292) rotate(-90)\" fill=\"#002bff\" \/><\/svg>\n\t\t<img loading=\"lazy\" decoding=\"async\" width=\"1468\" height=\"1957\" src=\"https:\/\/breakthrought1d.eu\/nl\/wp-content\/uploads\/2024\/12\/IMG_2230.jpg\" class=\"wp-block-jdrf-hero__image\" alt=\"\" style=\"object-position: 70% 17%;\" srcset=\"https:\/\/breakthrought1d.eu\/nl\/wp-content\/uploads\/2024\/12\/IMG_2230.jpg 1468w, https:\/\/breakthrought1d.eu\/nl\/wp-content\/uploads\/2024\/12\/IMG_2230-225x300.jpg 225w, https:\/\/breakthrought1d.eu\/nl\/wp-content\/uploads\/2024\/12\/IMG_2230-768x1024.jpg 768w, https:\/\/breakthrought1d.eu\/nl\/wp-content\/uploads\/2024\/12\/IMG_2230-1152x1536.jpg 1152w\" sizes=\"auto, (max-width: 1468px) 100vw, 1468px\" \/>\t<\/figure>\n<\/div>\n\n\n\n<div class=\"wp-block-group alignfull has-light-gray-background-color has-background has-gradient is-layout-constrained wp-block-group-is-layout-constrained\">\n<div class=\"wp-block-columns is-layout-flex wp-container-core-columns-is-layout-28f84493 wp-block-columns-is-layout-flex\">\n<div class=\"wp-block-column is-layout-flow wp-block-column-is-layout-flow\" style=\"flex-basis:66.66%\">\n<h2 class=\"wp-block-heading\" id=\"het-onderzoek-van-prof-dr-hans-peter-brunner-la-rocca\">Het onderzoek van prof. dr. Hans-Peter Brunner-La Rocca<\/h2>\n\n\n\n<p class=\"is-style-large-body\">\u2026is gericht op het voorkomen en behandelen van hart- en vaatziekten. Dit is een groep van gevarieerde aandoeningen, waarbij veel verschillende factoren een rol spelen bij het ontstaan en verloop. Hierdoor zijn geen twee pati\u00ebnten hetzelfde, en bestaat er niet \u00e9\u00e9n enkele behandeling die voor iedereen optimaal werkt. Het doel van dit project is daarom om manieren te ontwikkelen om de effectiefste behandeling te vinden voor elke individuele pati\u00ebnt.<\/p>\n\n\n\n<p class=\"is-style-large-body\"><\/p>\n<\/div>\n\n\n\n<div class=\"wp-block-column is-layout-flow wp-block-column-is-layout-flow\" style=\"flex-basis:33.33%\"><\/div>\n<\/div>\n<\/div>\n\n\n\n<div class=\"wp-block-group alignfull is-layout-constrained wp-block-group-is-layout-constrained\">\n<div class=\"wp-block-columns is-layout-flex wp-container-core-columns-is-layout-28f84493 wp-block-columns-is-layout-flex\">\n<div class=\"wp-block-column is-layout-flow wp-block-column-is-layout-flow\">\n<h3 class=\"wp-block-heading\" id=\"highlight-g-copy-optional-button\">Waar staat het onderzoek?<\/h3>\n\n\n\n<p class=\"is-style-large-body\">Het onderzoek &#8216;Ge\u00efndividualiseerde zorg van vroeg risico op hart- en vaatziekten tot vastgesteld hartfalen&#8217; is een grootschalig, internationaal onderzoek waar meer dan dertig instanties aan meewerken. In Nederland wordt dit onderzoek geco\u00f6rdineerd door Maastricht University. Voor dit project wordt een grote database van meer dan een miljoen pati\u00ebnten aangemaakt, om zicht te krijgen op alle stadia van hart- en vaatziekten, van vroege risico\u2019s tot vergevorderde ziekte.<\/p>\n\n\n\n<p class=\"is-style-large-body\"><\/p>\n<\/div>\n\n\n\n<div class=\"wp-block-column is-layout-flow wp-block-column-is-layout-flow\">\n<h3 class=\"wp-block-heading\" id=\"wat-betekent-dit-voor-mensen-met-t1d\">Wat betekent dit voor mensen met T1D?&nbsp;<\/h3>\n\n\n\n<p class=\"is-style-large-body\">Hart- en vaatziekten zijn een veelvoorkomende complicatie van type 1 diabetes. De resultaten van dit onderzoek moeten leiden tot een snellere herkenning en effectievere behandeling van hart- en vaatziekten.<\/p>\n<\/div>\n<\/div>\n<\/div>\n\n\n\n<div class=\"wp-block-group alignfull has-white-color has-blue-background-color has-text-color has-background has-link-color wp-elements-745c561e54c7075bac78ff5e189468d9 is-layout-constrained wp-block-group-is-layout-constrained\">\n<div class=\"wp-block-columns is-layout-flex wp-container-core-columns-is-layout-28f84493 wp-block-columns-is-layout-flex\">\n<div class=\"wp-block-column is-layout-flow wp-block-column-is-layout-flow\" style=\"flex-basis:66.66%\">\n<h2 class=\"wp-block-heading\" id=\"meer-weten-1\">Meer weten?<\/h2>\n\n\n\n<ul class=\"wp-block-list\">\n<li><a href=\"https:\/\/www.mumc.nl\/actueel\/nieuws\">\u20ac22 miljoen voor internationaal onderzoek naar hart- en vaatziekten<\/a><\/li>\n\n\n\n<li>I<a href=\"https:\/\/icare4cvd.eu\/\" target=\"_blank\" rel=\"noreferrer noopener\">care4cvd: paving the way to better car<\/a>e<\/li>\n<\/ul>\n<\/div>\n\n\n\n<div class=\"wp-block-column is-vertically-aligned-center is-layout-flow wp-block-column-is-layout-flow\" style=\"flex-basis:33.33%\">\n<div class=\"wp-block-buttons is-content-justification-right is-layout-flex wp-container-core-buttons-is-layout-d445cf74 wp-block-buttons-is-layout-flex\"><\/div>\n<\/div>\n<\/div>\n<\/div>\n\n\n\n<div class=\"wp-block-group alignfull is-layout-constrained wp-block-group-is-layout-constrained\">\n<div class=\"wp-block-columns is-layout-flex wp-container-core-columns-is-layout-a5cf46d6 wp-block-columns-is-layout-flex\" style=\"margin-bottom:var(--wp--preset--spacing--40)\">\n<div class=\"wp-block-column is-layout-flow wp-block-column-is-layout-flow\" style=\"flex-basis:66.66%\">\n<h2 class=\"wp-block-heading\" id=\"the-latest-1\">Laatste nieuws<\/h2>\n<\/div>\n\n\n\n<div class=\"wp-block-column is-layout-flow wp-block-column-is-layout-flow\" style=\"flex-basis:33.33%\"><\/div>\n<\/div>\n\n\n\n<p>Laatste nieuws en updates van Breakthrough T1D Nederland<\/p>\n\n\n<ul class=\"wp-block-jdrf-query\"><li class=\"wp-block-jdrf-query__item\"><article class=\"card image-date-title-category\" itemscope itemtype=\"https:\/\/schema.org\/Thing\">\n\t\t<figure class=\"card__image\">\n\t\t<img decoding=\"async\" src=\"https:\/\/breakthrought1d.eu\/nl\/wp-content\/uploads\/2026\/03\/He-hoe-kan-ik-jullie-het-beste-volgen-op-whatsapp-1-2.jpg\" alt=\"Whatsapp-kanaal\">\n\t<\/figure>\n\t\n\t\t<div class=\"card__content\">\n\t\t\t\t\t<time class=\"card__date\" aria-label=\"published date\">31 maart 2026<\/time>\n\t\t\n\t\t\n\t\t\t\t\n\t\t\t\t\t\t\t<a href=\"https:\/\/breakthrought1d.eu\/nl\/nieuws\/whatsapp-kanaal\/\" class=\"card__link\" aria-label=\"Whatsapp-kanaal\" itemprop=\"url\" >\n\t\t\t\n\t\t\t\t<h3 class=\"card__title\" itemprop=\"name\">Whatsapp-kanaal<\/h3>\n\n\t\t\t\t\t\t\t<\/a>\n\t\t\t\t\t\n\t\t\n\t<\/div>\n\t\n\t\t\t<div class=\"card__categories\" aria-label=\"categories\">\n\t\t\t\t\t\t\t<span class=\"card__category\">Nieuws<\/span>\n\t\t\t\t\t\t<\/div>\n\t\n<\/article>\n<\/li><li class=\"wp-block-jdrf-query__item\"><article class=\"card image-date-title-category\" itemscope itemtype=\"https:\/\/schema.org\/Thing\">\n\t\t<figure class=\"card__image\">\n\t\t<img decoding=\"async\" src=\"https:\/\/breakthrought1d.eu\/nl\/wp-content\/uploads\/2025\/10\/Max-5549.png\" alt=\"Nieuw onderzoek naar voedingssupplement 6-BT bij type 1 diabetes\">\n\t<\/figure>\n\t\n\t\t<div class=\"card__content\">\n\t\t\t\t\t<time class=\"card__date\" aria-label=\"published date\">27 oktober 2025<\/time>\n\t\t\n\t\t\n\t\t\t\t\n\t\t\t\t\t\t\t<a href=\"https:\/\/breakthrought1d.eu\/nl\/nieuws\/nieuw-onderzoek-naar-voedingssupplement-6-bt-bij-type-1-diabetes\/\" class=\"card__link\" aria-label=\"Nieuw onderzoek naar voedingssupplement 6-BT bij type 1 diabetes\" itemprop=\"url\" >\n\t\t\t\n\t\t\t\t<h3 class=\"card__title\" itemprop=\"name\">Nieuw onderzoek naar voedingssupplement 6-BT bij type 1 diabetes<\/h3>\n\n\t\t\t\t\t\t\t<\/a>\n\t\t\t\t\t\n\t\t\n\t<\/div>\n\t\n\t\t\t<div class=\"card__categories\" aria-label=\"categories\">\n\t\t\t\t\t\t\t<span class=\"card__category\">Nieuws<\/span>\n\t\t\t\t\t\t\t\t<span class=\"card__category\">onderzoek<\/span>\n\t\t\t\t\t\t<\/div>\n\t\n<\/article>\n<\/li><li class=\"wp-block-jdrf-query__item\"><article class=\"card image-date-title-category\" itemscope itemtype=\"https:\/\/schema.org\/Thing\">\n\t\t<figure class=\"card__image\">\n\t\t<img decoding=\"async\" src=\"https:\/\/breakthrought1d.eu\/nl\/wp-content\/uploads\/2025\/10\/pce_1575.jpg\" alt=\"Onderzoeksupdates EASD 2025\">\n\t<\/figure>\n\t\n\t\t<div class=\"card__content\">\n\t\t\t\t\t<time class=\"card__date\" aria-label=\"published date\">1 oktober 2025<\/time>\n\t\t\n\t\t\n\t\t\t\t\n\t\t\t\t\t\t\t<a href=\"https:\/\/breakthrought1d.eu\/nl\/nieuws\/onderzoeksupdates-easd-2025\/\" class=\"card__link\" aria-label=\"Onderzoeksupdates EASD 2025\" itemprop=\"url\" >\n\t\t\t\n\t\t\t\t<h3 class=\"card__title\" itemprop=\"name\">Onderzoeksupdates EASD 2025<\/h3>\n\n\t\t\t\t\t\t\t<\/a>\n\t\t\t\t\t\n\t\t\n\t<\/div>\n\t\n\t\t\t<div class=\"card__categories\" aria-label=\"categories\">\n\t\t\t\t\t\t\t<span class=\"card__category\">Nieuws<\/span>\n\t\t\t\t\t\t\t\t<span class=\"card__category\">onderzoek<\/span>\n\t\t\t\t\t\t<\/div>\n\t\n<\/article>\n<\/li><\/ul>\n\n\n<div class=\"wp-block-buttons is-layout-flex wp-block-buttons-is-layout-flex\" style=\"margin-top:var(--wp--preset--spacing--40)\">\n<div class=\"wp-block-button is-style-secondary\"><a class=\"wp-block-button__link wp-element-button\" href=\"https:\/\/breakthrought1d.eu\/nl\/nieuws\/\">Bekijk meer nieuws<\/a><\/div>\n<\/div>\n<\/div>\n","protected":false,"raw":""},"excerpt":{"rendered":"<p>Het onderzoek van prof. dr. Hans-Peter Brunner-La Rocca \u2026is gericht op het voorkomen en behandelen van hart- en vaatziekten. Dit is een groep van gevarieerde aandoeningen, waarbij veel verschillende factoren een rol spelen bij het ontstaan en verloop. Hierdoor zijn geen twee pati\u00ebnten hetzelfde, en bestaat er niet \u00e9\u00e9n enkele behandeling die voor iedereen optimaal [&hellip;]<\/p>\n","protected":false},"author":5,"featured_media":9282,"parent":1437,"menu_order":0,"comment_status":"closed","ping_status":"closed","template":"","meta":{"footnotes":""},"class_list":["post-9345","page","type-page","status-publish","has-post-thumbnail","hentry"],"yoast_head":"<!-- This site is optimized with the Yoast SEO plugin v25.3 - https:\/\/yoast.com\/wordpress\/plugins\/seo\/ -->\n<title>Prof. dr. Hans-Peter Brunner-La Rocca - Maastricht Universiteit Medisch Centrum - Breakthrough T1D<\/title>\n<meta name=\"robots\" content=\"index, follow, max-snippet:-1, max-image-preview:large, max-video-preview:-1\" \/>\n<link rel=\"canonical\" href=\"https:\/\/breakthrought1d.eu\/nl\/wetenschappelijk-onderzoek\/prof-dr-hans-brunner-la-rocca\/\" \/>\n<meta property=\"og:locale\" content=\"nl_NL\" \/>\n<meta property=\"og:type\" content=\"article\" \/>\n<meta property=\"og:title\" content=\"Prof. dr. Hans-Peter Brunner-La Rocca - Maastricht Universiteit Medisch Centrum - Breakthrough T1D\" \/>\n<meta property=\"og:description\" content=\"Het onderzoek van prof. dr. Hans-Peter Brunner-La Rocca \u2026is gericht op het voorkomen en behandelen van hart- en vaatziekten. Dit is een groep van gevarieerde aandoeningen, waarbij veel verschillende factoren een rol spelen bij het ontstaan en verloop. Hierdoor zijn geen twee pati\u00ebnten hetzelfde, en bestaat er niet \u00e9\u00e9n enkele behandeling die voor iedereen optimaal [&hellip;]\" \/>\n<meta property=\"og:url\" content=\"https:\/\/breakthrought1d.eu\/nl\/wetenschappelijk-onderzoek\/prof-dr-hans-brunner-la-rocca\/\" \/>\n<meta property=\"og:site_name\" content=\"Breakthrough T1D\" \/>\n<meta property=\"article:modified_time\" content=\"2025-07-18T11:12:28+00:00\" \/>\n<meta property=\"og:image\" content=\"https:\/\/breakthrought1d.eu\/nl\/wp-content\/uploads\/2024\/12\/IMG_2227-edited-2.jpg\" \/>\n\t<meta property=\"og:image:width\" content=\"1512\" \/>\n\t<meta property=\"og:image:height\" content=\"1513\" \/>\n\t<meta property=\"og:image:type\" content=\"image\/jpeg\" \/>\n<meta name=\"twitter:card\" content=\"summary_large_image\" \/>\n<meta name=\"twitter:label1\" content=\"Geschatte leestijd\" \/>\n\t<meta name=\"twitter:data1\" content=\"2 minuten\" \/>\n<script type=\"application\/ld+json\" class=\"yoast-schema-graph\">{\"@context\":\"https:\/\/schema.org\",\"@graph\":[{\"@type\":\"WebPage\",\"@id\":\"https:\/\/breakthrought1d.eu\/nl\/wetenschappelijk-onderzoek\/prof-dr-hans-brunner-la-rocca\/\",\"url\":\"https:\/\/breakthrought1d.eu\/nl\/wetenschappelijk-onderzoek\/prof-dr-hans-brunner-la-rocca\/\",\"name\":\"Prof. dr. Hans-Peter Brunner-La Rocca - Maastricht Universiteit Medisch Centrum - Breakthrough T1D\",\"isPartOf\":{\"@id\":\"https:\/\/breakthrought1d.eu\/nl\/#website\"},\"primaryImageOfPage\":{\"@id\":\"https:\/\/breakthrought1d.eu\/nl\/wetenschappelijk-onderzoek\/prof-dr-hans-brunner-la-rocca\/#primaryimage\"},\"image\":{\"@id\":\"https:\/\/breakthrought1d.eu\/nl\/wetenschappelijk-onderzoek\/prof-dr-hans-brunner-la-rocca\/#primaryimage\"},\"thumbnailUrl\":\"https:\/\/breakthrought1d.eu\/nl\/wp-content\/uploads\/2024\/12\/IMG_2227-edited-2.jpg\",\"datePublished\":\"2024-12-11T08:38:41+00:00\",\"dateModified\":\"2025-07-18T11:12:28+00:00\",\"breadcrumb\":{\"@id\":\"https:\/\/breakthrought1d.eu\/nl\/wetenschappelijk-onderzoek\/prof-dr-hans-brunner-la-rocca\/#breadcrumb\"},\"inLanguage\":\"nl-NL\",\"potentialAction\":[{\"@type\":\"ReadAction\",\"target\":[\"https:\/\/breakthrought1d.eu\/nl\/wetenschappelijk-onderzoek\/prof-dr-hans-brunner-la-rocca\/\"]}]},{\"@type\":\"ImageObject\",\"inLanguage\":\"nl-NL\",\"@id\":\"https:\/\/breakthrought1d.eu\/nl\/wetenschappelijk-onderzoek\/prof-dr-hans-brunner-la-rocca\/#primaryimage\",\"url\":\"https:\/\/breakthrought1d.eu\/nl\/wp-content\/uploads\/2024\/12\/IMG_2227-edited-2.jpg\",\"contentUrl\":\"https:\/\/breakthrought1d.eu\/nl\/wp-content\/uploads\/2024\/12\/IMG_2227-edited-2.jpg\",\"width\":1512,\"height\":1513},{\"@type\":\"BreadcrumbList\",\"@id\":\"https:\/\/breakthrought1d.eu\/nl\/wetenschappelijk-onderzoek\/prof-dr-hans-brunner-la-rocca\/#breadcrumb\",\"itemListElement\":[{\"@type\":\"ListItem\",\"position\":1,\"name\":\"Home\",\"item\":\"https:\/\/breakthrought1d.eu\/nl\/\"},{\"@type\":\"ListItem\",\"position\":2,\"name\":\"Wetenschappelijk onderzoek\",\"item\":\"https:\/\/breakthrought1d.eu\/nl\/wetenschappelijk-onderzoek\/\"},{\"@type\":\"ListItem\",\"position\":3,\"name\":\"Prof. dr. Hans-Peter Brunner-La Rocca &#8211; Maastricht Universiteit Medisch Centrum\"}]},{\"@type\":\"WebSite\",\"@id\":\"https:\/\/breakthrought1d.eu\/nl\/#website\",\"url\":\"https:\/\/breakthrought1d.eu\/nl\/\",\"name\":\"Breakthrough T1D\",\"description\":\"Wij zetten ons in voor een toekomst zonder T1D\",\"publisher\":{\"@id\":\"https:\/\/breakthrought1d.eu\/nl\/#organization\"},\"potentialAction\":[{\"@type\":\"SearchAction\",\"target\":{\"@type\":\"EntryPoint\",\"urlTemplate\":\"https:\/\/breakthrought1d.eu\/nl\/?s={search_term_string}\"},\"query-input\":{\"@type\":\"PropertyValueSpecification\",\"valueRequired\":true,\"valueName\":\"search_term_string\"}}],\"inLanguage\":\"nl-NL\"},{\"@type\":\"Organization\",\"@id\":\"https:\/\/breakthrought1d.eu\/nl\/#organization\",\"name\":\"Breakthrough T1D\",\"url\":\"https:\/\/breakthrought1d.eu\/nl\/\",\"logo\":{\"@type\":\"ImageObject\",\"inLanguage\":\"nl-NL\",\"@id\":\"https:\/\/breakthrought1d.eu\/nl\/#\/schema\/logo\/image\/\",\"url\":\"https:\/\/breakthrought1d.eu\/nl\/wp-content\/uploads\/2024\/11\/BTlogo.png\",\"contentUrl\":\"https:\/\/breakthrought1d.eu\/nl\/wp-content\/uploads\/2024\/11\/BTlogo.png\",\"width\":330,\"height\":141,\"caption\":\"Breakthrough T1D\"},\"image\":{\"@id\":\"https:\/\/breakthrought1d.eu\/nl\/#\/schema\/logo\/image\/\"}}]}<\/script>\n<!-- \/ Yoast SEO plugin. -->","yoast_head_json":{"title":"Prof. dr. Hans-Peter Brunner-La Rocca - Maastricht Universiteit Medisch Centrum - Breakthrough T1D","robots":{"index":"index","follow":"follow","max-snippet":"max-snippet:-1","max-image-preview":"max-image-preview:large","max-video-preview":"max-video-preview:-1"},"canonical":"https:\/\/breakthrought1d.eu\/nl\/wetenschappelijk-onderzoek\/prof-dr-hans-brunner-la-rocca\/","og_locale":"nl_NL","og_type":"article","og_title":"Prof. dr. Hans-Peter Brunner-La Rocca - Maastricht Universiteit Medisch Centrum - Breakthrough T1D","og_description":"Het onderzoek van prof. dr. Hans-Peter Brunner-La Rocca \u2026is gericht op het voorkomen en behandelen van hart- en vaatziekten. Dit is een groep van gevarieerde aandoeningen, waarbij veel verschillende factoren een rol spelen bij het ontstaan en verloop. Hierdoor zijn geen twee pati\u00ebnten hetzelfde, en bestaat er niet \u00e9\u00e9n enkele behandeling die voor iedereen optimaal [&hellip;]","og_url":"https:\/\/breakthrought1d.eu\/nl\/wetenschappelijk-onderzoek\/prof-dr-hans-brunner-la-rocca\/","og_site_name":"Breakthrough T1D","article_modified_time":"2025-07-18T11:12:28+00:00","og_image":[{"width":1512,"height":1513,"url":"https:\/\/breakthrought1d.eu\/nl\/wp-content\/uploads\/2024\/12\/IMG_2227-edited-2.jpg","type":"image\/jpeg"}],"twitter_card":"summary_large_image","twitter_misc":{"Geschatte leestijd":"2 minuten"},"schema":{"@context":"https:\/\/schema.org","@graph":[{"@type":"WebPage","@id":"https:\/\/breakthrought1d.eu\/nl\/wetenschappelijk-onderzoek\/prof-dr-hans-brunner-la-rocca\/","url":"https:\/\/breakthrought1d.eu\/nl\/wetenschappelijk-onderzoek\/prof-dr-hans-brunner-la-rocca\/","name":"Prof. dr. Hans-Peter Brunner-La Rocca - Maastricht Universiteit Medisch Centrum - Breakthrough T1D","isPartOf":{"@id":"https:\/\/breakthrought1d.eu\/nl\/#website"},"primaryImageOfPage":{"@id":"https:\/\/breakthrought1d.eu\/nl\/wetenschappelijk-onderzoek\/prof-dr-hans-brunner-la-rocca\/#primaryimage"},"image":{"@id":"https:\/\/breakthrought1d.eu\/nl\/wetenschappelijk-onderzoek\/prof-dr-hans-brunner-la-rocca\/#primaryimage"},"thumbnailUrl":"https:\/\/breakthrought1d.eu\/nl\/wp-content\/uploads\/2024\/12\/IMG_2227-edited-2.jpg","datePublished":"2024-12-11T08:38:41+00:00","dateModified":"2025-07-18T11:12:28+00:00","breadcrumb":{"@id":"https:\/\/breakthrought1d.eu\/nl\/wetenschappelijk-onderzoek\/prof-dr-hans-brunner-la-rocca\/#breadcrumb"},"inLanguage":"nl-NL","potentialAction":[{"@type":"ReadAction","target":["https:\/\/breakthrought1d.eu\/nl\/wetenschappelijk-onderzoek\/prof-dr-hans-brunner-la-rocca\/"]}]},{"@type":"ImageObject","inLanguage":"nl-NL","@id":"https:\/\/breakthrought1d.eu\/nl\/wetenschappelijk-onderzoek\/prof-dr-hans-brunner-la-rocca\/#primaryimage","url":"https:\/\/breakthrought1d.eu\/nl\/wp-content\/uploads\/2024\/12\/IMG_2227-edited-2.jpg","contentUrl":"https:\/\/breakthrought1d.eu\/nl\/wp-content\/uploads\/2024\/12\/IMG_2227-edited-2.jpg","width":1512,"height":1513},{"@type":"BreadcrumbList","@id":"https:\/\/breakthrought1d.eu\/nl\/wetenschappelijk-onderzoek\/prof-dr-hans-brunner-la-rocca\/#breadcrumb","itemListElement":[{"@type":"ListItem","position":1,"name":"Home","item":"https:\/\/breakthrought1d.eu\/nl\/"},{"@type":"ListItem","position":2,"name":"Wetenschappelijk onderzoek","item":"https:\/\/breakthrought1d.eu\/nl\/wetenschappelijk-onderzoek\/"},{"@type":"ListItem","position":3,"name":"Prof. dr. Hans-Peter Brunner-La Rocca &#8211; Maastricht Universiteit Medisch Centrum"}]},{"@type":"WebSite","@id":"https:\/\/breakthrought1d.eu\/nl\/#website","url":"https:\/\/breakthrought1d.eu\/nl\/","name":"Breakthrough T1D","description":"Wij zetten ons in voor een toekomst zonder T1D","publisher":{"@id":"https:\/\/breakthrought1d.eu\/nl\/#organization"},"potentialAction":[{"@type":"SearchAction","target":{"@type":"EntryPoint","urlTemplate":"https:\/\/breakthrought1d.eu\/nl\/?s={search_term_string}"},"query-input":{"@type":"PropertyValueSpecification","valueRequired":true,"valueName":"search_term_string"}}],"inLanguage":"nl-NL"},{"@type":"Organization","@id":"https:\/\/breakthrought1d.eu\/nl\/#organization","name":"Breakthrough T1D","url":"https:\/\/breakthrought1d.eu\/nl\/","logo":{"@type":"ImageObject","inLanguage":"nl-NL","@id":"https:\/\/breakthrought1d.eu\/nl\/#\/schema\/logo\/image\/","url":"https:\/\/breakthrought1d.eu\/nl\/wp-content\/uploads\/2024\/11\/BTlogo.png","contentUrl":"https:\/\/breakthrought1d.eu\/nl\/wp-content\/uploads\/2024\/11\/BTlogo.png","width":330,"height":141,"caption":"Breakthrough T1D"},"image":{"@id":"https:\/\/breakthrought1d.eu\/nl\/#\/schema\/logo\/image\/"}}]}},"_links":{"self":[{"href":"https:\/\/breakthrought1d.eu\/nl\/wp-json\/wp\/v2\/pages\/9345","targetHints":{"allow":["GET"]}}],"collection":[{"href":"https:\/\/breakthrought1d.eu\/nl\/wp-json\/wp\/v2\/pages"}],"about":[{"href":"https:\/\/breakthrought1d.eu\/nl\/wp-json\/wp\/v2\/types\/page"}],"author":[{"embeddable":true,"href":"https:\/\/breakthrought1d.eu\/nl\/wp-json\/wp\/v2\/users\/5"}],"replies":[{"embeddable":true,"href":"https:\/\/breakthrought1d.eu\/nl\/wp-json\/wp\/v2\/comments?post=9345"}],"version-history":[{"count":9,"href":"https:\/\/breakthrought1d.eu\/nl\/wp-json\/wp\/v2\/pages\/9345\/revisions"}],"predecessor-version":[{"id":10312,"href":"https:\/\/breakthrought1d.eu\/nl\/wp-json\/wp\/v2\/pages\/9345\/revisions\/10312"}],"up":[{"embeddable":true,"href":"https:\/\/breakthrought1d.eu\/nl\/wp-json\/wp\/v2\/pages\/1437"}],"wp:featuredmedia":[{"embeddable":true,"href":"https:\/\/breakthrought1d.eu\/nl\/wp-json\/wp\/v2\/media\/9282"}],"wp:attachment":[{"href":"https:\/\/breakthrought1d.eu\/nl\/wp-json\/wp\/v2\/media?parent=9345"}],"curies":[{"name":"wp","href":"https:\/\/api.w.org\/{rel}","templated":true}]}}